{"id":88546,"date":"2013-11-05T11:04:10","date_gmt":"2013-11-05T10:04:10","guid":{"rendered":"https:\/\/www.seaflowerstore.com\/nl\/zeozym-250-gram-kz\/"},"modified":"2024-03-20T16:18:42","modified_gmt":"2024-03-20T15:18:42","slug":"zeozym-250-gram-kz","status":"publish","type":"product","link":"https:\/\/www.seaflowerstore.com\/de\/zeozym-250-gram-kz\/","title":{"rendered":"ZEOzym &#8211; 250 gram (KZ)"},"content":{"rendered":"<h2>ZEOzym &#8211; 250 grams of KorallenZucht is based on working with enzymes and is 100% organic<\/h2>\n<p>ZEOzym wirkt unter anderem gegen Flusenalgen und Rotlappenalgen.<\/p>\n<p>F\u00fcr eine t\u00e4gliche Dosierung in einem 1000 Liter Aquarium, bis die Algen verschwunden sind, gehen Sie folgenderma\u00dfen vor:<\/p>\n<ul>\n<li>1 Teel\u00f6ffel ZEOzym in 0,5 Liter Osmosewasser aufl\u00f6sen.<\/li>\n<li>Gut sch\u00fctteln und nach ca. 8 Stunden ins Aquarium geben.<\/li>\n<\/ul>\n<p>Wichtig ist, auf den Eiwei\u00dfabsch\u00e4umer zu achten, da dieser m\u00f6glicherweise zus\u00e4tzlich absch\u00e4umt und h\u00e4ufiger kontrolliert werden muss.<\/p>\n<p>ZEOzym arbeitet auf Enzymbasis und ist vollkommen organisch.<\/p>\n","protected":false},"excerpt":{"rendered":"<p>ZEOzym &#8211; 250 grams of KorallenZucht is based on working with enzymes and is 100% organic<\/p>\n","protected":false},"featured_media":77502,"template":"","meta":[],"pwb-brand":[2159],"product_cat":[1391],"product_tag":[],"class_list":{"0":"post-88546","1":"product","2":"type-product","3":"status-publish","4":"has-post-thumbnail","6":"pwb-brand-korallen-zucht","7":"product_cat-ergaenzungen","9":"first","10":"instock","11":"sale","12":"taxable","13":"shipping-taxable","14":"purchasable","15":"product-type-simple"},"acf":[],"brands":[{"id":2159,"name":"Korallen Zucht","slug":"korallen-zucht"}],"_links":{"self":[{"href":"https:\/\/www.seaflowerstore.com\/de\/wp-json\/wp\/v2\/product\/88546","targetHints":{"allow":["GET"]}}],"collection":[{"href":"https:\/\/www.seaflowerstore.com\/de\/wp-json\/wp\/v2\/product"}],"about":[{"href":"https:\/\/www.seaflowerstore.com\/de\/wp-json\/wp\/v2\/types\/product"}],"wp:featuredmedia":[{"embeddable":true,"href":"https:\/\/www.seaflowerstore.com\/de\/wp-json\/wp\/v2\/media\/77502"}],"wp:attachment":[{"href":"https:\/\/www.seaflowerstore.com\/de\/wp-json\/wp\/v2\/media?parent=88546"}],"wp:term":[{"taxonomy":"pwb-brand","embeddable":true,"href":"https:\/\/www.seaflowerstore.com\/de\/wp-json\/wp\/v2\/pwb-brand?post=88546"},{"taxonomy":"product_cat","embeddable":true,"href":"https:\/\/www.seaflowerstore.com\/de\/wp-json\/wp\/v2\/product_cat?post=88546"},{"taxonomy":"product_tag","embeddable":true,"href":"https:\/\/www.seaflowerstore.com\/de\/wp-json\/wp\/v2\/product_tag?post=88546"}],"curies":[{"name":"wp","href":"https:\/\/api.w.org\/{rel}","templated":true}]}}