{"id":88547,"date":"2013-11-05T11:02:39","date_gmt":"2013-11-05T11:02:39","guid":{"rendered":"https:\/\/www.seaflowerstore.com\/nl\/pohls-xtra-special-1000ml-kz\/"},"modified":"2024-03-20T16:18:38","modified_gmt":"2024-03-20T15:18:38","slug":"pohls-xtra-special-1000ml-kz","status":"publish","type":"product","link":"https:\/\/www.seaflowerstore.com\/de\/pohls-xtra-special-1000ml-kz\/","title":{"rendered":"Pohl&#8217;s Xtra special &#8211; 1000ml (KZ)"},"content":{"rendered":"<h2>Korallen Zucht Pohls Xtra special 1000ml is the development of Pohl\u2019s Xtra for very low nutrient tanks with pale corals without deep coloration<\/h2>\n<p>Pohl&#8217;s Xtra Special wurde speziell f\u00fcr diejenigen entwickelt, die Aquarien mit sehr geringem N\u00e4hrstoffgehalt pflegen. Es hilft, die Farbenpracht zu verbessern, das Wachstum anzukurbeln und die Vitalit\u00e4t Ihrer Korallen zu st\u00e4rken.<\/p>\n<p><strong>Dosierung:<\/strong> Sie sollten t\u00e4glich 1 ml pro 100 Liter oder 25 Gallonen verwenden.<\/p>\n","protected":false},"excerpt":{"rendered":"<p>Korallen Zucht Pohl&#8217;s Xtra special 1000ml is the development of Pohl\u2019s Xtra for very low nutrient tanks with pale corals without deep coloration<\/p>\n","protected":false},"featured_media":77496,"template":"","meta":[],"pwb-brand":[2159],"product_cat":[1391],"product_tag":[],"class_list":{"0":"post-88547","1":"product","2":"type-product","3":"status-publish","4":"has-post-thumbnail","6":"pwb-brand-korallen-zucht","7":"product_cat-ergaenzungen","9":"first","10":"instock","11":"sale","12":"taxable","13":"shipping-taxable","14":"purchasable","15":"product-type-simple"},"acf":[],"brands":[{"id":2159,"name":"Korallen Zucht","slug":"korallen-zucht"}],"_links":{"self":[{"href":"https:\/\/www.seaflowerstore.com\/de\/wp-json\/wp\/v2\/product\/88547","targetHints":{"allow":["GET"]}}],"collection":[{"href":"https:\/\/www.seaflowerstore.com\/de\/wp-json\/wp\/v2\/product"}],"about":[{"href":"https:\/\/www.seaflowerstore.com\/de\/wp-json\/wp\/v2\/types\/product"}],"wp:featuredmedia":[{"embeddable":true,"href":"https:\/\/www.seaflowerstore.com\/de\/wp-json\/wp\/v2\/media\/77496"}],"wp:attachment":[{"href":"https:\/\/www.seaflowerstore.com\/de\/wp-json\/wp\/v2\/media?parent=88547"}],"wp:term":[{"taxonomy":"pwb-brand","embeddable":true,"href":"https:\/\/www.seaflowerstore.com\/de\/wp-json\/wp\/v2\/pwb-brand?post=88547"},{"taxonomy":"product_cat","embeddable":true,"href":"https:\/\/www.seaflowerstore.com\/de\/wp-json\/wp\/v2\/product_cat?post=88547"},{"taxonomy":"product_tag","embeddable":true,"href":"https:\/\/www.seaflowerstore.com\/de\/wp-json\/wp\/v2\/product_tag?post=88547"}],"curies":[{"name":"wp","href":"https:\/\/api.w.org\/{rel}","templated":true}]}}