{"id":88548,"date":"2013-11-05T11:02:36","date_gmt":"2013-11-05T10:02:36","guid":{"rendered":"https:\/\/www.seaflowerstore.com\/nl\/pohls-xtra-special-500ml-kz\/"},"modified":"2024-03-20T16:18:37","modified_gmt":"2024-03-20T15:18:37","slug":"pohls-xtra-special-500ml-kz","status":"publish","type":"product","link":"https:\/\/www.seaflowerstore.com\/de\/pohls-xtra-special-500ml-kz\/","title":{"rendered":"Pohl&#8217;s Xtra special &#8211; 500ml (KZ)"},"content":{"rendered":"<h2>Pohl&#8217;s Xtra special &#8211; 500ml (KZ)<\/h2>\n<p>Korallen Zucht Pohl&#8217;s Xtra special &#8211; 500ml ist speziell f\u00fcr Aquarien mit sehr niedrigem N\u00e4hrstoffgehalt konzipiert, was h\u00e4ufig zu blassen Korallen ohne satte F\u00e4rbung f\u00fchrt. Dieses Produkt verst\u00e4rkt die F\u00e4rbung, f\u00f6rdert das Wachstum und steigert die Vitalit\u00e4t.<\/p>\n<p><strong>Dosierung:<\/strong> Verwenden Sie t\u00e4glich 1 ml pro 100 Liter oder 25 Gallonen.<\/p>\n","protected":false},"excerpt":{"rendered":"<p>Korallen Zucht Pohl&#8217;s Xtra special 500ml is the development of Pohl\u2019s Xtra for very low nutrient tanks with pale corals without deep coloration<\/p>\n","protected":false},"featured_media":77495,"template":"","meta":[],"pwb-brand":[2159],"product_cat":[1391],"product_tag":[],"class_list":{"0":"post-88548","1":"product","2":"type-product","3":"status-publish","4":"has-post-thumbnail","6":"pwb-brand-korallen-zucht","7":"product_cat-ergaenzungen","9":"first","10":"instock","11":"sale","12":"taxable","13":"shipping-taxable","14":"purchasable","15":"product-type-simple"},"acf":[],"brands":[{"id":2159,"name":"Korallen Zucht","slug":"korallen-zucht"}],"_links":{"self":[{"href":"https:\/\/www.seaflowerstore.com\/de\/wp-json\/wp\/v2\/product\/88548","targetHints":{"allow":["GET"]}}],"collection":[{"href":"https:\/\/www.seaflowerstore.com\/de\/wp-json\/wp\/v2\/product"}],"about":[{"href":"https:\/\/www.seaflowerstore.com\/de\/wp-json\/wp\/v2\/types\/product"}],"wp:featuredmedia":[{"embeddable":true,"href":"https:\/\/www.seaflowerstore.com\/de\/wp-json\/wp\/v2\/media\/77495"}],"wp:attachment":[{"href":"https:\/\/www.seaflowerstore.com\/de\/wp-json\/wp\/v2\/media?parent=88548"}],"wp:term":[{"taxonomy":"pwb-brand","embeddable":true,"href":"https:\/\/www.seaflowerstore.com\/de\/wp-json\/wp\/v2\/pwb-brand?post=88548"},{"taxonomy":"product_cat","embeddable":true,"href":"https:\/\/www.seaflowerstore.com\/de\/wp-json\/wp\/v2\/product_cat?post=88548"},{"taxonomy":"product_tag","embeddable":true,"href":"https:\/\/www.seaflowerstore.com\/de\/wp-json\/wp\/v2\/product_tag?post=88548"}],"curies":[{"name":"wp","href":"https:\/\/api.w.org\/{rel}","templated":true}]}}