{"id":88549,"date":"2013-11-05T11:02:33","date_gmt":"2013-11-05T10:02:33","guid":{"rendered":"https:\/\/www.seaflowerstore.com\/nl\/pohls-xtra-special-250ml-kz\/"},"modified":"2024-03-20T16:18:36","modified_gmt":"2024-03-20T15:18:36","slug":"pohls-xtra-special-250ml-kz","status":"publish","type":"product","link":"https:\/\/www.seaflowerstore.com\/de\/pohls-xtra-special-250ml-kz\/","title":{"rendered":"Pohl&#8217;s Xtra special &#8211; 250ml (KZ)"},"content":{"rendered":"<h2>Pohl&#8217;s Xtra special &#8211; 250ml (KZ)<\/h2>\n<p>Korallen Zucht Pohls Xtra special &#8211; 250ml ist eine fortschrittliche Formel f\u00fcr Aquarien mit sehr niedrigem N\u00e4hrstoffgehalt, die besonders hellen Korallen ohne kr\u00e4ftige F\u00e4rbung zugutekommt.<\/p>\n<p>Dieses Produkt <strong>verbessert die F\u00e4rbung<\/strong>, <strong>f\u00f6rdert das Wachstum<\/strong> und <strong>st\u00e4rkt die Vitalit\u00e4t<\/strong>.<\/p>\n<p><strong>Dosierung:<\/strong> 1 ml pro 100 L \/ 25 Gallonen t\u00e4glich.<\/p>\n","protected":false},"excerpt":{"rendered":"<p>Korallen Zucht Pohl&#8217;s Xtra special &#8211; 250ml is the development of Pohl\u2019s Xtra for very low nutrient tanks with pale corals without deep coloration<\/p>\n","protected":false},"featured_media":77493,"template":"","meta":[],"pwb-brand":[2159],"product_cat":[1391],"product_tag":[],"class_list":{"0":"post-88549","1":"product","2":"type-product","3":"status-publish","4":"has-post-thumbnail","6":"pwb-brand-korallen-zucht","7":"product_cat-ergaenzungen","9":"first","10":"instock","11":"sale","12":"taxable","13":"shipping-taxable","14":"purchasable","15":"product-type-simple"},"acf":[],"brands":[{"id":2159,"name":"Korallen Zucht","slug":"korallen-zucht"}],"_links":{"self":[{"href":"https:\/\/www.seaflowerstore.com\/de\/wp-json\/wp\/v2\/product\/88549","targetHints":{"allow":["GET"]}}],"collection":[{"href":"https:\/\/www.seaflowerstore.com\/de\/wp-json\/wp\/v2\/product"}],"about":[{"href":"https:\/\/www.seaflowerstore.com\/de\/wp-json\/wp\/v2\/types\/product"}],"wp:featuredmedia":[{"embeddable":true,"href":"https:\/\/www.seaflowerstore.com\/de\/wp-json\/wp\/v2\/media\/77493"}],"wp:attachment":[{"href":"https:\/\/www.seaflowerstore.com\/de\/wp-json\/wp\/v2\/media?parent=88549"}],"wp:term":[{"taxonomy":"pwb-brand","embeddable":true,"href":"https:\/\/www.seaflowerstore.com\/de\/wp-json\/wp\/v2\/pwb-brand?post=88549"},{"taxonomy":"product_cat","embeddable":true,"href":"https:\/\/www.seaflowerstore.com\/de\/wp-json\/wp\/v2\/product_cat?post=88549"},{"taxonomy":"product_tag","embeddable":true,"href":"https:\/\/www.seaflowerstore.com\/de\/wp-json\/wp\/v2\/product_tag?post=88549"}],"curies":[{"name":"wp","href":"https:\/\/api.w.org\/{rel}","templated":true}]}}