{"id":88551,"date":"2013-11-05T11:02:25","date_gmt":"2013-11-05T10:02:25","guid":{"rendered":"https:\/\/www.seaflowerstore.com\/nl\/pohls-xtra-500-ml-kz\/"},"modified":"2024-03-20T16:18:30","modified_gmt":"2024-03-20T15:18:30","slug":"pohls-xtra-500-ml-kz","status":"publish","type":"product","link":"https:\/\/www.seaflowerstore.com\/de\/pohls-xtra-500-ml-kz\/","title":{"rendered":"Pohl&#8217;s Xtra &#8211; 500 ml (KZ)"},"content":{"rendered":"<h2>Korallen Zucht Pohls Xtra 500 ml enhances the colors of your stony corals<\/h2>\n<p>Korallen Zucht Pohls Xtra 500 ml wurde entwickelt, um die leuchtenden Farben Ihrer Steinkorallen zu verst\u00e4rken. Dieses Produkt verbessert die Farbgebung aller Korallenarten deutlich, f\u00f6rdert ein beeindruckendes Wachstum und steigert ihre Vitalit\u00e4t sichtbar.<\/p>\n<p><strong>Dosierung:<\/strong> Es wird empfohlen, t\u00e4glich 1 ml pro 100 Liter zu verwenden.<\/p>\n","protected":false},"excerpt":{"rendered":"<p>Korallen Zucht Pohl&#8217;s Xtra 500 ml enhances the colors of your stony corals<\/p>\n","protected":false},"featured_media":77489,"template":"","meta":[],"pwb-brand":[2159],"product_cat":[1391],"product_tag":[],"class_list":{"0":"post-88551","1":"product","2":"type-product","3":"status-publish","4":"has-post-thumbnail","6":"pwb-brand-korallen-zucht","7":"product_cat-ergaenzungen","9":"first","10":"instock","11":"sale","12":"taxable","13":"shipping-taxable","14":"purchasable","15":"product-type-simple"},"acf":[],"brands":[{"id":2159,"name":"Korallen Zucht","slug":"korallen-zucht"}],"_links":{"self":[{"href":"https:\/\/www.seaflowerstore.com\/de\/wp-json\/wp\/v2\/product\/88551","targetHints":{"allow":["GET"]}}],"collection":[{"href":"https:\/\/www.seaflowerstore.com\/de\/wp-json\/wp\/v2\/product"}],"about":[{"href":"https:\/\/www.seaflowerstore.com\/de\/wp-json\/wp\/v2\/types\/product"}],"wp:featuredmedia":[{"embeddable":true,"href":"https:\/\/www.seaflowerstore.com\/de\/wp-json\/wp\/v2\/media\/77489"}],"wp:attachment":[{"href":"https:\/\/www.seaflowerstore.com\/de\/wp-json\/wp\/v2\/media?parent=88551"}],"wp:term":[{"taxonomy":"pwb-brand","embeddable":true,"href":"https:\/\/www.seaflowerstore.com\/de\/wp-json\/wp\/v2\/pwb-brand?post=88551"},{"taxonomy":"product_cat","embeddable":true,"href":"https:\/\/www.seaflowerstore.com\/de\/wp-json\/wp\/v2\/product_cat?post=88551"},{"taxonomy":"product_tag","embeddable":true,"href":"https:\/\/www.seaflowerstore.com\/de\/wp-json\/wp\/v2\/product_tag?post=88551"}],"curies":[{"name":"wp","href":"https:\/\/api.w.org\/{rel}","templated":true}]}}