{"id":88552,"date":"2013-11-05T11:02:22","date_gmt":"2013-11-05T10:02:22","guid":{"rendered":"https:\/\/www.seaflowerstore.com\/nl\/pohls-xtra-250-ml-kz\/"},"modified":"2024-03-20T16:18:29","modified_gmt":"2024-03-20T15:18:29","slug":"pohls-xtra-250-ml-kz","status":"publish","type":"product","link":"https:\/\/www.seaflowerstore.com\/de\/pohls-xtra-250-ml-kz\/","title":{"rendered":"Pohl&#8217;s Xtra &#8211; 250 ml (KZ)"},"content":{"rendered":"<h2>Korallen Zucht Pohls Xtra 250 ml enhances the colors of your stony corals<\/h2>\n<p>M\u00f6chten Sie die leuchtenden Farben Ihrer Steinkorallen hervorheben? Dann sind Sie hier richtig! Dieses Produkt verst\u00e4rkt alle Farben deutlich und f\u00f6rdert beeindruckendes Korallenwachstum. Sie werden auch eine sichtbare Verbesserung der Vitalit\u00e4t Ihrer Korallen feststellen.<\/p>\n<p><strong>Dosierung:<\/strong> Geben Sie t\u00e4glich 1 ml pro 100 Liter Wasser hinzu, um optimale Ergebnisse zu erzielen.<\/p>\n","protected":false},"excerpt":{"rendered":"<p>Korallen Zucht Pohl&#8217;s Xtra 250 ml enhances the colors of your stony corals<\/p>\n","protected":false},"featured_media":77487,"template":"","meta":[],"pwb-brand":[2159],"product_cat":[1391],"product_tag":[],"class_list":{"0":"post-88552","1":"product","2":"type-product","3":"status-publish","4":"has-post-thumbnail","6":"pwb-brand-korallen-zucht","7":"product_cat-ergaenzungen","9":"first","10":"instock","11":"sale","12":"taxable","13":"shipping-taxable","14":"purchasable","15":"product-type-simple"},"acf":[],"brands":[{"id":2159,"name":"Korallen Zucht","slug":"korallen-zucht"}],"_links":{"self":[{"href":"https:\/\/www.seaflowerstore.com\/de\/wp-json\/wp\/v2\/product\/88552","targetHints":{"allow":["GET"]}}],"collection":[{"href":"https:\/\/www.seaflowerstore.com\/de\/wp-json\/wp\/v2\/product"}],"about":[{"href":"https:\/\/www.seaflowerstore.com\/de\/wp-json\/wp\/v2\/types\/product"}],"wp:featuredmedia":[{"embeddable":true,"href":"https:\/\/www.seaflowerstore.com\/de\/wp-json\/wp\/v2\/media\/77487"}],"wp:attachment":[{"href":"https:\/\/www.seaflowerstore.com\/de\/wp-json\/wp\/v2\/media?parent=88552"}],"wp:term":[{"taxonomy":"pwb-brand","embeddable":true,"href":"https:\/\/www.seaflowerstore.com\/de\/wp-json\/wp\/v2\/pwb-brand?post=88552"},{"taxonomy":"product_cat","embeddable":true,"href":"https:\/\/www.seaflowerstore.com\/de\/wp-json\/wp\/v2\/product_cat?post=88552"},{"taxonomy":"product_tag","embeddable":true,"href":"https:\/\/www.seaflowerstore.com\/de\/wp-json\/wp\/v2\/product_tag?post=88552"}],"curies":[{"name":"wp","href":"https:\/\/api.w.org\/{rel}","templated":true}]}}