{"id":88554,"date":"2013-11-05T10:59:29","date_gmt":"2013-11-05T09:59:29","guid":{"rendered":"https:\/\/www.seaflowerstore.com\/nl\/magnesium-complex-concentrate-1000-ml-kz\/"},"modified":"2024-03-20T16:18:22","modified_gmt":"2024-03-20T15:18:22","slug":"magnesium-complex-concentrate-1000-ml-kz","status":"publish","type":"product","link":"https:\/\/www.seaflowerstore.com\/de\/magnesium-complex-concentrate-1000-ml-kz\/","title":{"rendered":"Magnesium Complex Concentrate &#8211; 1000 ml (KZ)"},"content":{"rendered":"<h2>Korallen Zucht Magnesium Complex Concentrate 1000ml is an important element for stony corals and calcareous algae<\/h2>\n<p>Das <strong>Korallen Zucht Magnesium Complex Konzentrat 1000 ml<\/strong> ist f\u00fcr die Gesundheit von Steinkorallen und Kalkalgen unverzichtbar. Es wird f\u00fcr die Verwendung in jedem Tanksystem dringend empfohlen.<\/p>\n<p>Der optimale Magnesiumgehalt f\u00fcr Ihr Aquarium sollte zwischen <strong>1200 \u2013 1280 mg\/L<\/strong> liegen. F\u00fcr optimale Ergebnisse sollten Sie t\u00e4glich <strong>3 ml pro 1000 Liter (oder 250 Gallonen) dosieren<\/strong>. Wir empfehlen au\u00dferdem, regelm\u00e4\u00dfig Wassertests durchzuf\u00fchren, um sicherzustellen, dass Ihre Werte genau richtig sind.<\/p>\n<p>Bitte denken Sie daran, dass dieses Produkt <strong>nicht zum menschlichen Verzehr<\/strong> bestimmt ist.<\/p>\n","protected":false},"excerpt":{"rendered":"<p>Korallen Zucht Magnesium Complex Concentrate is an important element for stony corals and calcareous algae<\/p>\n","protected":false},"featured_media":77472,"template":"","meta":[],"pwb-brand":[2159],"product_cat":[1391],"product_tag":[],"class_list":{"0":"post-88554","1":"product","2":"type-product","3":"status-publish","4":"has-post-thumbnail","6":"pwb-brand-korallen-zucht","7":"product_cat-ergaenzungen","9":"first","10":"instock","11":"sale","12":"taxable","13":"shipping-taxable","14":"purchasable","15":"product-type-simple"},"acf":[],"brands":[{"id":2159,"name":"Korallen Zucht","slug":"korallen-zucht"}],"_links":{"self":[{"href":"https:\/\/www.seaflowerstore.com\/de\/wp-json\/wp\/v2\/product\/88554","targetHints":{"allow":["GET"]}}],"collection":[{"href":"https:\/\/www.seaflowerstore.com\/de\/wp-json\/wp\/v2\/product"}],"about":[{"href":"https:\/\/www.seaflowerstore.com\/de\/wp-json\/wp\/v2\/types\/product"}],"wp:featuredmedia":[{"embeddable":true,"href":"https:\/\/www.seaflowerstore.com\/de\/wp-json\/wp\/v2\/media\/77472"}],"wp:attachment":[{"href":"https:\/\/www.seaflowerstore.com\/de\/wp-json\/wp\/v2\/media?parent=88554"}],"wp:term":[{"taxonomy":"pwb-brand","embeddable":true,"href":"https:\/\/www.seaflowerstore.com\/de\/wp-json\/wp\/v2\/pwb-brand?post=88554"},{"taxonomy":"product_cat","embeddable":true,"href":"https:\/\/www.seaflowerstore.com\/de\/wp-json\/wp\/v2\/product_cat?post=88554"},{"taxonomy":"product_tag","embeddable":true,"href":"https:\/\/www.seaflowerstore.com\/de\/wp-json\/wp\/v2\/product_tag?post=88554"}],"curies":[{"name":"wp","href":"https:\/\/api.w.org\/{rel}","templated":true}]}}