{"id":88555,"date":"2013-11-05T10:59:26","date_gmt":"2013-11-05T09:59:26","guid":{"rendered":"https:\/\/www.seaflowerstore.com\/nl\/magnesium-complex-500-ml-kz\/"},"modified":"2024-03-20T16:18:21","modified_gmt":"2024-03-20T15:18:21","slug":"magnesium-complex-500-ml-kz","status":"publish","type":"product","link":"https:\/\/www.seaflowerstore.com\/de\/magnesium-complex-500-ml-kz\/","title":{"rendered":"Magnesium Complex &#8211; 500 ml (KZ)"},"content":{"rendered":"<h2>Korallen Zucht Magnesium Complex &#8211; 500 ml Important element for stony corals and calcareous algae<\/h2>\n<p>Magnesium ist ein essentielles Element f\u00fcr Steinkorallen und Kalkalgen. Es wird f\u00fcr die Verwendung in jedem Tanksystem dringend empfohlen.<\/p>\n<p><strong>Dosierung:<\/strong> Verwenden Sie t\u00e4glich 3 ml pro 200 Liter (oder 50 Gallonen). Wir empfehlen au\u00dferdem, regelm\u00e4\u00dfig Wassertests durchzuf\u00fchren, um optimale Bedingungen sicherzustellen.<\/p>\n","protected":false},"excerpt":{"rendered":"<p>Korallen Zucht Magnesium Complex 500 ml Important element for stony corals and calcareous algae<\/p>\n","protected":false},"featured_media":77470,"template":"","meta":[],"pwb-brand":[2159],"product_cat":[1391],"product_tag":[],"class_list":{"0":"post-88555","1":"product","2":"type-product","3":"status-publish","4":"has-post-thumbnail","6":"pwb-brand-korallen-zucht","7":"product_cat-ergaenzungen","9":"first","10":"instock","11":"sale","12":"taxable","13":"shipping-taxable","14":"purchasable","15":"product-type-simple"},"acf":[],"brands":[{"id":2159,"name":"Korallen Zucht","slug":"korallen-zucht"}],"_links":{"self":[{"href":"https:\/\/www.seaflowerstore.com\/de\/wp-json\/wp\/v2\/product\/88555","targetHints":{"allow":["GET"]}}],"collection":[{"href":"https:\/\/www.seaflowerstore.com\/de\/wp-json\/wp\/v2\/product"}],"about":[{"href":"https:\/\/www.seaflowerstore.com\/de\/wp-json\/wp\/v2\/types\/product"}],"wp:featuredmedia":[{"embeddable":true,"href":"https:\/\/www.seaflowerstore.com\/de\/wp-json\/wp\/v2\/media\/77470"}],"wp:attachment":[{"href":"https:\/\/www.seaflowerstore.com\/de\/wp-json\/wp\/v2\/media?parent=88555"}],"wp:term":[{"taxonomy":"pwb-brand","embeddable":true,"href":"https:\/\/www.seaflowerstore.com\/de\/wp-json\/wp\/v2\/pwb-brand?post=88555"},{"taxonomy":"product_cat","embeddable":true,"href":"https:\/\/www.seaflowerstore.com\/de\/wp-json\/wp\/v2\/product_cat?post=88555"},{"taxonomy":"product_tag","embeddable":true,"href":"https:\/\/www.seaflowerstore.com\/de\/wp-json\/wp\/v2\/product_tag?post=88555"}],"curies":[{"name":"wp","href":"https:\/\/api.w.org\/{rel}","templated":true}]}}