{"id":88559,"date":"2013-11-05T10:55:42","date_gmt":"2013-11-05T09:55:42","guid":{"rendered":"https:\/\/www.seaflowerstore.com\/nl\/amino-acid-fish-50ml-kz\/"},"modified":"2024-03-20T16:18:15","modified_gmt":"2024-03-20T15:18:15","slug":"amino-acid-fish-50ml-kz","status":"publish","type":"product","link":"https:\/\/www.seaflowerstore.com\/de\/amino-acid-fish-50ml-kz\/","title":{"rendered":"Amino Acid Fish &#8211; 50ml (KZ)"},"content":{"rendered":"<h2>Korallen Zucht Amino Acid Fish 50ml Supports Fishes recover after any illness, improves immune response, reduces susceptibility to illness<\/h2>\n<p><strong>Amino Acid Fish<\/strong> wurde entwickelt, um die Genesung von Fischen nach jeder Krankheit zu unterst\u00fctzen. Es verbessert ihre Immunreaktion und verringert ihre Anf\u00e4lligkeit f\u00fcr Krankheiten. Dieses Produkt erg\u00e4nzt Aminos\u00e4uren, die Fische m\u00f6glicherweise nicht in ausreichender Menge produzieren k\u00f6nnen.<\/p>\n<p>Dar\u00fcber hinaus erh\u00f6ht es die allgemeine \u00dcberlebensrate junger Fische und f\u00f6rdert eine deutlich bessere F\u00e4rbung und ein besseres Wachstum. Auch erwachsene Fische profitieren davon, da es eine verbesserte Farbgebung f\u00f6rdert und Mangelern\u00e4hrung effektiver kompensiert.<\/p>\n<p><strong>Zubereitung<\/strong><\/p>\n<ul>\n<li><strong>Trockenfutter (Pellets):<\/strong> Das Futterprodukt vollst\u00e4ndig in Wasser und Aminos\u00e4uren einweichen lassen.<\/li>\n<li><strong>Gefrierfutter:<\/strong> Das Futter mit Aminos\u00e4urekonzentrat Fisch mischen und gr\u00fcndlich vermengen.<\/li>\n<\/ul>\n<p><strong>Dosierung:<\/strong><\/p>\n<ul>\n<li><em>Jungfische bis 10 Wochen:<\/em> T\u00e4glich 1 Tropfen pro 10 g Futter hinzuf\u00fcgen.<\/li>\n<li><em>3 Monate und \u00e4lter:<\/em> 1-2 Mal w\u00f6chentlich 1 Tropfen pro 10 g Futter.<\/li>\n<\/ul>\n","protected":false},"excerpt":{"rendered":"<p>Korallen Zucht Amino Acid Fish 50ml Supports Fishes recover after any illness, improves immune response, reduces susceptibility to illness<\/p>\n","protected":false},"featured_media":77462,"template":"","meta":[],"pwb-brand":[2159],"product_cat":[1391],"product_tag":[],"class_list":{"0":"post-88559","1":"product","2":"type-product","3":"status-publish","4":"has-post-thumbnail","6":"pwb-brand-korallen-zucht","7":"product_cat-ergaenzungen","9":"first","10":"instock","11":"sale","12":"taxable","13":"shipping-taxable","14":"purchasable","15":"product-type-simple"},"acf":[],"brands":[{"id":2159,"name":"Korallen Zucht","slug":"korallen-zucht"}],"_links":{"self":[{"href":"https:\/\/www.seaflowerstore.com\/de\/wp-json\/wp\/v2\/product\/88559","targetHints":{"allow":["GET"]}}],"collection":[{"href":"https:\/\/www.seaflowerstore.com\/de\/wp-json\/wp\/v2\/product"}],"about":[{"href":"https:\/\/www.seaflowerstore.com\/de\/wp-json\/wp\/v2\/types\/product"}],"wp:featuredmedia":[{"embeddable":true,"href":"https:\/\/www.seaflowerstore.com\/de\/wp-json\/wp\/v2\/media\/77462"}],"wp:attachment":[{"href":"https:\/\/www.seaflowerstore.com\/de\/wp-json\/wp\/v2\/media?parent=88559"}],"wp:term":[{"taxonomy":"pwb-brand","embeddable":true,"href":"https:\/\/www.seaflowerstore.com\/de\/wp-json\/wp\/v2\/pwb-brand?post=88559"},{"taxonomy":"product_cat","embeddable":true,"href":"https:\/\/www.seaflowerstore.com\/de\/wp-json\/wp\/v2\/product_cat?post=88559"},{"taxonomy":"product_tag","embeddable":true,"href":"https:\/\/www.seaflowerstore.com\/de\/wp-json\/wp\/v2\/product_tag?post=88559"}],"curies":[{"name":"wp","href":"https:\/\/api.w.org\/{rel}","templated":true}]}}