{"id":88564,"date":"2013-11-05T10:45:54","date_gmt":"2013-11-05T09:45:54","guid":{"rendered":"https:\/\/www.seaflowerstore.com\/nl\/spongepower-100ml-kz\/"},"modified":"2025-05-20T14:34:16","modified_gmt":"2025-05-20T12:34:16","slug":"spongepower-100ml-kz","status":"publish","type":"product","link":"https:\/\/www.seaflowerstore.com\/de\/spongepower-100ml-kz\/","title":{"rendered":"Spongepower &#8211; 100ml (KZ)"},"content":{"rendered":"<h2>Spongepower &#8211; 100ml (KZ)<\/h2>\n<p><strong>Korallen Zucht Sponge power 100ml<\/strong> ist ein einzigartiges Futter, das speziell f\u00fcr Schw\u00e4mme, Tridacnas und Seescheiden entwickelt wurde. Dieses Produkt f\u00f6rdert das Wachstum dieser Organismen, was ihre Wasserreinigungsf\u00e4higkeiten erheblich unterst\u00fctzt und die allgemeine Wasserqualit\u00e4t verbessert.<\/p>\n<p>Wenn Sie Sponge power verwenden, werden Sie feststellen, dass SPS-Korallen l\u00e4ngere, farbenfrohere Wachstumsspitzen entwickeln, wobei die Farbe Lila bei allen SPS-Sorten besonders hervorgehoben wird. Dar\u00fcber hinaus wird die Erholung besch\u00e4digter Korallen deutlich verbessert.<\/p>\n<p><strong>Dosierungsanleitung:<\/strong><\/p>\n<ul>\n<li>1 Tropfen pro 25 Gallonen Wasser anwenden.<\/li>\n<li>Alternativ verwenden Sie 1 ml pro 500 Gallonen t\u00e4glich.<\/li>\n<\/ul>\n","protected":false},"excerpt":{"rendered":"<p>KorallenZucht Sponge power 100ml is a special food for sponges, tridacnas and sea squirt<\/p>\n","protected":false},"featured_media":77440,"template":"","meta":[],"pwb-brand":[2159],"product_cat":[1391],"product_tag":[],"class_list":{"0":"post-88564","1":"product","2":"type-product","3":"status-publish","4":"has-post-thumbnail","6":"pwb-brand-korallen-zucht","7":"product_cat-ergaenzungen","9":"first","10":"instock","11":"sale","12":"taxable","13":"shipping-taxable","14":"purchasable","15":"product-type-simple"},"acf":[],"brands":[{"id":2159,"name":"Korallen Zucht","slug":"korallen-zucht"}],"_links":{"self":[{"href":"https:\/\/www.seaflowerstore.com\/de\/wp-json\/wp\/v2\/product\/88564","targetHints":{"allow":["GET"]}}],"collection":[{"href":"https:\/\/www.seaflowerstore.com\/de\/wp-json\/wp\/v2\/product"}],"about":[{"href":"https:\/\/www.seaflowerstore.com\/de\/wp-json\/wp\/v2\/types\/product"}],"wp:featuredmedia":[{"embeddable":true,"href":"https:\/\/www.seaflowerstore.com\/de\/wp-json\/wp\/v2\/media\/77440"}],"wp:attachment":[{"href":"https:\/\/www.seaflowerstore.com\/de\/wp-json\/wp\/v2\/media?parent=88564"}],"wp:term":[{"taxonomy":"pwb-brand","embeddable":true,"href":"https:\/\/www.seaflowerstore.com\/de\/wp-json\/wp\/v2\/pwb-brand?post=88564"},{"taxonomy":"product_cat","embeddable":true,"href":"https:\/\/www.seaflowerstore.com\/de\/wp-json\/wp\/v2\/product_cat?post=88564"},{"taxonomy":"product_tag","embeddable":true,"href":"https:\/\/www.seaflowerstore.com\/de\/wp-json\/wp\/v2\/product_tag?post=88564"}],"curies":[{"name":"wp","href":"https:\/\/api.w.org\/{rel}","templated":true}]}}