{"id":88565,"date":"2013-11-05T10:45:52","date_gmt":"2013-11-05T09:45:52","guid":{"rendered":"https:\/\/www.seaflowerstore.com\/nl\/spongepower-50ml-kz\/"},"modified":"2024-03-20T16:17:57","modified_gmt":"2024-03-20T15:17:57","slug":"spongepower-50ml-kz","status":"publish","type":"product","link":"https:\/\/www.seaflowerstore.com\/de\/spongepower-50ml-kz\/","title":{"rendered":"Spongepower &#8211; 50ml (KZ)"},"content":{"rendered":"<h2>Spongepower &#8211; 50ml (KZ)<\/h2>\n<p><strong>Korallen Zucht Spongepower 50ml<\/strong> ist ein einzigartiges Futter, das speziell f\u00fcr Schw\u00e4mme, Tridacnas und Seescheiden entwickelt wurde. Dieses Produkt f\u00f6rdert das Wachstum dieser Organismen, verbessert ihre F\u00e4higkeit, Wasser zu reinigen, erheblich und steigert dadurch die allgemeine Wasserqualit\u00e4t.<\/p>\n<p>Bemerkenswerterweise haben SPS-Korallen l\u00e4ngere, farbenfrohere Wachstumsspitzen, wobei bei allen SPS-Sorten besonders die violetten Farbt\u00f6ne hervorgehoben werden. Dar\u00fcber hinaus wird die Erholung besch\u00e4digter Korallen erheblich verbessert.<\/p>\n<p><strong>Dosierungsanleitung:<\/strong><\/p>\n<ul>\n<li>1 Tropfen pro 25 Gallonen Wasser.<\/li>\n<li>1 ml pro 500 Gallonen t\u00e4glich.<\/li>\n<\/ul>\n","protected":false},"excerpt":{"rendered":"<p>KorallenZucht Sponge power 50ml is a special food for sponges, tridacnas and sea squirt<\/p>\n","protected":false},"featured_media":77438,"template":"","meta":[],"pwb-brand":[2159],"product_cat":[1391],"product_tag":[],"class_list":{"0":"post-88565","1":"product","2":"type-product","3":"status-publish","4":"has-post-thumbnail","6":"pwb-brand-korallen-zucht","7":"product_cat-ergaenzungen","9":"first","10":"instock","11":"sale","12":"taxable","13":"shipping-taxable","14":"purchasable","15":"product-type-simple"},"acf":[],"brands":[{"id":2159,"name":"Korallen Zucht","slug":"korallen-zucht"}],"_links":{"self":[{"href":"https:\/\/www.seaflowerstore.com\/de\/wp-json\/wp\/v2\/product\/88565","targetHints":{"allow":["GET"]}}],"collection":[{"href":"https:\/\/www.seaflowerstore.com\/de\/wp-json\/wp\/v2\/product"}],"about":[{"href":"https:\/\/www.seaflowerstore.com\/de\/wp-json\/wp\/v2\/types\/product"}],"wp:featuredmedia":[{"embeddable":true,"href":"https:\/\/www.seaflowerstore.com\/de\/wp-json\/wp\/v2\/media\/77438"}],"wp:attachment":[{"href":"https:\/\/www.seaflowerstore.com\/de\/wp-json\/wp\/v2\/media?parent=88565"}],"wp:term":[{"taxonomy":"pwb-brand","embeddable":true,"href":"https:\/\/www.seaflowerstore.com\/de\/wp-json\/wp\/v2\/pwb-brand?post=88565"},{"taxonomy":"product_cat","embeddable":true,"href":"https:\/\/www.seaflowerstore.com\/de\/wp-json\/wp\/v2\/product_cat?post=88565"},{"taxonomy":"product_tag","embeddable":true,"href":"https:\/\/www.seaflowerstore.com\/de\/wp-json\/wp\/v2\/product_tag?post=88565"}],"curies":[{"name":"wp","href":"https:\/\/api.w.org\/{rel}","templated":true}]}}