{"id":88566,"date":"2013-11-05T10:45:48","date_gmt":"2013-11-05T09:45:48","guid":{"rendered":"https:\/\/www.seaflowerstore.com\/nl\/spongepower-10ml-kz\/"},"modified":"2024-03-20T16:17:56","modified_gmt":"2024-03-20T15:17:56","slug":"spongepower-10ml-kz","status":"publish","type":"product","link":"https:\/\/www.seaflowerstore.com\/de\/spongepower-10ml-kz\/","title":{"rendered":"Spongepower &#8211; 10ml (KZ)"},"content":{"rendered":"<h2>Spongepower &#8211; 10ml (KZ)<\/h2>\n<h3>Korallen Zucht Sponge power 10ml ist ein Spezialfutter f\u00fcr Schw\u00e4mme, Tridacnas und Seescheiden<\/h3>\n<p><strong>Korallen Zucht Sponge power 10ml<\/strong> wurde speziell entwickelt, um das Wachstum von Schw\u00e4mmen, Tridacnas und Seescheiden zu f\u00f6rdern. Dieses Produkt tr\u00e4gt wesentlich zur Verbesserung ihrer Wasserreinigungsf\u00e4higkeiten bei, was wiederum die Wasserqualit\u00e4t verbessert.<\/p>\n<p>Zus\u00e4tzlich profitieren <strong>SPS-Korallen<\/strong> von diesem Produkt, indem sie l\u00e4ngere, leuchtend gef\u00e4rbte Wachstumsspitzen entwickeln, wobei der Schwerpunkt auf der Verst\u00e4rkung der Farbe Lila bei allen SPS-Sorten liegt. Dar\u00fcber hinaus tr\u00e4gt es erheblich zur Genesung besch\u00e4digter Korallen bei.<\/p>\n<p><strong>Dosierungsanleitung:<\/strong><\/p>\n<ul>\n<li>1 Tropfen pro 25 Gallonen<\/li>\n<li>1 ml pro 500 Gallonen<\/li>\n<\/ul>\n<p>F\u00fcr optimale Ergebnisse bitte t\u00e4glich verabreichen.<\/p>\n","protected":false},"excerpt":{"rendered":"<p>KorallenZucht Sponge power 10ml is a special food for sponges, tridacnas and sea squirt<\/p>\n","protected":false},"featured_media":77436,"template":"","meta":[],"pwb-brand":[2159],"product_cat":[1391],"product_tag":[],"class_list":{"0":"post-88566","1":"product","2":"type-product","3":"status-publish","4":"has-post-thumbnail","6":"pwb-brand-korallen-zucht","7":"product_cat-ergaenzungen","9":"first","10":"instock","11":"taxable","12":"shipping-taxable","13":"purchasable","14":"product-type-simple"},"acf":[],"brands":[{"id":2159,"name":"Korallen Zucht","slug":"korallen-zucht"}],"_links":{"self":[{"href":"https:\/\/www.seaflowerstore.com\/de\/wp-json\/wp\/v2\/product\/88566","targetHints":{"allow":["GET"]}}],"collection":[{"href":"https:\/\/www.seaflowerstore.com\/de\/wp-json\/wp\/v2\/product"}],"about":[{"href":"https:\/\/www.seaflowerstore.com\/de\/wp-json\/wp\/v2\/types\/product"}],"wp:featuredmedia":[{"embeddable":true,"href":"https:\/\/www.seaflowerstore.com\/de\/wp-json\/wp\/v2\/media\/77436"}],"wp:attachment":[{"href":"https:\/\/www.seaflowerstore.com\/de\/wp-json\/wp\/v2\/media?parent=88566"}],"wp:term":[{"taxonomy":"pwb-brand","embeddable":true,"href":"https:\/\/www.seaflowerstore.com\/de\/wp-json\/wp\/v2\/pwb-brand?post=88566"},{"taxonomy":"product_cat","embeddable":true,"href":"https:\/\/www.seaflowerstore.com\/de\/wp-json\/wp\/v2\/product_cat?post=88566"},{"taxonomy":"product_tag","embeddable":true,"href":"https:\/\/www.seaflowerstore.com\/de\/wp-json\/wp\/v2\/product_tag?post=88566"}],"curies":[{"name":"wp","href":"https:\/\/api.w.org\/{rel}","templated":true}]}}