{"id":88567,"date":"2013-11-05T10:42:58","date_gmt":"2013-11-05T09:42:58","guid":{"rendered":"https:\/\/www.seaflowerstore.com\/nl\/activated-carbon-1000-ml-kz\/"},"modified":"2024-03-20T16:17:59","modified_gmt":"2024-03-20T15:17:59","slug":"activated-carbon-1000-ml-kz","status":"publish","type":"product","link":"https:\/\/www.seaflowerstore.com\/de\/activated-carbon-1000-ml-kz\/","title":{"rendered":"Activated Carbon &#8211; 1000 ml (KZ)"},"content":{"rendered":"<h2>Korallen Zucht Activated Carbon &#8211; 1000 ml (450gr) High quality activated carbon especially developed for salt water tanks<\/h2>\n<p>Erleben Sie eine sp\u00fcrbare Verbesserung der Gesundheit Ihrer Korallen mit unserer hochwertigen Aktivkohle. Zur Anwendung legen Sie sie einfach in einen Netzbeutel und positionieren Sie ihn in einem passiv flie\u00dfenden Filterbypass oder in einem Nylonstrumpf \u00fcber dem ZEOvit\u00ae im ZEOvit\u00ae-Filter.<\/p>\n<p>Vor der Anwendung sp\u00fclen Sie die Kohle unbedingt kurz mit hei\u00dfem Leitungswasser ab. Dieser einfache Schritt f\u00fchrt zu einer verbesserten Polypenausdehnung in Ihren Korallen. Die Aktivkohle adsorbiert effektiv Giftstoffe, sch\u00e4dliche Verbindungen, vergilbende Substanzen und Proteine \u200b\u200bund sorgt so daf\u00fcr, dass Ihr Tankwasser kristallklar bleibt.<\/p>\n<p><strong>F\u00fcr optimale Ergebnisse verwenden Sie 1 Liter Korallen Zucht Aktivkohle pro 250 Gallonen (1000 Liter) Wasser.<\/strong> Wir empfehlen, die Kohle alle 30 Tage vollst\u00e4ndig auszutauschen, um ihre Wirksamkeit aufrechtzuerhalten.<\/p>\n","protected":false},"excerpt":{"rendered":"<p>Korallen Zucht Activated Carbon &#8211; 1000 ml High quality activated carbon especially developed for salt water tanks<\/p>\n","protected":false},"featured_media":77442,"template":"","meta":[],"pwb-brand":[2159],"product_cat":[1394],"product_tag":[],"class_list":{"0":"post-88567","1":"product","2":"type-product","3":"status-publish","4":"has-post-thumbnail","6":"pwb-brand-korallen-zucht","7":"product_cat-aktivkohle","9":"first","10":"instock","11":"sale","12":"taxable","13":"shipping-taxable","14":"purchasable","15":"product-type-simple"},"acf":[],"brands":[{"id":2159,"name":"Korallen Zucht","slug":"korallen-zucht"}],"_links":{"self":[{"href":"https:\/\/www.seaflowerstore.com\/de\/wp-json\/wp\/v2\/product\/88567","targetHints":{"allow":["GET"]}}],"collection":[{"href":"https:\/\/www.seaflowerstore.com\/de\/wp-json\/wp\/v2\/product"}],"about":[{"href":"https:\/\/www.seaflowerstore.com\/de\/wp-json\/wp\/v2\/types\/product"}],"wp:featuredmedia":[{"embeddable":true,"href":"https:\/\/www.seaflowerstore.com\/de\/wp-json\/wp\/v2\/media\/77442"}],"wp:attachment":[{"href":"https:\/\/www.seaflowerstore.com\/de\/wp-json\/wp\/v2\/media?parent=88567"}],"wp:term":[{"taxonomy":"pwb-brand","embeddable":true,"href":"https:\/\/www.seaflowerstore.com\/de\/wp-json\/wp\/v2\/pwb-brand?post=88567"},{"taxonomy":"product_cat","embeddable":true,"href":"https:\/\/www.seaflowerstore.com\/de\/wp-json\/wp\/v2\/product_cat?post=88567"},{"taxonomy":"product_tag","embeddable":true,"href":"https:\/\/www.seaflowerstore.com\/de\/wp-json\/wp\/v2\/product_tag?post=88567"}],"curies":[{"name":"wp","href":"https:\/\/api.w.org\/{rel}","templated":true}]}}