{"id":88569,"date":"2013-11-05T10:31:56","date_gmt":"2013-11-05T09:31:56","guid":{"rendered":"https:\/\/www.seaflowerstore.com\/nl\/amino-acid-concentrate-10-ml-kz\/"},"modified":"2024-03-20T16:18:51","modified_gmt":"2024-03-20T15:18:51","slug":"amino-acid-concentrate-10-ml-kz","status":"publish","type":"product","link":"https:\/\/www.seaflowerstore.com\/de\/amino-acid-concentrate-10-ml-kz\/","title":{"rendered":"Amino Acid Concentrate &#8211; 10 ml (KZ)"},"content":{"rendered":"<h2>Korallen Zucht Amino Acid Concentrate 10 ml Recommended in any tank system for all kind of corals<\/h2>\n<p>Das Aminos\u00e4urekonzentrat ist eine hervorragende Erg\u00e4nzung f\u00fcr jedes Tanksystem und unterst\u00fctzt alle Korallenarten. Hier sind einige der erstaunlichen Vorteile, die Sie erwarten k\u00f6nnen:<\/p>\n<ul>\n<li><strong>Gesteigertes Wachstum:<\/strong> Erleben Sie bis zu 100 % gesteigertes Wachstum bei vielen SPS-Korallen, einschlie\u00dflich empfindlicher Arten wie Fidschi- und Tonga-Korallen.<\/li>\n<li><strong>Unterst\u00fctzung f\u00fcr gro\u00dfpolypige Korallen:<\/strong> Diese Korallen gedeihen ebenfalls mit diesem Konzentrat.<\/li>\n<li><strong>Schnellere Genesung:<\/strong> Verletzte Korallen k\u00f6nnen sich schneller erholen.<\/li>\n<li><strong>Verbesserte F\u00e4rbung:<\/strong> Tridacnas zeigen lebendigere Farben.<\/li>\n<li><strong>Einfache Pflege:<\/strong> Gonipora und Alveopora k\u00f6nnen m\u00fchelos gehalten werden.<\/li>\n<li><strong>Allgemeine Farbverbesserung:<\/strong> Alle Korallen zeigen eine verbesserte F\u00e4rbung.<\/li>\n<li><strong>Schnelleres Wachstum f\u00fcr Montiporen:<\/strong> Fidschi- und Tonga-Montiporen wachsen schneller und behalten dabei ihre charakteristischen Farben.<\/li>\n<li><strong>Erh\u00f6hte Schleimproduktion:<\/strong> SPS-Korallen produzieren mehr Schleim und bieten so einen besseren Schutz vor Raubtieren.<\/li>\n<li><strong>Keine Verdunkelung:<\/strong> W\u00e4hrend der Dosierung kommt es zu keiner Verdunkelung des Korallengewebes.<\/li>\n<li><strong>Extreme Polypenausdehnung:<\/strong> Alle Korallenarten weisen eine signifikante Polypenausdehnung auf.<\/li>\n<\/ul>\n<p><strong>Dosierung:<\/strong> Verwenden Sie f\u00fcr optimale Ergebnisse 1 Tropfen pro 100 Liter (25 Gallonen) pro Tag.<\/p>\n","protected":false},"excerpt":{"rendered":"<p>Korallen Zucht Amino Acid Concentrate 10 ml Recommended in any tank system for all kind of corals<\/p>\n","protected":false},"featured_media":77517,"template":"","meta":[],"pwb-brand":[2159],"product_cat":[1391],"product_tag":[],"class_list":{"0":"post-88569","1":"product","2":"type-product","3":"status-publish","4":"has-post-thumbnail","6":"pwb-brand-korallen-zucht","7":"product_cat-ergaenzungen","9":"first","10":"instock","11":"taxable","12":"shipping-taxable","13":"purchasable","14":"product-type-simple"},"acf":[],"brands":[{"id":2159,"name":"Korallen Zucht","slug":"korallen-zucht"}],"_links":{"self":[{"href":"https:\/\/www.seaflowerstore.com\/de\/wp-json\/wp\/v2\/product\/88569","targetHints":{"allow":["GET"]}}],"collection":[{"href":"https:\/\/www.seaflowerstore.com\/de\/wp-json\/wp\/v2\/product"}],"about":[{"href":"https:\/\/www.seaflowerstore.com\/de\/wp-json\/wp\/v2\/types\/product"}],"wp:featuredmedia":[{"embeddable":true,"href":"https:\/\/www.seaflowerstore.com\/de\/wp-json\/wp\/v2\/media\/77517"}],"wp:attachment":[{"href":"https:\/\/www.seaflowerstore.com\/de\/wp-json\/wp\/v2\/media?parent=88569"}],"wp:term":[{"taxonomy":"pwb-brand","embeddable":true,"href":"https:\/\/www.seaflowerstore.com\/de\/wp-json\/wp\/v2\/pwb-brand?post=88569"},{"taxonomy":"product_cat","embeddable":true,"href":"https:\/\/www.seaflowerstore.com\/de\/wp-json\/wp\/v2\/product_cat?post=88569"},{"taxonomy":"product_tag","embeddable":true,"href":"https:\/\/www.seaflowerstore.com\/de\/wp-json\/wp\/v2\/product_tag?post=88569"}],"curies":[{"name":"wp","href":"https:\/\/api.w.org\/{rel}","templated":true}]}}