{"id":88570,"date":"2013-11-05T10:27:46","date_gmt":"2013-11-05T09:27:46","guid":{"rendered":"https:\/\/www.seaflowerstore.com\/nl\/zeospur-macroelements-500-ml-kz\/"},"modified":"2024-03-20T16:17:34","modified_gmt":"2024-03-20T15:17:34","slug":"zeospur-macroelements-500-ml-kz","status":"publish","type":"product","link":"https:\/\/www.seaflowerstore.com\/de\/zeospur-macroelements-500-ml-kz\/","title":{"rendered":"ZEOspur Macroelements &#8211; 500 ml (KZ)"},"content":{"rendered":"<h2>Korallen Zucht ZEOspur Macroelements 500 ml is a result of further development of the ZEOvit system. It is the optimal addition to <span class=\"caps\">ZEO<\/span>spur 2<\/h2>\n<p>Korallen Zucht ZEOspur Macroelements 500 ml ist eine spannende Erg\u00e4nzung zum ZEOvit-System. Dieses Produkt wurde entwickelt, um wichtige Elemente bereitzustellen, die in synthetischen Salzmischungen oft fehlen. Es enth\u00e4lt eine Vielzahl wichtiger Elemente wie:<\/p>\n<ul>\n<li>Lithium<\/li>\n<li>Vanadium<\/li>\n<li>Palladium<\/li>\n<li>Bor<\/li>\n<li>Selen<\/li>\n<li>Yttrium<\/li>\n<li>Ruthenium<\/li>\n<li>Lanthan<\/li>\n<li>C\u00e4sium<\/li>\n<li>Samarium<\/li>\n<li>Cer<\/li>\n<li>Zinn<\/li>\n<\/ul>\n<p>Basierend auf unserer praktischen Erfahrung unterst\u00fctzt dieses Produkt das Wachstum und die F\u00e4rbung von Korallen und sorgt daf\u00fcr, dass sie in Ihrem Aquarium gedeihen. Es wird f\u00fcr die Verwendung in jedem Tanksystem empfohlen.<\/p>\n<p><strong>Dosierung:<\/strong> 5 ml pro 100 l (25 Gallonen) pro Woche.<\/p>\n","protected":false},"excerpt":{"rendered":"<p>Korallen Zucht ZEOspur Macroelements 500 ml is a result of further development of the ZEOvit system. It is the optimal addition to <span class=\"caps\">ZEO<\/span>spur 2<\/p>\n","protected":false},"featured_media":77411,"template":"","meta":[],"pwb-brand":[2159],"product_cat":[1391],"product_tag":[],"class_list":{"0":"post-88570","1":"product","2":"type-product","3":"status-publish","4":"has-post-thumbnail","6":"pwb-brand-korallen-zucht","7":"product_cat-ergaenzungen","9":"first","10":"instock","11":"sale","12":"taxable","13":"shipping-taxable","14":"purchasable","15":"product-type-simple"},"acf":[],"brands":[{"id":2159,"name":"Korallen Zucht","slug":"korallen-zucht"}],"_links":{"self":[{"href":"https:\/\/www.seaflowerstore.com\/de\/wp-json\/wp\/v2\/product\/88570","targetHints":{"allow":["GET"]}}],"collection":[{"href":"https:\/\/www.seaflowerstore.com\/de\/wp-json\/wp\/v2\/product"}],"about":[{"href":"https:\/\/www.seaflowerstore.com\/de\/wp-json\/wp\/v2\/types\/product"}],"wp:featuredmedia":[{"embeddable":true,"href":"https:\/\/www.seaflowerstore.com\/de\/wp-json\/wp\/v2\/media\/77411"}],"wp:attachment":[{"href":"https:\/\/www.seaflowerstore.com\/de\/wp-json\/wp\/v2\/media?parent=88570"}],"wp:term":[{"taxonomy":"pwb-brand","embeddable":true,"href":"https:\/\/www.seaflowerstore.com\/de\/wp-json\/wp\/v2\/pwb-brand?post=88570"},{"taxonomy":"product_cat","embeddable":true,"href":"https:\/\/www.seaflowerstore.com\/de\/wp-json\/wp\/v2\/product_cat?post=88570"},{"taxonomy":"product_tag","embeddable":true,"href":"https:\/\/www.seaflowerstore.com\/de\/wp-json\/wp\/v2\/product_tag?post=88570"}],"curies":[{"name":"wp","href":"https:\/\/api.w.org\/{rel}","templated":true}]}}