{"id":88572,"date":"2013-11-05T10:27:31","date_gmt":"2013-11-05T09:27:31","guid":{"rendered":"https:\/\/www.seaflowerstore.com\/nl\/zeostart-3-1000-ml-kz\/"},"modified":"2025-07-29T16:28:27","modified_gmt":"2025-07-29T14:28:27","slug":"zeostart-3-1000-ml-kz","status":"publish","type":"product","link":"https:\/\/www.seaflowerstore.com\/de\/zeostart-3-1000-ml-kz\/","title":{"rendered":"ZEOstart 3 &#8211; 1000 ml (KZ)"},"content":{"rendered":"<h2>Korallen Zucht ZEOstart 3 1000ml promotes the reproduction of all nitrifying bacteria in the aquarium<\/h2>\n<p><strong><span class=\"caps\">ZEO<\/span>start 3<\/strong> wurde f\u00fcr Aquarianer entwickelt, die optimale Wasserparameter auf biologischem Wege erreichen m\u00f6chten. Es f\u00f6rdert effektiv das Wachstum aller nitrifizierenden Bakterien in Ihrem Aquarium, was erheblich zur Reduzierung von Phosphat, Nitrat, Nitrit und verschiedenen Inhibitoren beitr\u00e4gt.<\/p>\n<p>Der Absch\u00e4umer kann bis zu 100 % mehr konzentriertes Adsorbent entfernen und hilft so, bakterienabh\u00e4ngige Schleimalgen schnell zu beseitigen und ein gesundes biologisches Gleichgewicht wiederherzustellen.<\/p>\n<p><strong>Dieses Produkt ist nicht nur bei der Ersteinrichtung eines neuen Aquariums von Vorteil, sondern kann auch die Anfangsphase deutlich auf nur etwa 14 Tage verk\u00fcrzen.<\/strong> Es wird empfohlen, es t\u00e4glich in allen Aquarien zu dosieren, nicht nur w\u00e4hrend der Startphase.<\/p>\n<p>Dar\u00fcber hinaus verst\u00e4rkt ZEOstart 3 die leuchtenden metallischen Farben von Acropora, Montipora, Poccilopora und Stylophora. Weichkorallen wachsen schneller und \u00f6ffnen ihre Polypen weiter.<\/p>\n<p>Die besten Ergebnisse erzielen Sie, wenn Sie das Produkt direkt ins Wasser geben. Bitte \u00fcberschreiten Sie nicht die empfohlene Dosierung von 2 ml pro 250 Gallonen (1000 l) pro Tag, da es hochkonzentriert ist. <strong>Eine \u00dcberdosierung kann f\u00fcr alle Fische sch\u00e4dlich sein!<\/strong><\/p>\n","protected":false},"excerpt":{"rendered":"<p>Korallen Zucht ZEOstart 3 1000ml promotes the reproduction of all nitrifying bacteria in the aquarium<\/p>\n","protected":false},"featured_media":77409,"template":"","meta":[],"pwb-brand":[2159],"product_cat":[1391],"product_tag":[],"class_list":{"0":"post-88572","1":"product","2":"type-product","3":"status-publish","4":"has-post-thumbnail","6":"pwb-brand-korallen-zucht","7":"product_cat-ergaenzungen","9":"first","10":"instock","11":"sale","12":"taxable","13":"shipping-taxable","14":"purchasable","15":"product-type-simple"},"acf":[],"brands":[{"id":2159,"name":"Korallen Zucht","slug":"korallen-zucht"}],"_links":{"self":[{"href":"https:\/\/www.seaflowerstore.com\/de\/wp-json\/wp\/v2\/product\/88572","targetHints":{"allow":["GET"]}}],"collection":[{"href":"https:\/\/www.seaflowerstore.com\/de\/wp-json\/wp\/v2\/product"}],"about":[{"href":"https:\/\/www.seaflowerstore.com\/de\/wp-json\/wp\/v2\/types\/product"}],"wp:featuredmedia":[{"embeddable":true,"href":"https:\/\/www.seaflowerstore.com\/de\/wp-json\/wp\/v2\/media\/77409"}],"wp:attachment":[{"href":"https:\/\/www.seaflowerstore.com\/de\/wp-json\/wp\/v2\/media?parent=88572"}],"wp:term":[{"taxonomy":"pwb-brand","embeddable":true,"href":"https:\/\/www.seaflowerstore.com\/de\/wp-json\/wp\/v2\/pwb-brand?post=88572"},{"taxonomy":"product_cat","embeddable":true,"href":"https:\/\/www.seaflowerstore.com\/de\/wp-json\/wp\/v2\/product_cat?post=88572"},{"taxonomy":"product_tag","embeddable":true,"href":"https:\/\/www.seaflowerstore.com\/de\/wp-json\/wp\/v2\/product_tag?post=88572"}],"curies":[{"name":"wp","href":"https:\/\/api.w.org\/{rel}","templated":true}]}}