{"id":88573,"date":"2013-11-05T10:27:28","date_gmt":"2013-11-05T09:27:28","guid":{"rendered":"https:\/\/www.seaflowerstore.com\/nl\/zeostart-3-500-ml-kz\/"},"modified":"2025-05-20T14:34:16","modified_gmt":"2025-05-20T12:34:16","slug":"zeostart-3-500-ml-kz","status":"publish","type":"product","link":"https:\/\/www.seaflowerstore.com\/de\/zeostart-3-500-ml-kz\/","title":{"rendered":"ZEOstart 3 &#8211; 500 ml (KZ)"},"content":{"rendered":"<h2>ZEOstart 3 &#8211; 500 ml (KZ)<\/h2>\n<p><strong><span class=\"caps\">ZEO<\/span>start 3 wurde speziell f\u00fcr Aquarianer entwickelt, die optimale Wasserbedingungen durch biologische Methoden anstreben.<\/strong> Dieses Produkt f\u00f6rdert effektiv das Wachstum aller nitrifizierenden Bakterien in Ihrem Aquarium und tr\u00e4gt erheblich zur Reduzierung von Phosphat, Nitrat, Nitrit und verschiedenen Inhibitoren bei.<\/p>\n<p>Der Absch\u00e4umer kann bis zu 100 % mehr konzentriertes Adsorbent entfernen. Dar\u00fcber hinaus verschwinden bakterienabh\u00e4ngige Schleimalgen schnell und helfen so, ein nat\u00fcrliches biologisches Gleichgewicht wiederherzustellen.<\/p>\n<p><strong>Beim Einrichten eines neuen Beckens kann es die Anfangsphase auf nur etwa 14 Tage verk\u00fcrzen.<\/strong> Dieses Produkt ist jedoch nicht auf die Ersteinrichtung beschr\u00e4nkt; es sollte t\u00e4glich in alle Aquarien gegeben werden. Es verst\u00e4rkt die leuchtenden Farben von Acropora, Montipora, Poccilopora und Stylophora und f\u00f6rdert gleichzeitig ein schnelleres Wachstum und eine breitere Polypenausdehnung bei Weichkorallen.<\/p>\n<p>Achten Sie darauf, es direkt ins Wasser zu dosieren. Bitte \u00fcberschreiten Sie die Dosierung von 2 ml pro 250 Gallonen (1000 L) t\u00e4glich nicht, da es hochkonzentriert ist. <strong>Eine \u00dcberdosierung kann f\u00fcr alle Fische sch\u00e4dlich sein!<\/strong><\/p>\n","protected":false},"excerpt":{"rendered":"<p>Korallen Zucht ZEOstart 3 500ml promotes the reproduction of all nitrifying bacteria in the aquarium<\/p>\n","protected":false},"featured_media":77408,"template":"","meta":[],"pwb-brand":[2159],"product_cat":[1391],"product_tag":[],"class_list":{"0":"post-88573","1":"product","2":"type-product","3":"status-publish","4":"has-post-thumbnail","6":"pwb-brand-korallen-zucht","7":"product_cat-ergaenzungen","9":"first","10":"instock","11":"sale","12":"taxable","13":"shipping-taxable","14":"purchasable","15":"product-type-simple"},"acf":[],"brands":[{"id":2159,"name":"Korallen Zucht","slug":"korallen-zucht"}],"_links":{"self":[{"href":"https:\/\/www.seaflowerstore.com\/de\/wp-json\/wp\/v2\/product\/88573","targetHints":{"allow":["GET"]}}],"collection":[{"href":"https:\/\/www.seaflowerstore.com\/de\/wp-json\/wp\/v2\/product"}],"about":[{"href":"https:\/\/www.seaflowerstore.com\/de\/wp-json\/wp\/v2\/types\/product"}],"wp:featuredmedia":[{"embeddable":true,"href":"https:\/\/www.seaflowerstore.com\/de\/wp-json\/wp\/v2\/media\/77408"}],"wp:attachment":[{"href":"https:\/\/www.seaflowerstore.com\/de\/wp-json\/wp\/v2\/media?parent=88573"}],"wp:term":[{"taxonomy":"pwb-brand","embeddable":true,"href":"https:\/\/www.seaflowerstore.com\/de\/wp-json\/wp\/v2\/pwb-brand?post=88573"},{"taxonomy":"product_cat","embeddable":true,"href":"https:\/\/www.seaflowerstore.com\/de\/wp-json\/wp\/v2\/product_cat?post=88573"},{"taxonomy":"product_tag","embeddable":true,"href":"https:\/\/www.seaflowerstore.com\/de\/wp-json\/wp\/v2\/product_tag?post=88573"}],"curies":[{"name":"wp","href":"https:\/\/api.w.org\/{rel}","templated":true}]}}