{"id":88574,"date":"2013-11-05T10:27:25","date_gmt":"2013-11-05T09:27:25","guid":{"rendered":"https:\/\/www.seaflowerstore.com\/nl\/zeostart-3-250-ml-kz\/"},"modified":"2024-03-20T16:17:30","modified_gmt":"2024-03-20T15:17:30","slug":"zeostart-3-250-ml-kz","status":"publish","type":"product","link":"https:\/\/www.seaflowerstore.com\/de\/zeostart-3-250-ml-kz\/","title":{"rendered":"ZEOstart 3 &#8211; 250 ml (KZ)"},"content":{"rendered":"<h2>Korallen Zucht ZEOstart 3 250ml promotes the reproduction of all nitrifying bacteria in the aquarium<\/h2>\n<p><strong>ZEO<\/strong>start 3 ist f\u00fcr Aquarianer gedacht, die auf nat\u00fcrliche Weise optimale Wasserbedingungen erreichen m\u00f6chten. Es unterst\u00fctzt das Wachstum aller nitrifizierenden Bakterien in Ihrem Aquarium und senkt effektiv Phosphat, Nitrat, Nitrit und verschiedene Inhibitoren.<\/p>\n<p>Der Absch\u00e4umer kann bis zu 100 % mehr konzentriertes Adsorbent entfernen. Sie werden feststellen, dass bakterienabh\u00e4ngige Schleimalgen schnell verschwinden und so ein gesundes biologisches Gleichgewicht wiederhergestellt wird.<\/p>\n<p><strong>Bei der Einrichtung eines neuen Aquariums verk\u00fcrzt dieses Produkt die anf\u00e4ngliche Einrichtungszeit erheblich auf nur etwa 14 Tage.<\/strong> Es ist jedoch nicht nur in der Anfangsphase von Vorteil; es wird empfohlen, es t\u00e4glich in alle Aquarien zu dosieren. Sie werden verst\u00e4rkte metallische Farben bei Acropora, Montipora, Poccilopora und Stylophora sehen. Dar\u00fcber hinaus wachsen Weichkorallen schneller und ihre Polypen \u00f6ffnen sich weiter.<\/p>\n<p>Dosieren Sie es einfach direkt ins Wasser. Bitte \u00fcberschreiten Sie die Dosierung von 2 ml pro 250 Gallonen (1000 L) t\u00e4glich nicht, da es hochkonzentriert ist.<\/p>\n<p><strong>Seien Sie vorsichtig, da eine \u00dcberdosierung f\u00fcr alle Fische sch\u00e4dlich sein kann!<\/strong><\/p>\n","protected":false},"excerpt":{"rendered":"<p>Korallen Zucht ZEOstart 3 250ml promotes the reproduction of all nitrifying bacteria in the aquarium<\/p>\n","protected":false},"featured_media":77407,"template":"","meta":[],"pwb-brand":[2159],"product_cat":[1391],"product_tag":[],"class_list":{"0":"post-88574","1":"product","2":"type-product","3":"status-publish","4":"has-post-thumbnail","6":"pwb-brand-korallen-zucht","7":"product_cat-ergaenzungen","9":"first","10":"instock","11":"sale","12":"taxable","13":"shipping-taxable","14":"purchasable","15":"product-type-simple"},"acf":[],"brands":[{"id":2159,"name":"Korallen Zucht","slug":"korallen-zucht"}],"_links":{"self":[{"href":"https:\/\/www.seaflowerstore.com\/de\/wp-json\/wp\/v2\/product\/88574","targetHints":{"allow":["GET"]}}],"collection":[{"href":"https:\/\/www.seaflowerstore.com\/de\/wp-json\/wp\/v2\/product"}],"about":[{"href":"https:\/\/www.seaflowerstore.com\/de\/wp-json\/wp\/v2\/types\/product"}],"wp:featuredmedia":[{"embeddable":true,"href":"https:\/\/www.seaflowerstore.com\/de\/wp-json\/wp\/v2\/media\/77407"}],"wp:attachment":[{"href":"https:\/\/www.seaflowerstore.com\/de\/wp-json\/wp\/v2\/media?parent=88574"}],"wp:term":[{"taxonomy":"pwb-brand","embeddable":true,"href":"https:\/\/www.seaflowerstore.com\/de\/wp-json\/wp\/v2\/pwb-brand?post=88574"},{"taxonomy":"product_cat","embeddable":true,"href":"https:\/\/www.seaflowerstore.com\/de\/wp-json\/wp\/v2\/product_cat?post=88574"},{"taxonomy":"product_tag","embeddable":true,"href":"https:\/\/www.seaflowerstore.com\/de\/wp-json\/wp\/v2\/product_tag?post=88574"}],"curies":[{"name":"wp","href":"https:\/\/api.w.org\/{rel}","templated":true}]}}