{"id":88576,"date":"2013-11-05T10:21:57","date_gmt":"2013-11-05T09:21:57","guid":{"rendered":"https:\/\/www.seaflowerstore.com\/nl\/korallen-zucht-coral-snow-1000-ml\/"},"modified":"2024-03-20T16:17:55","modified_gmt":"2024-03-20T15:17:55","slug":"korallen-zucht-coral-snow-1000-ml","status":"publish","type":"product","link":"https:\/\/www.seaflowerstore.com\/de\/korallen-zucht-coral-snow-1000-ml\/","title":{"rendered":"Korallen-Zucht Coral snow &#8211; 1000 ml"},"content":{"rendered":"<h2>KorallenZucht Coral snow &#8211; 1000 ml neutralizes undesirable acids and is a solution against e.g. slime algae and cyano bacteria.<\/h2>\n<p>KorallenZucht Coral Snow ist eine fantastische L\u00f6sung f\u00fcr Steinkorallen mit kleinen und gro\u00dfen Polypen, Weichkorallen und Muscheln. Es ist auch wirksam bei Problemen in Salzwassertanks. Diese Fl\u00fcssigkeit dient als sekund\u00e4rer biologischer F\u00f6rderer und funktioniert gut mit Elementen wie <strong>CyanoClean<\/strong>, <strong>B-Balance<\/strong> oder <strong>Kaliumjodid\/Fluorid-Konzentrat<\/strong>.<\/p>\n<p>Es ist mit allen Elementen kompatibel, einschlie\u00dflich <strong>Aminos\u00e4ure<\/strong> und <strong>Vitalizer<\/strong>. Sie k\u00f6nnen problemlos t\u00e4glich zwischen <strong>1 und 4 ml<\/strong> Coral Snow pro <strong>100 Liter (25 Gallonen)<\/strong> Tankwasser dosieren.<\/p>\n<p>Coral Snow neutralisiert effektiv unerw\u00fcnschte S\u00e4uren und ist somit eine zuverl\u00e4ssige L\u00f6sung f\u00fcr Schleimalgen und Cyanobakterien. Um die Wirksamkeit zu steigern, geben Sie einfach t\u00e4glich <strong>1-2 Tropfen<\/strong> CyanoClean pro <strong>100 Liter (25 Gallonen)<\/strong> Aquariumwasser hinzu. Eine eventuell auftretende Wassertr\u00fcbung ist f\u00fcr alle Fische und sogar empfindliche Korallen v\u00f6llig harmlos.<\/p>\n","protected":false},"excerpt":{"rendered":"<p>Coral Snow 1000ml is a liquid secondary biological facilitator for elements like CyanoClean, B-Balance or Potassium-Iodide\/Fluoride Concentrate.<\/p>\n","protected":false},"featured_media":77435,"template":"","meta":[],"pwb-brand":[2159],"product_cat":[1391],"product_tag":[],"class_list":{"0":"post-88576","1":"product","2":"type-product","3":"status-publish","4":"has-post-thumbnail","6":"pwb-brand-korallen-zucht","7":"product_cat-ergaenzungen","8":"pa_inhoud-1000-ml-de","9":"pa_show-myparcel-options-male-de","11":"first","12":"instock","13":"sale","14":"taxable","15":"shipping-taxable","16":"purchasable","17":"product-type-simple"},"acf":[],"brands":[{"id":2159,"name":"Korallen Zucht","slug":"korallen-zucht"}],"_links":{"self":[{"href":"https:\/\/www.seaflowerstore.com\/de\/wp-json\/wp\/v2\/product\/88576","targetHints":{"allow":["GET"]}}],"collection":[{"href":"https:\/\/www.seaflowerstore.com\/de\/wp-json\/wp\/v2\/product"}],"about":[{"href":"https:\/\/www.seaflowerstore.com\/de\/wp-json\/wp\/v2\/types\/product"}],"wp:featuredmedia":[{"embeddable":true,"href":"https:\/\/www.seaflowerstore.com\/de\/wp-json\/wp\/v2\/media\/77435"}],"wp:attachment":[{"href":"https:\/\/www.seaflowerstore.com\/de\/wp-json\/wp\/v2\/media?parent=88576"}],"wp:term":[{"taxonomy":"pwb-brand","embeddable":true,"href":"https:\/\/www.seaflowerstore.com\/de\/wp-json\/wp\/v2\/pwb-brand?post=88576"},{"taxonomy":"product_cat","embeddable":true,"href":"https:\/\/www.seaflowerstore.com\/de\/wp-json\/wp\/v2\/product_cat?post=88576"},{"taxonomy":"product_tag","embeddable":true,"href":"https:\/\/www.seaflowerstore.com\/de\/wp-json\/wp\/v2\/product_tag?post=88576"}],"curies":[{"name":"wp","href":"https:\/\/api.w.org\/{rel}","templated":true}]}}