{"id":88577,"date":"2013-11-05T10:21:54","date_gmt":"2013-11-05T09:21:54","guid":{"rendered":"https:\/\/www.seaflowerstore.com\/nl\/korallen-zucht-coral-snow-500-ml\/"},"modified":"2025-08-27T04:53:18","modified_gmt":"2025-08-27T02:53:18","slug":"korallen-zucht-coral-snow-500-ml","status":"publish","type":"product","link":"https:\/\/www.seaflowerstore.com\/de\/korallen-zucht-coral-snow-500-ml\/","title":{"rendered":"Korallen-Zucht Coral snow &#8211; 500 ml"},"content":{"rendered":"<h2>Korallen-Zucht Coral snow &#8211; 500 ml<\/h2>\n<p><strong>Korallen-Zucht Coral Snow<\/strong> ist ein hervorragendes Produkt zur Neutralisierung unerw\u00fcnschter S\u00e4uren in Ihrem Aquarium. Diese L\u00f6sung ist besonders wirksam gegen Probleme wie Schleimalgen und Cyanobakterien.<\/p>\n<p>Dieses Produkt ist f\u00fcr eine Vielzahl von Meereslebewesen geeignet, darunter:<\/p>\n<ul>\n<li>Kleinpolypige Steinkorallen<\/li>\n<li>Gro\u00dfpolypige Steinkorallen<\/li>\n<li>Weichkorallen<\/li>\n<li>Muscheln<\/li>\n<\/ul>\n<p>Coral Snow wirkt als fl\u00fcssiger sekund\u00e4rer biologischer Vermittler, der gut mit anderen Elementen wie <strong>CyanoClean<\/strong>, <strong>B-Balance<\/strong> und <strong>Kaliumjodid\/Fluorid-Konzentrat<\/strong> zusammenarbeitet. Es ist mit allen Elementen kompatibel, einschlie\u00dflich Aminos\u00e4uren und Vitalisatoren.<\/p>\n<p>F\u00fcr optimale Ergebnisse k\u00f6nnen Sie t\u00e4glich zwischen 1 und maximal 4 ml Coral Snow pro 100 Liter (oder 25 Gallonen) Tankwasser dosieren. Um seine Wirksamkeit gegen Schleimalgen und Cyanobakterien zu verbessern, sollten Sie erw\u00e4gen, t\u00e4glich 1-2 Tropfen CyanoClean pro 100 Liter (oder 25 Gallonen) Tankwasser hinzuzuf\u00fcgen. <\/p>\n<p>Machen Sie sich keine Sorgen \u00fcber die vor\u00fcbergehende Tr\u00fcbung des Wassers; es ist sowohl f\u00fcr Fische als auch f\u00fcr empfindliche Korallen v\u00f6llig harmlos.<\/p>\n","protected":false},"excerpt":{"rendered":"<p>Coral Snow 500ml is a liquid secondary biological facilitator for elements like CyanoClean, B-Balance or Potassium-Iodide\/Fluoride Concentrate.<\/p>\n","protected":false},"featured_media":77433,"template":"","meta":[],"pwb-brand":[2159],"product_cat":[1391],"product_tag":[],"class_list":{"0":"post-88577","1":"product","2":"type-product","3":"status-publish","4":"has-post-thumbnail","6":"pwb-brand-korallen-zucht","7":"product_cat-ergaenzungen","8":"pa_inhoud-500-ml-de","9":"pa_show-myparcel-options-male-de","11":"first","12":"instock","13":"sale","14":"taxable","15":"shipping-taxable","16":"purchasable","17":"product-type-simple"},"acf":[],"brands":[{"id":2159,"name":"Korallen Zucht","slug":"korallen-zucht"}],"_links":{"self":[{"href":"https:\/\/www.seaflowerstore.com\/de\/wp-json\/wp\/v2\/product\/88577","targetHints":{"allow":["GET"]}}],"collection":[{"href":"https:\/\/www.seaflowerstore.com\/de\/wp-json\/wp\/v2\/product"}],"about":[{"href":"https:\/\/www.seaflowerstore.com\/de\/wp-json\/wp\/v2\/types\/product"}],"wp:featuredmedia":[{"embeddable":true,"href":"https:\/\/www.seaflowerstore.com\/de\/wp-json\/wp\/v2\/media\/77433"}],"wp:attachment":[{"href":"https:\/\/www.seaflowerstore.com\/de\/wp-json\/wp\/v2\/media?parent=88577"}],"wp:term":[{"taxonomy":"pwb-brand","embeddable":true,"href":"https:\/\/www.seaflowerstore.com\/de\/wp-json\/wp\/v2\/pwb-brand?post=88577"},{"taxonomy":"product_cat","embeddable":true,"href":"https:\/\/www.seaflowerstore.com\/de\/wp-json\/wp\/v2\/product_cat?post=88577"},{"taxonomy":"product_tag","embeddable":true,"href":"https:\/\/www.seaflowerstore.com\/de\/wp-json\/wp\/v2\/product_tag?post=88577"}],"curies":[{"name":"wp","href":"https:\/\/api.w.org\/{rel}","templated":true}]}}