{"id":88579,"date":"2013-11-05T10:21:36","date_gmt":"2013-11-05T09:21:36","guid":{"rendered":"https:\/\/www.seaflowerstore.com\/nl\/k-balance-1000-ml-kz\/"},"modified":"2024-03-20T16:18:06","modified_gmt":"2024-03-20T15:18:06","slug":"k-balance-1000-ml-kz","status":"publish","type":"product","link":"https:\/\/www.seaflowerstore.com\/de\/k-balance-1000-ml-kz\/","title":{"rendered":"K-Balance &#8211; 1000 ml (KZ)"},"content":{"rendered":"<h2>K-Balance &#8211; 1000 ml (KZ)<\/h2>\n<p><strong>Kaliumkonzentrat 1000 ml von Korallen Zucht Pohls K-Balance<\/strong> bietet bereits wenige Tage nach der Verabreichung deutliche Vorteile f\u00fcr Korallenfarbe und -wachstum. Kalium ist ein essentielles Element, das in Meerwasser vorkommt, \u00e4hnlich wie Kalzium, mit einer Konzentration von etwa 390 mg\/l. K-Balance enth\u00e4lt verschiedene Kaliumsalze in hoher Konzentration. Unsere Tests in mehreren Tanks haben kurz nach der Anwendung deutliche Verbesserungen sowohl bei Farbe als auch Wachstum gezeigt.<\/p>\n<ul>\n<li>Die Polypenausdehnung erfolgt innerhalb kurzer Zeit.<\/li>\n<li>Verbessert Wachstum und F\u00e4rbung aller Korallen, insbesondere SPS-Sorten wie Montipora, Stylopora, Seriatopora, Pocillopora und Acropora.<\/li>\n<li>Empfohlen f\u00fcr die Verwendung in jedem Tanksystem.<\/li>\n<\/ul>\n<p><strong>Niedrige Kaliumwerte weisen die folgenden Merkmale auf:<\/strong><\/p>\n<ul>\n<li>Montipora stellt das Wachstum ein und die Farben erscheinen matt oder grau; eine gute F\u00e4rbung ist ohne Kalium nicht m\u00f6glich.<\/li>\n<li>Pocillopora und Stylopora mit niedrigem Kaliumspiegel k\u00f6nnen aussehen, als w\u00e4ren sie aus dem Wasser gewesen, mit zur\u00fcckgezogenen Polypen und hellen, verwaschenen Farben.<\/li>\n<li>Auch blaue Acropora zeigen ein verwaschenes Aussehen.<\/li>\n<li>Seriatopora k\u00f6nnen innerhalb weniger Tage eine vollst\u00e4ndige Gewebenekrose erleiden.<\/li>\n<li>Turbinaria Reniformis h\u00f6rt auf zu wachsen.<\/li>\n<\/ul>\n<p><strong>Dosierung:<\/strong> Verwenden Sie t\u00e4glich 1 ml pro 100 l (25 Gallonen) Wasser.<\/p>\n<p><strong>Bitte beachten:<\/strong> Es ist wichtig, die auf dem Etikett angegebene Dosierung nicht zu \u00fcberschreiten, da dieses Produkt hochkonzentriert ist. Wir empfehlen, den Kaliumspiegel regelm\u00e4\u00dfig zu \u00fcberpr\u00fcfen, genau wie Sie es bei Kalzium oder Magnesium tun w\u00fcrden.<\/p>\n","protected":false},"excerpt":{"rendered":"<p>Korallen Zucht Pohl&#8217;s K-Balance 1000ml Potassium Concentrate benefits in color and growth after dosing a few days<\/p>\n","protected":false},"featured_media":77454,"template":"","meta":[],"pwb-brand":[2159],"product_cat":[1391],"product_tag":[],"class_list":{"0":"post-88579","1":"product","2":"type-product","3":"status-publish","4":"has-post-thumbnail","6":"pwb-brand-korallen-zucht","7":"product_cat-ergaenzungen","9":"first","10":"instock","11":"sale","12":"taxable","13":"shipping-taxable","14":"purchasable","15":"product-type-simple"},"acf":[],"brands":[{"id":2159,"name":"Korallen Zucht","slug":"korallen-zucht"}],"_links":{"self":[{"href":"https:\/\/www.seaflowerstore.com\/de\/wp-json\/wp\/v2\/product\/88579","targetHints":{"allow":["GET"]}}],"collection":[{"href":"https:\/\/www.seaflowerstore.com\/de\/wp-json\/wp\/v2\/product"}],"about":[{"href":"https:\/\/www.seaflowerstore.com\/de\/wp-json\/wp\/v2\/types\/product"}],"wp:featuredmedia":[{"embeddable":true,"href":"https:\/\/www.seaflowerstore.com\/de\/wp-json\/wp\/v2\/media\/77454"}],"wp:attachment":[{"href":"https:\/\/www.seaflowerstore.com\/de\/wp-json\/wp\/v2\/media?parent=88579"}],"wp:term":[{"taxonomy":"pwb-brand","embeddable":true,"href":"https:\/\/www.seaflowerstore.com\/de\/wp-json\/wp\/v2\/pwb-brand?post=88579"},{"taxonomy":"product_cat","embeddable":true,"href":"https:\/\/www.seaflowerstore.com\/de\/wp-json\/wp\/v2\/product_cat?post=88579"},{"taxonomy":"product_tag","embeddable":true,"href":"https:\/\/www.seaflowerstore.com\/de\/wp-json\/wp\/v2\/product_tag?post=88579"}],"curies":[{"name":"wp","href":"https:\/\/api.w.org\/{rel}","templated":true}]}}