{"id":88580,"date":"2013-11-05T10:21:33","date_gmt":"2013-11-05T09:21:33","guid":{"rendered":"https:\/\/www.seaflowerstore.com\/nl\/k-balance-500-ml-kz\/"},"modified":"2024-03-20T16:18:05","modified_gmt":"2024-03-20T15:18:05","slug":"k-balance-500-ml-kz","status":"publish","type":"product","link":"https:\/\/www.seaflowerstore.com\/de\/k-balance-500-ml-kz\/","title":{"rendered":"K-Balance &#8211; 500 ml (KZ)"},"content":{"rendered":"<h2>K-Balance &#8211; 500 ml (KZ)<\/h2>\n<p><strong>Kaliumkonzentrat 500 ml von Korallen Zucht Pohls K-Balance<\/strong> bietet bereits wenige Tage nach der Verabreichung sp\u00fcrbare Verbesserungen bei Farbe und Wachstum. Kalium ist ein lebenswichtiges Element, das in Meerwasser vorkommt, \u00e4hnlich wie Kalzium, mit einer Konzentration von etwa 390 mg\/l. K-Balance enth\u00e4lt mehrere Kaliumsalze in hoher Konzentration. Unsere Tests in verschiedenen Tanks haben bereits nach einer kurzen Dosierungsdauer signifikante Verbesserungen sowohl bei Farbe als auch Wachstum gezeigt.<\/p>\n<ul>\n<li>Die Polypenausdehnung erfolgt schnell.<\/li>\n<li>F\u00f6rdert das Wachstum und verbessert die F\u00e4rbung bei allen Korallen, insbesondere bei SPS-Sorten wie Montipora, Stylopora, Seriatopora, Pocillopora und Acropora.<\/li>\n<li>Empfohlen f\u00fcr die Verwendung in jedem Tanksystem.<\/li>\n<\/ul>\n<p><strong>Niedrige Kaliumwerte weisen die folgenden Merkmale auf:<\/strong><\/p>\n<ul>\n<li>Montipora h\u00f6rt auf zu wachsen und die Farben k\u00f6nnen matt oder grau erscheinen; eine gute F\u00e4rbung ist ohne Kalium nicht m\u00f6glich.<\/li>\n<li>Pocillopora und Stylopora mit niedrigem Kaliumspiegel k\u00f6nnen aussehen, als w\u00e4ren sie der Luft ausgesetzt gewesen, wobei sich die Polypen zur\u00fcckziehen und die Farben hell erscheinen, ohne Tiefe und Lebendigkeit.<\/li>\n<li>Blaue Acropora k\u00f6nnen auch verwaschen wirken.<\/li>\n<li>Seriatopora kann innerhalb weniger Tage eine vollst\u00e4ndige Gewebenekrose erleiden.<\/li>\n<li>Turbinaria Reniformis wird aufh\u00f6ren zu wachsen.<\/li>\n<\/ul>\n<p><strong>Dosierungsempfehlungen:<\/strong> Verwenden Sie t\u00e4glich 1 ml pro 100 l (oder 25 Gallonen).<\/p>\n<p><strong>Bitte beachten:<\/strong> Es ist wichtig, die auf dem Etikett angegebene Dosierung nicht zu \u00fcberschreiten, da dieses Produkt hochkonzentriert ist. Wir empfehlen au\u00dferdem, den Kaliumspiegel regelm\u00e4\u00dfig zu \u00fcberpr\u00fcfen, genau wie Sie es bei Kalzium oder Magnesium tun w\u00fcrden.<\/p>\n","protected":false},"excerpt":{"rendered":"<p>Korallen Zucht Pohl&#8217;s K-Balance 500ml Potassium Concentrate benefits in color and growth after dosing a few days<\/p>\n","protected":false},"featured_media":77452,"template":"","meta":[],"pwb-brand":[2159],"product_cat":[1391],"product_tag":[],"class_list":{"0":"post-88580","1":"product","2":"type-product","3":"status-publish","4":"has-post-thumbnail","6":"pwb-brand-korallen-zucht","7":"product_cat-ergaenzungen","9":"first","10":"instock","11":"sale","12":"taxable","13":"shipping-taxable","14":"purchasable","15":"product-type-simple"},"acf":[],"brands":[{"id":2159,"name":"Korallen Zucht","slug":"korallen-zucht"}],"_links":{"self":[{"href":"https:\/\/www.seaflowerstore.com\/de\/wp-json\/wp\/v2\/product\/88580","targetHints":{"allow":["GET"]}}],"collection":[{"href":"https:\/\/www.seaflowerstore.com\/de\/wp-json\/wp\/v2\/product"}],"about":[{"href":"https:\/\/www.seaflowerstore.com\/de\/wp-json\/wp\/v2\/types\/product"}],"wp:featuredmedia":[{"embeddable":true,"href":"https:\/\/www.seaflowerstore.com\/de\/wp-json\/wp\/v2\/media\/77452"}],"wp:attachment":[{"href":"https:\/\/www.seaflowerstore.com\/de\/wp-json\/wp\/v2\/media?parent=88580"}],"wp:term":[{"taxonomy":"pwb-brand","embeddable":true,"href":"https:\/\/www.seaflowerstore.com\/de\/wp-json\/wp\/v2\/pwb-brand?post=88580"},{"taxonomy":"product_cat","embeddable":true,"href":"https:\/\/www.seaflowerstore.com\/de\/wp-json\/wp\/v2\/product_cat?post=88580"},{"taxonomy":"product_tag","embeddable":true,"href":"https:\/\/www.seaflowerstore.com\/de\/wp-json\/wp\/v2\/product_tag?post=88580"}],"curies":[{"name":"wp","href":"https:\/\/api.w.org\/{rel}","templated":true}]}}