{"id":88581,"date":"2013-11-05T10:21:31","date_gmt":"2013-11-05T09:21:31","guid":{"rendered":"https:\/\/www.seaflowerstore.com\/nl\/k-balance-250ml-kz\/"},"modified":"2024-03-20T16:18:04","modified_gmt":"2024-03-20T15:18:04","slug":"k-balance-250ml-kz","status":"publish","type":"product","link":"https:\/\/www.seaflowerstore.com\/de\/k-balance-250ml-kz\/","title":{"rendered":"K-Balance &#8211; 250ml (KZ)"},"content":{"rendered":"<h2>K-Balance &#8211; 250ml (KZ)<\/h2>\n<p><strong>Kaliumkonzentrat K-Balance 250 ml von Korallen Zucht Pohls<\/strong> bietet bereits nach wenigen Tagen der Dosierung deutliche Vorteile f\u00fcr Farbe und Wachstum in Ihrem Aquarium. Kalium ist ein essentielles Element, das in Meerwasser vorkommt, \u00e4hnlich wie Kalzium, mit einer Konzentration von etwa 390 mg\/l. K-Balance enth\u00e4lt mehrere Kaliumsalze in hoher Konzentration und unsere Tests in verschiedenen Tanks haben kurz nach der Anwendung sp\u00fcrbare Verbesserungen sowohl bei Farbe als auch Wachstum gezeigt.<\/p>\n<ul>\n<li>Die Polypenausdehnung erfolgt innerhalb kurzer Zeit.<\/li>\n<li>F\u00f6rdert das Wachstum und verbessert die F\u00e4rbung bei allen Arten von Korallen, insbesondere SPS wie Montipora, Stylopora, Seriatopora, Pocillopora und Acropora.<\/li>\n<li>Es wird f\u00fcr die Verwendung in jedem Tanksystem empfohlen.<\/li>\n<\/ul>\n<p><strong>Niedrige Kaliumwerte k\u00f6nnen die folgenden Merkmale aufweisen:<\/strong><\/p>\n<ul>\n<li>Montipora kann aufh\u00f6ren zu wachsen und die Farben werden stumpf oder grau; eine gute F\u00e4rbung ist ohne ausreichend Kalium nicht erreichbar.<\/li>\n<li>Pocillopora und Stylopora k\u00f6nnen bei niedrigem Kaliumspiegel aussehen, als w\u00e4ren sie aus dem Wasser gewesen, ihre Polypen sind zur\u00fcckgezogen und die Farben wirken hell und verwaschen.<\/li>\n<li>Auch blaue Acropora k\u00f6nnen verwaschen aussehen.<\/li>\n<li>Seriatopora kann innerhalb weniger Tage eine vollst\u00e4ndige Gewebenekrose aufweisen.<\/li>\n<li>Turbinaria Reniformis kann das Wachstum vollst\u00e4ndig einstellen.<\/li>\n<\/ul>\n<p><strong>Dosierungsanleitung:<\/strong> Verwenden Sie t\u00e4glich 1 ml pro 100 l (oder 25 Gallonen).<\/p>\n<p><strong>Bitte beachten:<\/strong> Es ist wichtig, die auf dem Etikett angegebene Dosierung nicht zu \u00fcberschreiten, da das Produkt hochkonzentriert ist. Wir empfehlen dringend, Ihren Kaliumspiegel regelm\u00e4\u00dfig zu \u00fcberpr\u00fcfen, genau wie Sie es bei Kalzium oder Magnesium tun w\u00fcrden.<\/p>\n","protected":false},"excerpt":{"rendered":"<p>Korallen Zucht Pohl&#8217;s K-Balance 250ml Potassium Concentrate benefits in color and growth after dosing a few days<\/p>\n","protected":false},"featured_media":77450,"template":"","meta":[],"pwb-brand":[2159],"product_cat":[1391],"product_tag":[],"class_list":{"0":"post-88581","1":"product","2":"type-product","3":"status-publish","4":"has-post-thumbnail","6":"pwb-brand-korallen-zucht","7":"product_cat-ergaenzungen","9":"first","10":"instock","11":"sale","12":"taxable","13":"shipping-taxable","14":"purchasable","15":"product-type-simple"},"acf":[],"brands":[{"id":2159,"name":"Korallen Zucht","slug":"korallen-zucht"}],"_links":{"self":[{"href":"https:\/\/www.seaflowerstore.com\/de\/wp-json\/wp\/v2\/product\/88581","targetHints":{"allow":["GET"]}}],"collection":[{"href":"https:\/\/www.seaflowerstore.com\/de\/wp-json\/wp\/v2\/product"}],"about":[{"href":"https:\/\/www.seaflowerstore.com\/de\/wp-json\/wp\/v2\/types\/product"}],"wp:featuredmedia":[{"embeddable":true,"href":"https:\/\/www.seaflowerstore.com\/de\/wp-json\/wp\/v2\/media\/77450"}],"wp:attachment":[{"href":"https:\/\/www.seaflowerstore.com\/de\/wp-json\/wp\/v2\/media?parent=88581"}],"wp:term":[{"taxonomy":"pwb-brand","embeddable":true,"href":"https:\/\/www.seaflowerstore.com\/de\/wp-json\/wp\/v2\/pwb-brand?post=88581"},{"taxonomy":"product_cat","embeddable":true,"href":"https:\/\/www.seaflowerstore.com\/de\/wp-json\/wp\/v2\/product_cat?post=88581"},{"taxonomy":"product_tag","embeddable":true,"href":"https:\/\/www.seaflowerstore.com\/de\/wp-json\/wp\/v2\/product_tag?post=88581"}],"curies":[{"name":"wp","href":"https:\/\/api.w.org\/{rel}","templated":true}]}}