{"id":88582,"date":"2013-11-05T10:21:24","date_gmt":"2013-11-05T09:21:24","guid":{"rendered":"https:\/\/www.seaflowerstore.com\/nl\/k-balance-100-ml-kz\/"},"modified":"2024-03-20T16:18:02","modified_gmt":"2024-03-20T15:18:02","slug":"k-balance-100-ml-kz","status":"publish","type":"product","link":"https:\/\/www.seaflowerstore.com\/de\/k-balance-100-ml-kz\/","title":{"rendered":"K-Balance &#8211; 100 ml (KZ)"},"content":{"rendered":"<h2>K-Balance &#8211; 100 ml (KZ)<\/h2>\n<p><strong>Kaliumkonzentrat 100 ml von Korallen Zucht Pohls K-Balance<\/strong> sorgt bereits nach wenigen Tagen der Verabreichung f\u00fcr deutliche Verbesserungen bei Farbe und Wachstum. Kalium ist ein lebenswichtiges Element im Meerwasser, \u00e4hnlich wie Kalzium, mit einer Konzentration von etwa 390 mg\/l. K-Balance enth\u00e4lt mehrere Kaliumsalze in hohen Konzentrationen. Unsere Tests in verschiedenen Tanks haben nach der ersten Dosierung eine deutliche Verbesserung der Korallenfarbe und des Korallenwachstums gezeigt.<\/p>\n<ul>\n<li>Die Polypenausdehnung erfolgt innerhalb kurzer Zeit.<\/li>\n<li>Verbessert das Wachstum und die F\u00e4rbung aller Korallen, insbesondere SPS-Arten wie Montipora, Stylopora, Seriatopora, Pocillopora und Acropora.<\/li>\n<li>Es wird f\u00fcr die Verwendung in jedem Tanksystem empfohlen.<\/li>\n<\/ul>\n<p><strong>Niedrige Kaliumwerte weisen die folgenden Merkmale auf:<\/strong><\/p>\n<ul>\n<li>Montipora h\u00f6rt auf zu wachsen und zeigt stumpfe bis graue Farben; eine gute F\u00e4rbung ist ohne Kalium nicht erreichbar.<\/li>\n<li>Pocillopora und Stylopora mit niedrigem Kaliumspiegel sehen aus, als w\u00e4ren sie aus dem Wasser gewesen, die Polypen sind zur\u00fcckgezogen und die Farben wirken hell und verwaschen.<\/li>\n<li>Auch blaue Acropora zeigen ein verwaschenes Aussehen.<\/li>\n<li>Bei Seriatopora kann es innerhalb weniger Tage zu einer vollst\u00e4ndigen Gewebenekrose kommen.<\/li>\n<li>Turbinaria Reniformis h\u00f6rt auf zu wachsen.<\/li>\n<\/ul>\n<p><strong>Dosierung:<\/strong> Verwenden Sie 1 ml pro 100 l oder 25 Gallonen pro Tag.<\/p>\n<p><strong>Bitte beachten:<\/strong> \u00dcberschreiten Sie nicht die auf dem Etikett angegebene Dosierung, da das Produkt hochkonzentriert ist. Wir empfehlen, den Kaliumspiegel regelm\u00e4\u00dfig zu \u00fcberpr\u00fcfen, \u00e4hnlich wie bei Kalzium oder Magnesium.<\/p>\n","protected":false},"excerpt":{"rendered":"<p>Korallen Zucht Pohl&#8217;s K-Balance 100ml Potassium Concentrate benefits in color and growth after dosing a few days<\/p>\n","protected":false},"featured_media":77448,"template":"","meta":[],"pwb-brand":[2159],"product_cat":[1391],"product_tag":[],"class_list":{"0":"post-88582","1":"product","2":"type-product","3":"status-publish","4":"has-post-thumbnail","6":"pwb-brand-korallen-zucht","7":"product_cat-ergaenzungen","9":"first","10":"instock","11":"sale","12":"taxable","13":"shipping-taxable","14":"purchasable","15":"product-type-simple"},"acf":[],"brands":[{"id":2159,"name":"Korallen Zucht","slug":"korallen-zucht"}],"_links":{"self":[{"href":"https:\/\/www.seaflowerstore.com\/de\/wp-json\/wp\/v2\/product\/88582","targetHints":{"allow":["GET"]}}],"collection":[{"href":"https:\/\/www.seaflowerstore.com\/de\/wp-json\/wp\/v2\/product"}],"about":[{"href":"https:\/\/www.seaflowerstore.com\/de\/wp-json\/wp\/v2\/types\/product"}],"wp:featuredmedia":[{"embeddable":true,"href":"https:\/\/www.seaflowerstore.com\/de\/wp-json\/wp\/v2\/media\/77448"}],"wp:attachment":[{"href":"https:\/\/www.seaflowerstore.com\/de\/wp-json\/wp\/v2\/media?parent=88582"}],"wp:term":[{"taxonomy":"pwb-brand","embeddable":true,"href":"https:\/\/www.seaflowerstore.com\/de\/wp-json\/wp\/v2\/pwb-brand?post=88582"},{"taxonomy":"product_cat","embeddable":true,"href":"https:\/\/www.seaflowerstore.com\/de\/wp-json\/wp\/v2\/product_cat?post=88582"},{"taxonomy":"product_tag","embeddable":true,"href":"https:\/\/www.seaflowerstore.com\/de\/wp-json\/wp\/v2\/product_tag?post=88582"}],"curies":[{"name":"wp","href":"https:\/\/api.w.org\/{rel}","templated":true}]}}