{"id":88583,"date":"2013-11-05T10:21:12","date_gmt":"2013-11-05T09:21:12","guid":{"rendered":"https:\/\/www.seaflowerstore.com\/nl\/stylo-pocci-glow-100-ml-kz\/"},"modified":"2025-07-29T16:28:27","modified_gmt":"2025-07-29T14:28:27","slug":"stylo-pocci-glow-100-ml-kz","status":"publish","type":"product","link":"https:\/\/www.seaflowerstore.com\/de\/stylo-pocci-glow-100-ml-kz\/","title":{"rendered":"Stylo Pocci Glow &#8211; 100 ml (KZ)"},"content":{"rendered":"<h2>Korallen Zucht Stylo Pocci Glow 100 ml Especially for Seriatopora, Stylophora and Pocillopora<\/h2>\n<p>Das Korallen Zucht Stylo Pocci Glow wurde entwickelt, um die Dichte der Zooxanthellen in Ihren Pocillopora-, Stylophora- und Seriatopora-Korallen effektiv zu regulieren. Dieses Produkt unterst\u00fctzt nicht nur ein nat\u00fcrliches Aussehen, sondern verbessert auch die Bildung lebendiger Farben und ist somit eine fantastische Erg\u00e4nzung f\u00fcr jedes Aquariumsystem.<\/p>\n<p>Bei t\u00e4glicher Dosierung werden Sie von der Verbesserung der Korallenf\u00e4rbung angenehm \u00fcberrascht sein. Dosieren Sie einfach, bis das Gewebe seine Farbe wiedererlangt, und unterbrechen Sie die Dosierung, bis Sie bemerken, dass die Farbe zu verblassen beginnt.<\/p>\n<p><strong>Dosierungsanleitung:<\/strong> Verwenden Sie 1 Tropfen pro 100 Liter (25 Gallonen) pro Tag.<\/p>\n","protected":false},"excerpt":{"rendered":"<p>Korallen Zucht Stylo Pocci Glow 100 ml Especially for Seriatopora, Stylophora and Pocillopora Das Korallen Zucht Stylo Pocci Glow wurde entwickelt, um die Dichte der Zooxanthellen in Ihren Pocillopora-, Stylophora- und Seriatopora-Korallen effektiv zu regulieren. Dieses Produkt unterst\u00fctzt nicht nur ein nat\u00fcrliches Aussehen, sondern verbessert auch die Bildung lebendiger Farben und ist somit eine fantastische [&#8230;]\n","protected":false},"featured_media":77413,"template":"","meta":[],"pwb-brand":[2159],"product_cat":[1391],"product_tag":[],"class_list":{"0":"post-88583","1":"product","2":"type-product","3":"status-publish","4":"has-post-thumbnail","6":"pwb-brand-korallen-zucht","7":"product_cat-ergaenzungen","9":"first","10":"instock","11":"sale","12":"taxable","13":"shipping-taxable","14":"purchasable","15":"product-type-simple"},"acf":[],"brands":[{"id":2159,"name":"Korallen Zucht","slug":"korallen-zucht"}],"_links":{"self":[{"href":"https:\/\/www.seaflowerstore.com\/de\/wp-json\/wp\/v2\/product\/88583","targetHints":{"allow":["GET"]}}],"collection":[{"href":"https:\/\/www.seaflowerstore.com\/de\/wp-json\/wp\/v2\/product"}],"about":[{"href":"https:\/\/www.seaflowerstore.com\/de\/wp-json\/wp\/v2\/types\/product"}],"wp:featuredmedia":[{"embeddable":true,"href":"https:\/\/www.seaflowerstore.com\/de\/wp-json\/wp\/v2\/media\/77413"}],"wp:attachment":[{"href":"https:\/\/www.seaflowerstore.com\/de\/wp-json\/wp\/v2\/media?parent=88583"}],"wp:term":[{"taxonomy":"pwb-brand","embeddable":true,"href":"https:\/\/www.seaflowerstore.com\/de\/wp-json\/wp\/v2\/pwb-brand?post=88583"},{"taxonomy":"product_cat","embeddable":true,"href":"https:\/\/www.seaflowerstore.com\/de\/wp-json\/wp\/v2\/product_cat?post=88583"},{"taxonomy":"product_tag","embeddable":true,"href":"https:\/\/www.seaflowerstore.com\/de\/wp-json\/wp\/v2\/product_tag?post=88583"}],"curies":[{"name":"wp","href":"https:\/\/api.w.org\/{rel}","templated":true}]}}