{"id":88584,"date":"2013-11-05T10:20:49","date_gmt":"2013-11-05T09:20:49","guid":{"rendered":"https:\/\/www.seaflowerstore.com\/nl\/stylo-pocci-glow-50-ml-kz\/"},"modified":"2025-06-07T19:35:31","modified_gmt":"2025-06-07T17:35:31","slug":"stylo-pocci-glow-50-ml-kz","status":"publish","type":"product","link":"https:\/\/www.seaflowerstore.com\/de\/stylo-pocci-glow-50-ml-kz\/","title":{"rendered":"Stylo Pocci Glow &#8211; 50 ml (KZ)"},"content":{"rendered":"<h2>Korallen Zucht Stylo Pocci Glow 50 ml Especially for Seriatopora, Stylophora and Pocillopora<\/h2>\n<p>Das Korallen Zucht Stylo Pocci Glow wurde speziell f\u00fcr Seriatopora-, Stylophora- und Pocillopora-Korallen entwickelt. Dieses Produkt reguliert effektiv die Dichte der Zooxanthellen und f\u00f6rdert die Entwicklung lebendiger und kr\u00e4ftiger Farben in Ihren Korallen.<\/p>\n<p>Es wird f\u00fcr die Verwendung in jedem Tanksystem empfohlen. Bei t\u00e4glicher Dosierung werden Sie von der Verbesserung der Korallenf\u00e4rbung angenehm \u00fcberrascht sein. Fahren Sie mit der Dosierung fort, solange das Korallengewebe farbenfroh bleibt. Sobald Sie eine Abnahme der F\u00e4rbung bemerken, unterbrechen Sie die Dosierung am besten, bis die Farbe zu verblassen beginnt.<\/p>\n<p><strong>Dosierungsanweisungen:<\/strong> Verwenden Sie 1 Tropfen pro 100 Liter (oder 25 Gallonen) pro Tag.<\/p>\n","protected":false},"excerpt":{"rendered":"<p>Korallen Zucht Stylo Pocci Glow 50 ml Especially for Seriatopora, Stylophora and Pocillopora<\/p>\n","protected":false},"featured_media":77412,"template":"","meta":[],"pwb-brand":[2159],"product_cat":[1391],"product_tag":[],"class_list":{"0":"post-88584","1":"product","2":"type-product","3":"status-publish","4":"has-post-thumbnail","6":"pwb-brand-korallen-zucht","7":"product_cat-ergaenzungen","9":"first","10":"instock","11":"sale","12":"taxable","13":"shipping-taxable","14":"purchasable","15":"product-type-simple"},"acf":[],"brands":[{"id":2159,"name":"Korallen Zucht","slug":"korallen-zucht"}],"_links":{"self":[{"href":"https:\/\/www.seaflowerstore.com\/de\/wp-json\/wp\/v2\/product\/88584","targetHints":{"allow":["GET"]}}],"collection":[{"href":"https:\/\/www.seaflowerstore.com\/de\/wp-json\/wp\/v2\/product"}],"about":[{"href":"https:\/\/www.seaflowerstore.com\/de\/wp-json\/wp\/v2\/types\/product"}],"wp:featuredmedia":[{"embeddable":true,"href":"https:\/\/www.seaflowerstore.com\/de\/wp-json\/wp\/v2\/media\/77412"}],"wp:attachment":[{"href":"https:\/\/www.seaflowerstore.com\/de\/wp-json\/wp\/v2\/media?parent=88584"}],"wp:term":[{"taxonomy":"pwb-brand","embeddable":true,"href":"https:\/\/www.seaflowerstore.com\/de\/wp-json\/wp\/v2\/pwb-brand?post=88584"},{"taxonomy":"product_cat","embeddable":true,"href":"https:\/\/www.seaflowerstore.com\/de\/wp-json\/wp\/v2\/product_cat?post=88584"},{"taxonomy":"product_tag","embeddable":true,"href":"https:\/\/www.seaflowerstore.com\/de\/wp-json\/wp\/v2\/product_tag?post=88584"}],"curies":[{"name":"wp","href":"https:\/\/api.w.org\/{rel}","templated":true}]}}