{"id":88585,"date":"2013-11-05T10:16:48","date_gmt":"2013-11-05T09:16:48","guid":{"rendered":"https:\/\/www.seaflowerstore.com\/nl\/coral-vitalizer-100-ml-kz\/"},"modified":"2025-06-07T19:35:31","modified_gmt":"2025-06-07T17:35:31","slug":"coral-vitalizer-100-ml-kz","status":"publish","type":"product","link":"https:\/\/www.seaflowerstore.com\/de\/coral-vitalizer-100-ml-kz\/","title":{"rendered":"Coral Vitalizer &#8211; 100 ml (KZ)"},"content":{"rendered":"<h2>Korallen Zucht Pohls Coral Vitalizer 100 ml Coralfood Concentrate contains both liquid and solid elements<\/h2>\n<p>Das neue Coralfood-Konzentrat bietet eine Mischung aus fl\u00fcssigen und festen Elementen und ist damit ideal f\u00fcr die Ern\u00e4hrung von SPS-Korallen und verschiedenen Weichkorallen.<\/p>\n<p>Dieses Produkt erh\u00f6ht weder den PO4- noch den NO3-Spiegel, was f\u00fcr die Erhaltung einer gesunden Umgebung gro\u00dfartig ist. Sie k\u00f6nnen mit ersten Ergebnissen innerhalb von 7 bis 10 Tagen rechnen. W\u00e4hrend sich Ihre Korallen an die F\u00fctterung gew\u00f6hnen, werden Sie wahrscheinlich eine verst\u00e4rkte Polypenausdehnung feststellen. Beispielsweise werden Acropora-Korallen auch w\u00e4hrend der Lichtperiode vollst\u00e4ndig ausgebreitet sein.<\/p>\n<p>Ihre Korallen behalten ihre leuchtenden, nat\u00fcrlichen Farben und profitieren gleichzeitig von verst\u00e4rktem Wachstum.<\/p>\n<p>Wir empfehlen eine <strong>Dosierung<\/strong> von 1 bis 3 Tropfen pro 100 Liter (25 Gallonen) pro Tag, abh\u00e4ngig von den in Ihrem Aquarium vorhandenen Tieren.<\/p>\n","protected":false},"excerpt":{"rendered":"<p>Korallen Zucht Pohl&#8217;s Coral Vitalizer 100 ml Coralfood Concentrate contains both liquid and solid elements<\/p>\n","protected":false},"featured_media":77446,"template":"","meta":[],"pwb-brand":[2159],"product_cat":[1391],"product_tag":[],"class_list":{"0":"post-88585","1":"product","2":"type-product","3":"status-publish","4":"has-post-thumbnail","6":"pwb-brand-korallen-zucht","7":"product_cat-ergaenzungen","9":"first","10":"instock","11":"sale","12":"taxable","13":"shipping-taxable","14":"purchasable","15":"product-type-simple"},"acf":[],"brands":[{"id":2159,"name":"Korallen Zucht","slug":"korallen-zucht"}],"_links":{"self":[{"href":"https:\/\/www.seaflowerstore.com\/de\/wp-json\/wp\/v2\/product\/88585","targetHints":{"allow":["GET"]}}],"collection":[{"href":"https:\/\/www.seaflowerstore.com\/de\/wp-json\/wp\/v2\/product"}],"about":[{"href":"https:\/\/www.seaflowerstore.com\/de\/wp-json\/wp\/v2\/types\/product"}],"wp:featuredmedia":[{"embeddable":true,"href":"https:\/\/www.seaflowerstore.com\/de\/wp-json\/wp\/v2\/media\/77446"}],"wp:attachment":[{"href":"https:\/\/www.seaflowerstore.com\/de\/wp-json\/wp\/v2\/media?parent=88585"}],"wp:term":[{"taxonomy":"pwb-brand","embeddable":true,"href":"https:\/\/www.seaflowerstore.com\/de\/wp-json\/wp\/v2\/pwb-brand?post=88585"},{"taxonomy":"product_cat","embeddable":true,"href":"https:\/\/www.seaflowerstore.com\/de\/wp-json\/wp\/v2\/product_cat?post=88585"},{"taxonomy":"product_tag","embeddable":true,"href":"https:\/\/www.seaflowerstore.com\/de\/wp-json\/wp\/v2\/product_tag?post=88585"}],"curies":[{"name":"wp","href":"https:\/\/api.w.org\/{rel}","templated":true}]}}