{"id":88586,"date":"2013-11-05T10:16:44","date_gmt":"2013-11-05T09:16:44","guid":{"rendered":"https:\/\/www.seaflowerstore.com\/nl\/coral-vitalizer-50-ml-kz\/"},"modified":"2024-03-20T16:18:00","modified_gmt":"2024-03-20T15:18:00","slug":"coral-vitalizer-50-ml-kz","status":"publish","type":"product","link":"https:\/\/www.seaflowerstore.com\/de\/coral-vitalizer-50-ml-kz\/","title":{"rendered":"Coral Vitalizer &#8211; 50 ml (KZ)"},"content":{"rendered":"<h2>Korallen Zucht Pohls Coral Vitalizer 50 ml Coralfood Concentrate contains both liquid and solid elements<\/h2>\n<p>Das neue Coralfood-Konzentrat enth\u00e4lt sowohl fl\u00fcssige als auch feste Bestandteile und versorgt SPS-Korallen sowie verschiedene Weichkorallen mit wichtigen N\u00e4hrstoffen. Es erh\u00f6ht den PO4- oder NO3-Spiegel in Ihrem Aquarium nicht.<\/p>\n<p>Sie k\u00f6nnen mit ersten Ergebnissen innerhalb von 7 bis 10 Tagen rechnen. Sobald sich Ihre Korallen an die F\u00fctterung gew\u00f6hnt haben, werden Sie wahrscheinlich eine beeindruckende Polypenausdehnung beobachten; Acropora beispielsweise wird sich sogar w\u00e4hrend der Lichtperiode vollst\u00e4ndig ausdehnen.<\/p>\n<p>Dar\u00fcber hinaus behalten Ihre Korallen ihre leuchtenden, nat\u00fcrlichen Farben und Sie werden ein verst\u00e4rktes Korallenwachstum feststellen.<\/p>\n<p>Wir empfehlen eine <strong>Dosierung<\/strong> von 1 bis 3 Tropfen pro 100 Liter (oder 25 Gallonen) pro Tag, abh\u00e4ngig von den Tieren in Ihrem Aquarium.<\/p>\n","protected":false},"excerpt":{"rendered":"<p>Korallen Zucht Pohl&#8217;s Coral Vitalizer 50 ml Coralfood Concentrate contains both liquid and solid elements<\/p>\n","protected":false},"featured_media":77444,"template":"","meta":[],"pwb-brand":[2159],"product_cat":[1391],"product_tag":[],"class_list":{"0":"post-88586","1":"product","2":"type-product","3":"status-publish","4":"has-post-thumbnail","6":"pwb-brand-korallen-zucht","7":"product_cat-ergaenzungen","9":"first","10":"instock","11":"sale","12":"taxable","13":"shipping-taxable","14":"purchasable","15":"product-type-simple"},"acf":[],"brands":[{"id":2159,"name":"Korallen Zucht","slug":"korallen-zucht"}],"_links":{"self":[{"href":"https:\/\/www.seaflowerstore.com\/de\/wp-json\/wp\/v2\/product\/88586","targetHints":{"allow":["GET"]}}],"collection":[{"href":"https:\/\/www.seaflowerstore.com\/de\/wp-json\/wp\/v2\/product"}],"about":[{"href":"https:\/\/www.seaflowerstore.com\/de\/wp-json\/wp\/v2\/types\/product"}],"wp:featuredmedia":[{"embeddable":true,"href":"https:\/\/www.seaflowerstore.com\/de\/wp-json\/wp\/v2\/media\/77444"}],"wp:attachment":[{"href":"https:\/\/www.seaflowerstore.com\/de\/wp-json\/wp\/v2\/media?parent=88586"}],"wp:term":[{"taxonomy":"pwb-brand","embeddable":true,"href":"https:\/\/www.seaflowerstore.com\/de\/wp-json\/wp\/v2\/pwb-brand?post=88586"},{"taxonomy":"product_cat","embeddable":true,"href":"https:\/\/www.seaflowerstore.com\/de\/wp-json\/wp\/v2\/product_cat?post=88586"},{"taxonomy":"product_tag","embeddable":true,"href":"https:\/\/www.seaflowerstore.com\/de\/wp-json\/wp\/v2\/product_tag?post=88586"}],"curies":[{"name":"wp","href":"https:\/\/api.w.org\/{rel}","templated":true}]}}