{"id":88587,"date":"2013-11-05T10:16:17","date_gmt":"2013-11-05T09:16:17","guid":{"rendered":"https:\/\/www.seaflowerstore.com\/nl\/potassium-iodide-fluoride-concentrate-100-ml-kz\/"},"modified":"2024-03-20T16:17:40","modified_gmt":"2024-03-20T15:17:40","slug":"potassium-iodide-fluoride-concentrate-100-ml-kz","status":"publish","type":"product","link":"https:\/\/www.seaflowerstore.com\/de\/potassium-iodide-fluoride-concentrate-100-ml-kz\/","title":{"rendered":"Potassium Iodide Fluoride Concentrate &#8211; 100 ml (KZ)"},"content":{"rendered":"<h2>Potassium Iodide Fluoride Concentrate &#8211; 100 ml (KZ)<\/h2>\n<p>Kaliumjodid-Fluorid-Konzentrat von Korallen Zucht wurde entwickelt, um die leuchtenden blauen Farben Ihrer SPS-Korallen zu verst\u00e4rken, insbesondere die blauen Farbt\u00f6ne von Acropora und Montipora. Dieses Produkt enth\u00e4lt essentielles anorganisches Jodid sowie Brom, Kalium und Fluor und ist somit eine gro\u00dfartige Erg\u00e4nzung f\u00fcr jedes Tanksystem.<\/p>\n<p><strong>Dosierung:<\/strong> Verwenden Sie f\u00fcr optimale Ergebnisse t\u00e4glich 1 Tropfen pro 100 Liter (oder 25 Gallonen).<\/p>\n","protected":false},"excerpt":{"rendered":"<p>Korallen Zucht Potassium Iodide Fluoride Concentrate 100 ml Addition leads to improved blue colors in SPS, especially for blue color of Acropora and Montipora<\/p>\n","protected":false},"featured_media":77419,"template":"","meta":[],"pwb-brand":[2159],"product_cat":[1391],"product_tag":[],"class_list":{"0":"post-88587","1":"product","2":"type-product","3":"status-publish","4":"has-post-thumbnail","6":"pwb-brand-korallen-zucht","7":"product_cat-ergaenzungen","9":"first","10":"instock","11":"sale","12":"taxable","13":"shipping-taxable","14":"purchasable","15":"product-type-simple"},"acf":[],"brands":[{"id":2159,"name":"Korallen Zucht","slug":"korallen-zucht"}],"_links":{"self":[{"href":"https:\/\/www.seaflowerstore.com\/de\/wp-json\/wp\/v2\/product\/88587","targetHints":{"allow":["GET"]}}],"collection":[{"href":"https:\/\/www.seaflowerstore.com\/de\/wp-json\/wp\/v2\/product"}],"about":[{"href":"https:\/\/www.seaflowerstore.com\/de\/wp-json\/wp\/v2\/types\/product"}],"wp:featuredmedia":[{"embeddable":true,"href":"https:\/\/www.seaflowerstore.com\/de\/wp-json\/wp\/v2\/media\/77419"}],"wp:attachment":[{"href":"https:\/\/www.seaflowerstore.com\/de\/wp-json\/wp\/v2\/media?parent=88587"}],"wp:term":[{"taxonomy":"pwb-brand","embeddable":true,"href":"https:\/\/www.seaflowerstore.com\/de\/wp-json\/wp\/v2\/pwb-brand?post=88587"},{"taxonomy":"product_cat","embeddable":true,"href":"https:\/\/www.seaflowerstore.com\/de\/wp-json\/wp\/v2\/product_cat?post=88587"},{"taxonomy":"product_tag","embeddable":true,"href":"https:\/\/www.seaflowerstore.com\/de\/wp-json\/wp\/v2\/product_tag?post=88587"}],"curies":[{"name":"wp","href":"https:\/\/api.w.org\/{rel}","templated":true}]}}