{"id":88589,"date":"2013-11-05T10:15:29","date_gmt":"2013-11-05T09:15:29","guid":{"rendered":"https:\/\/www.seaflowerstore.com\/nl\/pohls-b-balance-concentrate-1000ml-kz\/"},"modified":"2025-06-07T19:35:31","modified_gmt":"2025-06-07T17:35:31","slug":"pohls-b-balance-concentrate-1000ml-kz","status":"publish","type":"product","link":"https:\/\/www.seaflowerstore.com\/de\/pohls-b-balance-concentrate-1000ml-kz\/","title":{"rendered":"Pohl&#8217;s B-Balance Concentrate 1000ml (KZ)"},"content":{"rendered":"<h2>Korallen Zucht Pohls B-Balance Concentrate 1000ml Enhances red coloration of SPS &#038; LPS corals<\/h2>\n<p><strong>Pohl&#8217;s B-Balance Concentrate<\/strong> wurde entwickelt, um die rote F\u00e4rbung Ihrer SPS- und LPS-Korallen zu verst\u00e4rken. Es f\u00f6rdert eine tiefere F\u00e4rbung und ist wichtig f\u00fcr die F\u00f6rderung einer gesunden Korallenbodenkruste.<\/p>\n<p>Dieses Produkt unterst\u00fctzt das Wachstum, die Reproduktion und die F\u00e4rbung von blauen <em>Cespitularia<\/em>. Durch die Zugabe von Pohl&#8217;s B-Balance k\u00f6nnen Sie empfindliche Meereslebewesen wie Cespitularia unterst\u00fctzen. Es verst\u00e4rkt insbesondere die roten Farbt\u00f6ne bei Korallen wie <em>Acropora<\/em>, <em>Stylophora<\/em> und <em>Pocillopora<\/em>.<\/p>\n<p>Bei regelm\u00e4\u00dfiger Anwendung werden Ihre Korallen ges\u00fcnder und robuster. Die Bodenkruste wird fest und sie gedeihen sogar in dunkleren Bereichen Ihres Aquariums.<\/p>\n<p>Bei der ersten Anwendung k\u00f6nnen Sie zwischen <strong>50-100 ml pro 100 Liter (25 Gallonen)<\/strong> Tankwasser dosieren, um fehlende Mineralien wieder aufzuf\u00fcllen. Nach dieser ersten Behandlung k\u00f6nnen Sie erwarten, dass Ihre SPS-Korallen ihre neue Sch\u00f6nheit offenbaren. Machen Sie nach dieser ersten Dosis unbedingt eine Pause von <strong>2 Tagen<\/strong>.<\/p>\n<p>Nach der Pause sollten Sie t\u00e4glich <strong>1 ml pro 100 Liter (25 Gallonen)<\/strong> dosieren. Wenn Sie in Ihrem Tank auch <em>ZEOspur 2<\/em> verwenden, kann die Dosiermenge von B-Balance um <strong>50 %<\/strong> reduziert werden.<\/p>\n","protected":false},"excerpt":{"rendered":"<p>Korallen Zucht Pohl&#8217;s B-Balance Concentrate 1000ml Enhances red coloration of SPS &amp; LPS corals<\/p>\n","protected":false},"featured_media":77458,"template":"","meta":[],"pwb-brand":[2159],"product_cat":[1391],"product_tag":[],"class_list":{"0":"post-88589","1":"product","2":"type-product","3":"status-publish","4":"has-post-thumbnail","6":"pwb-brand-korallen-zucht","7":"product_cat-ergaenzungen","9":"first","10":"instock","11":"sale","12":"taxable","13":"shipping-taxable","14":"purchasable","15":"product-type-simple"},"acf":[],"brands":[{"id":2159,"name":"Korallen Zucht","slug":"korallen-zucht"}],"_links":{"self":[{"href":"https:\/\/www.seaflowerstore.com\/de\/wp-json\/wp\/v2\/product\/88589","targetHints":{"allow":["GET"]}}],"collection":[{"href":"https:\/\/www.seaflowerstore.com\/de\/wp-json\/wp\/v2\/product"}],"about":[{"href":"https:\/\/www.seaflowerstore.com\/de\/wp-json\/wp\/v2\/types\/product"}],"wp:featuredmedia":[{"embeddable":true,"href":"https:\/\/www.seaflowerstore.com\/de\/wp-json\/wp\/v2\/media\/77458"}],"wp:attachment":[{"href":"https:\/\/www.seaflowerstore.com\/de\/wp-json\/wp\/v2\/media?parent=88589"}],"wp:term":[{"taxonomy":"pwb-brand","embeddable":true,"href":"https:\/\/www.seaflowerstore.com\/de\/wp-json\/wp\/v2\/pwb-brand?post=88589"},{"taxonomy":"product_cat","embeddable":true,"href":"https:\/\/www.seaflowerstore.com\/de\/wp-json\/wp\/v2\/product_cat?post=88589"},{"taxonomy":"product_tag","embeddable":true,"href":"https:\/\/www.seaflowerstore.com\/de\/wp-json\/wp\/v2\/product_tag?post=88589"}],"curies":[{"name":"wp","href":"https:\/\/api.w.org\/{rel}","templated":true}]}}