{"id":88590,"date":"2013-11-05T10:15:26","date_gmt":"2013-11-05T09:15:26","guid":{"rendered":"https:\/\/www.seaflowerstore.com\/nl\/pohls-b-balance-concentrate-500ml-kz\/"},"modified":"2024-03-20T16:18:12","modified_gmt":"2024-03-20T15:18:12","slug":"pohls-b-balance-concentrate-500ml-kz","status":"publish","type":"product","link":"https:\/\/www.seaflowerstore.com\/de\/pohls-b-balance-concentrate-500ml-kz\/","title":{"rendered":"Pohl&#8217;s B-Balance Concentrate 500ml (KZ)"},"content":{"rendered":"<h2>Pohl&#8217;s B-Balance Concentrate 500ml Enhances red coloration of SPS &#038; LPS corals<\/h2>\n<p><strong>Pohl&#8217;s B-Balance<\/strong> wurde entwickelt, um die rote F\u00e4rbung Ihrer SPS- und LPS-Korallen zu verst\u00e4rken und tiefere Farbt\u00f6ne und eine lebendige Unterwasserumgebung zu f\u00f6rdern.<\/p>\n<p>Dieses Produkt spielt eine wichtige Rolle bei:<\/p>\n<ul>\n<li>Unterst\u00fctzung einer gesunden Korallenbasiskruste.<\/li>\n<li>Unterst\u00fctzung des Wachstums, der Reproduktion und der F\u00e4rbung von blauen Cespitularia.<\/li>\n<li>Verst\u00e4rkung der roten Farben bei Acropora, Stylophora und Pocillopora.<\/li>\n<\/ul>\n<p>Wenn Sie Pohl&#8217;s B-Balance in Ihr Aquarium geben, werden Sie feststellen, dass Ihre Korallen ges\u00fcnder und robuster werden. Die Bodenverkrustung wird st\u00e4rker und Ihre Korallen gedeihen auch bei schlechteren Lichtverh\u00e4ltnissen.<\/p>\n<p>Bei der ersten Anwendung empfehlen wir eine Dosierung von <strong>50-100 ml<\/strong> pro <strong>100 L \/ 25 Gallonen<\/strong> Tankwasser, um fehlende Mineralien wieder aufzuf\u00fcllen. Nach dieser Behandlung werden Ihre SPS-Korallen ihre neue Sch\u00f6nheit offenbaren. Bitte legen Sie eine Pause von <strong>2 Tagen<\/strong> ein, bevor Sie fortfahren. Nach dieser Pause dosieren Sie t\u00e4glich <strong>1 ml\/100 L \/ 25 Gallonen<\/strong>.<\/p>\n<p>Wenn Sie in Ihrem Tank auch <strong>ZEOspur 2<\/strong> verwenden, k\u00f6nnen Sie die Dosiermenge von B-Balance um <strong>50 %<\/strong> reduzieren.<\/p>\n","protected":false},"excerpt":{"rendered":"<p>Korallen Zucht Pohl&#8217;s B-Balance Concentrate 500ml Enhances red coloration of SPS &amp; LPS corals<\/p>\n","protected":false},"featured_media":77457,"template":"","meta":[],"pwb-brand":[2159],"product_cat":[1391],"product_tag":[],"class_list":{"0":"post-88590","1":"product","2":"type-product","3":"status-publish","4":"has-post-thumbnail","6":"pwb-brand-korallen-zucht","7":"product_cat-ergaenzungen","9":"first","10":"instock","11":"sale","12":"taxable","13":"shipping-taxable","14":"purchasable","15":"product-type-simple"},"acf":[],"brands":[{"id":2159,"name":"Korallen Zucht","slug":"korallen-zucht"}],"_links":{"self":[{"href":"https:\/\/www.seaflowerstore.com\/de\/wp-json\/wp\/v2\/product\/88590","targetHints":{"allow":["GET"]}}],"collection":[{"href":"https:\/\/www.seaflowerstore.com\/de\/wp-json\/wp\/v2\/product"}],"about":[{"href":"https:\/\/www.seaflowerstore.com\/de\/wp-json\/wp\/v2\/types\/product"}],"wp:featuredmedia":[{"embeddable":true,"href":"https:\/\/www.seaflowerstore.com\/de\/wp-json\/wp\/v2\/media\/77457"}],"wp:attachment":[{"href":"https:\/\/www.seaflowerstore.com\/de\/wp-json\/wp\/v2\/media?parent=88590"}],"wp:term":[{"taxonomy":"pwb-brand","embeddable":true,"href":"https:\/\/www.seaflowerstore.com\/de\/wp-json\/wp\/v2\/pwb-brand?post=88590"},{"taxonomy":"product_cat","embeddable":true,"href":"https:\/\/www.seaflowerstore.com\/de\/wp-json\/wp\/v2\/product_cat?post=88590"},{"taxonomy":"product_tag","embeddable":true,"href":"https:\/\/www.seaflowerstore.com\/de\/wp-json\/wp\/v2\/product_tag?post=88590"}],"curies":[{"name":"wp","href":"https:\/\/api.w.org\/{rel}","templated":true}]}}