{"id":88591,"date":"2013-11-05T10:15:23","date_gmt":"2013-11-05T09:15:23","guid":{"rendered":"https:\/\/www.seaflowerstore.com\/nl\/pohls-b-balance-concentrate-250ml-kz\/"},"modified":"2024-03-20T16:18:11","modified_gmt":"2024-03-20T15:18:11","slug":"pohls-b-balance-concentrate-250ml-kz","status":"publish","type":"product","link":"https:\/\/www.seaflowerstore.com\/de\/pohls-b-balance-concentrate-250ml-kz\/","title":{"rendered":"Pohl&#8217;s B-Balance Concentrate 250ml (KZ)"},"content":{"rendered":"<h2>Korallen Zucht Pohls B-Balance Concentrate 250ml Enhances red coloration of SPS &amp; LPS corals<\/h2>\n<p><strong>Pohl&#8217;s B-Balance Concentrate<\/strong> wurde entwickelt, um die tiefe F\u00e4rbung Ihrer Korallen zu verst\u00e4rken, insbesondere die leuchtenden Rott\u00f6ne von Acropora, Stylophora und Pocillopora. Dieses Produkt ist wichtig f\u00fcr die F\u00f6rderung einer gesunden Korallengrundkruste, die Wachstum, Reproduktion und Gesamtf\u00e4rbung von blauen Cespitularia unterst\u00fctzt.<\/p>\n<p>Durch die Zugabe von <strong>Pohl&#8217;s B-Balance<\/strong> in Ihr Aquarium k\u00f6nnen Sie empfindliche Arten wie Cespitularia gedeihen lassen. Sie werden feststellen, dass Ihre Korallen ges\u00fcnder und robuster werden und eine solide Grundkruste erhalten, die ihnen erm\u00f6glicht, auch in dunkleren Bereichen zu wachsen.<\/p>\n<p>Bei der ersten Verwendung wird eine Dosierung zwischen <strong>50-100 ml pro 100 l (25 Gallonen)<\/strong> Aquariumwasser empfohlen, um fehlende Mineralien wieder aufzuf\u00fcllen. Nach dieser Behandlung werden Sie sehen, wie Ihre SPS-Korallen ihre atemberaubende Sch\u00f6nheit entfalten. Anschlie\u00dfend pausieren Sie bitte <strong>2 Tage<\/strong>.<\/p>\n<p>Nach der Pause k\u00f6nnen Sie mit der Dosierung von <strong>1 ml pro 100 L (25 Gallonen)<\/strong> t\u00e4glich beginnen. Wenn Sie in Ihrem Becken auch ZEOspur 2 verwenden, beachten Sie bitte, dass die Dosiermenge von B-Balance um <strong>50%<\/strong> reduziert werden kann.<\/p>\n","protected":false},"excerpt":{"rendered":"<p>Korallen Zucht Pohl&#8217;s B-Balance Concentrate 250ml Enhances red coloration of SPS &amp; LPS corals<\/p>\n","protected":false},"featured_media":77456,"template":"","meta":[],"pwb-brand":[2159],"product_cat":[1391],"product_tag":[],"class_list":{"0":"post-88591","1":"product","2":"type-product","3":"status-publish","4":"has-post-thumbnail","6":"pwb-brand-korallen-zucht","7":"product_cat-ergaenzungen","9":"first","10":"instock","11":"sale","12":"taxable","13":"shipping-taxable","14":"purchasable","15":"product-type-simple"},"acf":[],"brands":[{"id":2159,"name":"Korallen Zucht","slug":"korallen-zucht"}],"_links":{"self":[{"href":"https:\/\/www.seaflowerstore.com\/de\/wp-json\/wp\/v2\/product\/88591","targetHints":{"allow":["GET"]}}],"collection":[{"href":"https:\/\/www.seaflowerstore.com\/de\/wp-json\/wp\/v2\/product"}],"about":[{"href":"https:\/\/www.seaflowerstore.com\/de\/wp-json\/wp\/v2\/types\/product"}],"wp:featuredmedia":[{"embeddable":true,"href":"https:\/\/www.seaflowerstore.com\/de\/wp-json\/wp\/v2\/media\/77456"}],"wp:attachment":[{"href":"https:\/\/www.seaflowerstore.com\/de\/wp-json\/wp\/v2\/media?parent=88591"}],"wp:term":[{"taxonomy":"pwb-brand","embeddable":true,"href":"https:\/\/www.seaflowerstore.com\/de\/wp-json\/wp\/v2\/pwb-brand?post=88591"},{"taxonomy":"product_cat","embeddable":true,"href":"https:\/\/www.seaflowerstore.com\/de\/wp-json\/wp\/v2\/product_cat?post=88591"},{"taxonomy":"product_tag","embeddable":true,"href":"https:\/\/www.seaflowerstore.com\/de\/wp-json\/wp\/v2\/product_tag?post=88591"}],"curies":[{"name":"wp","href":"https:\/\/api.w.org\/{rel}","templated":true}]}}