{"id":88592,"date":"2013-11-05T10:15:18","date_gmt":"2013-11-05T09:15:18","guid":{"rendered":"https:\/\/www.seaflowerstore.com\/nl\/pohls-b-balance-concentrate-100ml-kz\/"},"modified":"2024-03-20T16:18:10","modified_gmt":"2024-03-20T15:18:10","slug":"pohls-b-balance-concentrate-100ml-kz","status":"publish","type":"product","link":"https:\/\/www.seaflowerstore.com\/de\/pohls-b-balance-concentrate-100ml-kz\/","title":{"rendered":"Pohl&#8217;s B-Balance Concentrate 100ml (KZ)"},"content":{"rendered":"<h2>Korallen Zucht Pohls B-Balance Concentrate 100ml Enhances red coloration of SPS &amp; LPS corals<\/h2>\n<p><strong>Pohl&#8217;s B-Balance<\/strong> wurde entwickelt, um die rote F\u00e4rbung Ihrer SPS- und LPS-Korallen zu verbessern und tiefere und lebendigere Farben zu f\u00f6rdern. Dieses Konzentrat enth\u00e4lt wichtige Elemente, die eine gesunde Korallengrundkruste unterst\u00fctzen, die f\u00fcr ihr allgemeines Wachstum und ihre Fortpflanzung entscheidend ist.<\/p>\n<p>Es ist besonders wirksam bei <em>blauen Cespitularia<\/em>, sodass Sie diese empfindlichen Tiere in Ihrem Aquarium halten k\u00f6nnen. Sie werden eine deutliche Verbesserung der Rott\u00f6ne von Acropora, Stylophora und Pocillopora feststellen. Mit Pohl&#8217;s B-Balance werden Ihre Korallen ges\u00fcnder und robuster, mit einer st\u00e4rkeren Grundkruste, und gedeihen sogar in schwach beleuchteten Bereichen.<\/p>\n<p>Bei der ersten Verwendung dosieren Sie <strong>50-100 ml<\/strong> pro <strong>100 l (25 Gallonen)<\/strong> Tankwasser, um fehlende Mineralien aufzuf\u00fcllen. Nach dieser Erstbehandlung k\u00f6nnen Sie erwarten, dass Ihre SPS-Korallen ihre neue Sch\u00f6nheit offenbaren. Machen Sie nach dieser Erstdosierung unbedingt eine Pause von <strong>2 Tagen<\/strong>.<\/p>\n<p>Nach der Pause sollten Sie t\u00e4glich <strong>1 ml pro 100 L (25 Gallonen)<\/strong> dosieren. Wenn Sie in Ihrem Becken auch <strong>ZEOspur 2<\/strong> verwenden, reduzieren Sie die Dosiermenge von B-Balance bitte um <strong>50 %<\/strong>.<\/p>\n","protected":false},"excerpt":{"rendered":"<p>Korallen Zucht Pohl&#8217;s B-Balance Concentrate 100ml Enhances red coloration of SPS &amp; LPS corals<\/p>\n","protected":false},"featured_media":77455,"template":"","meta":[],"pwb-brand":[2159],"product_cat":[1391],"product_tag":[],"class_list":{"0":"post-88592","1":"product","2":"type-product","3":"status-publish","4":"has-post-thumbnail","6":"pwb-brand-korallen-zucht","7":"product_cat-ergaenzungen","9":"first","10":"instock","11":"sale","12":"taxable","13":"shipping-taxable","14":"purchasable","15":"product-type-simple"},"acf":[],"brands":[{"id":2159,"name":"Korallen Zucht","slug":"korallen-zucht"}],"_links":{"self":[{"href":"https:\/\/www.seaflowerstore.com\/de\/wp-json\/wp\/v2\/product\/88592","targetHints":{"allow":["GET"]}}],"collection":[{"href":"https:\/\/www.seaflowerstore.com\/de\/wp-json\/wp\/v2\/product"}],"about":[{"href":"https:\/\/www.seaflowerstore.com\/de\/wp-json\/wp\/v2\/types\/product"}],"wp:featuredmedia":[{"embeddable":true,"href":"https:\/\/www.seaflowerstore.com\/de\/wp-json\/wp\/v2\/media\/77455"}],"wp:attachment":[{"href":"https:\/\/www.seaflowerstore.com\/de\/wp-json\/wp\/v2\/media?parent=88592"}],"wp:term":[{"taxonomy":"pwb-brand","embeddable":true,"href":"https:\/\/www.seaflowerstore.com\/de\/wp-json\/wp\/v2\/pwb-brand?post=88592"},{"taxonomy":"product_cat","embeddable":true,"href":"https:\/\/www.seaflowerstore.com\/de\/wp-json\/wp\/v2\/product_cat?post=88592"},{"taxonomy":"product_tag","embeddable":true,"href":"https:\/\/www.seaflowerstore.com\/de\/wp-json\/wp\/v2\/product_tag?post=88592"}],"curies":[{"name":"wp","href":"https:\/\/api.w.org\/{rel}","templated":true}]}}