{"id":88595,"date":"2013-11-05T10:12:26","date_gmt":"2013-11-05T09:12:26","guid":{"rendered":"https:\/\/www.seaflowerstore.com\/nl\/flatwormstop-1000-ml-kz\/"},"modified":"2024-03-20T16:18:46","modified_gmt":"2024-03-20T15:18:46","slug":"flatwormstop-1000-ml-kz","status":"publish","type":"product","link":"https:\/\/www.seaflowerstore.com\/de\/flatwormstop-1000-ml-kz\/","title":{"rendered":"FlatwormStop &#8211; 1000 ml (KZ)"},"content":{"rendered":"<h2>FlatwormStop &#8211; 1000 ml (KZ)<\/h2>\n<p><strong>Korallen Zucht FlatwormStop 1000ml<\/strong> ist eine hochwirksame L\u00f6sung zur Bek\u00e4mpfung von gewebefressenden Plattw\u00fcrmern, die Acropora und andere SPS-Korallen befallen. Dieses Produkt hilft nicht nur bei der Bek\u00e4mpfung dieser l\u00e4stigen Plattw\u00fcrmer, sondern tr\u00e4gt auch zur St\u00e4rkung aller Korallenarten bei.<\/p>\n<p>Die wertvollen Inhaltsstoffe in FlatwormStop werden nach der Anwendung schnell absorbiert und f\u00fchren zu sp\u00fcrbaren Verbesserungen. Tests, die von Korallen Zucht durchgef\u00fchrt wurden, haben gezeigt, dass sich andere befallene SPS-Korallen erholen k\u00f6nnen, wobei sich ihre Basen regenerieren und ihre leuchtenden Farben wiedererlangen.<\/p>\n<p><strong>Gebrauchsanweisung:<\/strong><\/p>\n<ul>\n<li>Verabreichen Sie mindestens 3 Monate lang t\u00e4glich 1 ml pro 100 Liter Aquarienwasser; eine kontinuierliche Anwendung wird empfohlen.<\/li>\n<li>Direkt ins Aquarium geben.<\/li>\n<li>Bei besonders kranken Korallen k\u00f6nnen Sie die Dosierung auf das Zwei- oder sogar Dreifache der Standardmenge erh\u00f6hen.<\/li>\n<\/ul>\n","protected":false},"excerpt":{"rendered":"<p>Korallen Zucht Flatworm Stop 1000ml effective help against tissue-eating flatworms on Acropora and other diseased SPS corals<\/p>\n","protected":false},"featured_media":77509,"template":"","meta":[],"pwb-brand":[2159],"product_cat":[1390,1391],"product_tag":[],"class_list":{"0":"post-88595","1":"product","2":"type-product","3":"status-publish","4":"has-post-thumbnail","6":"pwb-brand-korallen-zucht","7":"product_cat-medikamente","8":"product_cat-ergaenzungen","10":"first","11":"instock","12":"sale","13":"taxable","14":"shipping-taxable","15":"purchasable","16":"product-type-simple"},"acf":[],"brands":[{"id":2159,"name":"Korallen Zucht","slug":"korallen-zucht"}],"_links":{"self":[{"href":"https:\/\/www.seaflowerstore.com\/de\/wp-json\/wp\/v2\/product\/88595","targetHints":{"allow":["GET"]}}],"collection":[{"href":"https:\/\/www.seaflowerstore.com\/de\/wp-json\/wp\/v2\/product"}],"about":[{"href":"https:\/\/www.seaflowerstore.com\/de\/wp-json\/wp\/v2\/types\/product"}],"wp:featuredmedia":[{"embeddable":true,"href":"https:\/\/www.seaflowerstore.com\/de\/wp-json\/wp\/v2\/media\/77509"}],"wp:attachment":[{"href":"https:\/\/www.seaflowerstore.com\/de\/wp-json\/wp\/v2\/media?parent=88595"}],"wp:term":[{"taxonomy":"pwb-brand","embeddable":true,"href":"https:\/\/www.seaflowerstore.com\/de\/wp-json\/wp\/v2\/pwb-brand?post=88595"},{"taxonomy":"product_cat","embeddable":true,"href":"https:\/\/www.seaflowerstore.com\/de\/wp-json\/wp\/v2\/product_cat?post=88595"},{"taxonomy":"product_tag","embeddable":true,"href":"https:\/\/www.seaflowerstore.com\/de\/wp-json\/wp\/v2\/product_tag?post=88595"}],"curies":[{"name":"wp","href":"https:\/\/api.w.org\/{rel}","templated":true}]}}