{"id":88596,"date":"2013-11-05T10:12:11","date_gmt":"2013-11-05T09:12:11","guid":{"rendered":"https:\/\/www.seaflowerstore.com\/nl\/flatwormstop-500-ml-kz\/"},"modified":"2024-03-20T16:18:45","modified_gmt":"2024-03-20T15:18:45","slug":"flatwormstop-500-ml-kz","status":"publish","type":"product","link":"https:\/\/www.seaflowerstore.com\/de\/flatwormstop-500-ml-kz\/","title":{"rendered":"FlatwormStop &#8211; 500 ml (KZ)"},"content":{"rendered":"<h2>Korallen Zucht FlatwormStop &#8211; 500 ml is an effective aid against tissue eating flatworms on Acropora and other diseased SPS corals<\/h2>\n<p>Korallen-Zucht bietet eine wirksame L\u00f6sung zur Bek\u00e4mpfung von gewebefressenden Plattw\u00fcrmern, die Acropora und andere geschw\u00e4chte SPS-Korallen befallen. Der Korallen-Zucht Flatworm Stop st\u00e4rkt nicht nur verschiedene Korallenarten, sondern hilft auch, die Pr\u00e4senz parasit\u00e4rer Plattw\u00fcrmer auf Acroporae zu reduzieren. Die wohltuenden Inhaltsstoffe werden unmittelbar nach der Anwendung ins Aquarium abgegeben.<\/p>\n<p>Laut Tests, die von Korallen Zucht durchgef\u00fchrt wurden, zeigten andere erkrankte SPS-Korallen Anzeichen der Erholung und ihre Basisstrukturen begannen nachzuwachsen. Dar\u00fcber hinaus erlangten die Korallen ihre urspr\u00fcnglichen Farben zur\u00fcck.<\/p>\n<p><strong>Gebrauchsanweisung:<\/strong><\/p>\n<ul>\n<li>Verabreichen Sie mindestens 3 Monate lang t\u00e4glich 1 ml pro 100 Liter Aquarienwasser; eine kontinuierliche Anwendung wird empfohlen.<\/li>\n<li>Die L\u00f6sung direkt in das Aquarium geben.<\/li>\n<li>Bei schwer kranken Korallen kann die Dosierung auf das Doppelte oder sogar Dreifache der empfohlenen Menge erh\u00f6ht werden.<\/li>\n<\/ul>\n","protected":false},"excerpt":{"rendered":"<p>Korallen Zucht FlatwormStop 500 ml is an effective aid against tissue eating flatworms on Acropora and other diseased SPS corals<\/p>\n","protected":false},"featured_media":77507,"template":"","meta":[],"pwb-brand":[2159],"product_cat":[1391,1390],"product_tag":[],"class_list":{"0":"post-88596","1":"product","2":"type-product","3":"status-publish","4":"has-post-thumbnail","6":"pwb-brand-korallen-zucht","7":"product_cat-ergaenzungen","8":"product_cat-medikamente","10":"first","11":"instock","12":"sale","13":"taxable","14":"shipping-taxable","15":"purchasable","16":"product-type-simple"},"acf":[],"brands":[{"id":2159,"name":"Korallen Zucht","slug":"korallen-zucht"}],"_links":{"self":[{"href":"https:\/\/www.seaflowerstore.com\/de\/wp-json\/wp\/v2\/product\/88596","targetHints":{"allow":["GET"]}}],"collection":[{"href":"https:\/\/www.seaflowerstore.com\/de\/wp-json\/wp\/v2\/product"}],"about":[{"href":"https:\/\/www.seaflowerstore.com\/de\/wp-json\/wp\/v2\/types\/product"}],"wp:featuredmedia":[{"embeddable":true,"href":"https:\/\/www.seaflowerstore.com\/de\/wp-json\/wp\/v2\/media\/77507"}],"wp:attachment":[{"href":"https:\/\/www.seaflowerstore.com\/de\/wp-json\/wp\/v2\/media?parent=88596"}],"wp:term":[{"taxonomy":"pwb-brand","embeddable":true,"href":"https:\/\/www.seaflowerstore.com\/de\/wp-json\/wp\/v2\/pwb-brand?post=88596"},{"taxonomy":"product_cat","embeddable":true,"href":"https:\/\/www.seaflowerstore.com\/de\/wp-json\/wp\/v2\/product_cat?post=88596"},{"taxonomy":"product_tag","embeddable":true,"href":"https:\/\/www.seaflowerstore.com\/de\/wp-json\/wp\/v2\/product_tag?post=88596"}],"curies":[{"name":"wp","href":"https:\/\/api.w.org\/{rel}","templated":true}]}}