{"id":88598,"date":"2013-11-05T10:11:38","date_gmt":"2013-11-05T09:11:38","guid":{"rendered":"https:\/\/www.seaflowerstore.com\/nl\/iron-concentrate-100-ml-kz\/"},"modified":"2024-03-20T16:17:50","modified_gmt":"2024-03-20T15:17:50","slug":"iron-concentrate-100-ml-kz","status":"publish","type":"product","link":"https:\/\/www.seaflowerstore.com\/de\/iron-concentrate-100-ml-kz\/","title":{"rendered":"Iron Concentrate &#8211; 100 ml (KZ)"},"content":{"rendered":"<h2>Korallen Zucht Iron Concentrate 100 ml Nutrition for zooxanthellae and all color ranges of corals<\/h2>\n<p>Wenn Sie alle Arten von Korallen pflegen, werden Sie dieses Produkt unglaublich n\u00fctzlich finden! Unser Eisenkonzentrat liefert Zooxanthellen reine Nahrung und unterst\u00fctzt alle Farbbereiche Ihrer Korallen.<\/p>\n<p>Dieses Produkt ist f\u00fcr n\u00e4hrstoffarme Aquarien unverzichtbar. Eisen ist in Salzwasser normalerweise nur in minimalen Mengen vorhanden und da es kontinuierlich verbraucht wird, sollte es regelm\u00e4\u00dfig zugef\u00fchrt werden. Unser Eisenkonzentrat ist ein einzigartiges Produkt und Sie werden seine Wirkung recht schnell bemerken.<\/p>\n<p>Es ist f\u00fcr alle Arten von Korallen geeignet und wird f\u00fcr die Verwendung in allen Aquariensystemen empfohlen.<\/p>\n<p><strong>Dosierungsanleitung:<\/strong><\/p>\n<ul>\n<li>F\u00fcr normalen Bestand: 1 Tropfen pro 100 Liter (oder 25 Gallonen) t\u00e4glich.<\/li>\n<li>Diese Dosierung kann basierend auf dem spezifischen Verbrauch in Ihrem Aquarium angepasst werden.<\/li>\n<\/ul>\n<p>Beobachten Sie Ihre Korallen genau. Wenn Sie eine verst\u00e4rkte F\u00e4rbung feststellen, sollten Sie die Dosierung beenden. Eine alternative Dosierungsmethode von 1 ml pro Woche f\u00fcr jeweils 50 Gramm ist ebenfalls akzeptabel, wir empfehlen jedoch die neue t\u00e4gliche Versorgung f\u00fcr eine optimale Korallengesundheit.<\/p>\n","protected":false},"excerpt":{"rendered":"<p>Korallen Zucht Iron Concentrate 100 ml Nutrition for zooxanthellae and all color ranges of corals<\/p>\n","protected":false},"featured_media":77428,"template":"","meta":[],"pwb-brand":[2159],"product_cat":[1391],"product_tag":[],"class_list":{"0":"post-88598","1":"product","2":"type-product","3":"status-publish","4":"has-post-thumbnail","6":"pwb-brand-korallen-zucht","7":"product_cat-ergaenzungen","9":"first","10":"instock","11":"sale","12":"taxable","13":"shipping-taxable","14":"purchasable","15":"product-type-simple"},"acf":[],"brands":[{"id":2159,"name":"Korallen Zucht","slug":"korallen-zucht"}],"_links":{"self":[{"href":"https:\/\/www.seaflowerstore.com\/de\/wp-json\/wp\/v2\/product\/88598","targetHints":{"allow":["GET"]}}],"collection":[{"href":"https:\/\/www.seaflowerstore.com\/de\/wp-json\/wp\/v2\/product"}],"about":[{"href":"https:\/\/www.seaflowerstore.com\/de\/wp-json\/wp\/v2\/types\/product"}],"wp:featuredmedia":[{"embeddable":true,"href":"https:\/\/www.seaflowerstore.com\/de\/wp-json\/wp\/v2\/media\/77428"}],"wp:attachment":[{"href":"https:\/\/www.seaflowerstore.com\/de\/wp-json\/wp\/v2\/media?parent=88598"}],"wp:term":[{"taxonomy":"pwb-brand","embeddable":true,"href":"https:\/\/www.seaflowerstore.com\/de\/wp-json\/wp\/v2\/pwb-brand?post=88598"},{"taxonomy":"product_cat","embeddable":true,"href":"https:\/\/www.seaflowerstore.com\/de\/wp-json\/wp\/v2\/product_cat?post=88598"},{"taxonomy":"product_tag","embeddable":true,"href":"https:\/\/www.seaflowerstore.com\/de\/wp-json\/wp\/v2\/product_tag?post=88598"}],"curies":[{"name":"wp","href":"https:\/\/api.w.org\/{rel}","templated":true}]}}