{"id":88602,"date":"2013-11-05T09:52:01","date_gmt":"2013-11-05T08:52:01","guid":{"rendered":"https:\/\/www.seaflowerstore.com\/nl\/amino-acid-concentrate-250-ml-kz\/"},"modified":"2024-03-20T16:17:46","modified_gmt":"2024-03-20T15:17:46","slug":"amino-acid-concentrate-250-ml-kz","status":"publish","type":"product","link":"https:\/\/www.seaflowerstore.com\/de\/amino-acid-concentrate-250-ml-kz\/","title":{"rendered":"Amino Acid Concentrate &#8211; 250 ml (KZ)"},"content":{"rendered":"<h2>Amino Acid Concentrate &#8211; 250 ml (KZ)<\/h2>\n<p><strong>Korallen Zucht Aminos\u00e4urekonzentrat 250ml<\/strong> wird f\u00fcr jedes Tanksystem, insbesondere f\u00fcr alle Korallenarten, w\u00e4rmstens empfohlen. Hier sind einige der Vorteile, die Sie erwarten k\u00f6nnen:<\/p>\n<ul>\n<li>Bis zu 100 % gesteigertes Wachstum vieler SPS-Korallen, einschlie\u00dflich empfindlicher Arten wie Fidschi- und Tonga-Korallen.<\/li>\n<li>Gro\u00dfpolypenkorallen erfahren ein verst\u00e4rktes Wachstum.<\/li>\n<li>Verletzte Korallen erholen sich schneller.<\/li>\n<li>Tridacnas weisen kr\u00e4ftigere Farben auf.<\/li>\n<li>Goniopora und Alveopora sind leichter zu pflegen.<\/li>\n<li>Allgemeine Verbesserung der F\u00e4rbung aller Korallen.<\/li>\n<li>Fidschi- und Tonga-Montipora wachsen schneller und behalten dabei ihre einzigartigen Farben.<\/li>\n<li>SPS-Korallen produzieren mehr Schleim und bieten so einen besseren Schutz vor Raubtieren.<\/li>\n<li>W\u00e4hrend der Dosierung tritt keine Verdunkelung des Korallengewebes auf.<\/li>\n<li>Bei allen Arten von Korallen ist eine extreme Polypenausdehnung zu beobachten. Korallen.<\/li>\n<\/ul>\n<p><strong>Dosierung:<\/strong> 1 Tropfen pro 100 l (25 Gallonen) pro Tag.<\/p>\n","protected":false},"excerpt":{"rendered":"<p>Korallen Zucht Amino Acid Concentrate 250 ml Recommended in any tank system for all kind of corals<\/p>\n","protected":false},"featured_media":77422,"template":"","meta":[],"pwb-brand":[2159],"product_cat":[1391],"product_tag":[],"class_list":{"0":"post-88602","1":"product","2":"type-product","3":"status-publish","4":"has-post-thumbnail","6":"pwb-brand-korallen-zucht","7":"product_cat-ergaenzungen","9":"first","10":"instock","11":"sale","12":"taxable","13":"shipping-taxable","14":"purchasable","15":"product-type-simple"},"acf":[],"brands":[{"id":2159,"name":"Korallen Zucht","slug":"korallen-zucht"}],"_links":{"self":[{"href":"https:\/\/www.seaflowerstore.com\/de\/wp-json\/wp\/v2\/product\/88602","targetHints":{"allow":["GET"]}}],"collection":[{"href":"https:\/\/www.seaflowerstore.com\/de\/wp-json\/wp\/v2\/product"}],"about":[{"href":"https:\/\/www.seaflowerstore.com\/de\/wp-json\/wp\/v2\/types\/product"}],"wp:featuredmedia":[{"embeddable":true,"href":"https:\/\/www.seaflowerstore.com\/de\/wp-json\/wp\/v2\/media\/77422"}],"wp:attachment":[{"href":"https:\/\/www.seaflowerstore.com\/de\/wp-json\/wp\/v2\/media?parent=88602"}],"wp:term":[{"taxonomy":"pwb-brand","embeddable":true,"href":"https:\/\/www.seaflowerstore.com\/de\/wp-json\/wp\/v2\/pwb-brand?post=88602"},{"taxonomy":"product_cat","embeddable":true,"href":"https:\/\/www.seaflowerstore.com\/de\/wp-json\/wp\/v2\/product_cat?post=88602"},{"taxonomy":"product_tag","embeddable":true,"href":"https:\/\/www.seaflowerstore.com\/de\/wp-json\/wp\/v2\/product_tag?post=88602"}],"curies":[{"name":"wp","href":"https:\/\/api.w.org\/{rel}","templated":true}]}}