{"id":88608,"date":"2013-11-02T12:25:02","date_gmt":"2013-11-02T11:25:02","guid":{"rendered":"https:\/\/www.seaflowerstore.com\/nl\/loc-line-3-4-adapter-3-4-to-1-2\/"},"modified":"2024-03-20T16:17:24","modified_gmt":"2024-03-20T15:17:24","slug":"loc-line-3-4-adapter-3-4-to-1-2","status":"publish","type":"product","link":"https:\/\/www.seaflowerstore.com\/de\/loc-line-3-4-adapter-3-4-to-1-2\/","title":{"rendered":"Loc-Line 3\/4&#8243; Adapter 3\/4&#8243; To 1\/2&#8243;"},"content":{"rendered":"<h2>Loc-Line 3\/4&#8243; Adapter 3\/4&#8243; To 1\/2&#8243;<\/h2>\n<h3>LOC-LINE ist das urspr\u00fcngliche modulare Rohrleitungssystem.<\/h3>\n<p>Mit drei verschiedenen Durchmessern sowie einer gro\u00dfen Auswahl an D\u00fcsen, Armaturen und Zubeh\u00f6r ist Loc-Line die perfekte Wahl f\u00fcr verschiedene industrielle und kommerzielle Anwendungen.<\/p>\n<p>In der Welt der Aquarien bietet LOC-LINE\u00ae unbegrenzte M\u00f6glichkeiten zur Erstellung einzigartiger Rohrleitungssysteme.<\/p>\n<p>Beispielsweise kann LOC-LINE\u00ae effektiv in F\u00f6rderleitungen und in geschlossenen Kreislaufsystemen eingesetzt werden, in denen die Lenkung des Durchflusses in eine bestimmte Richtung entscheidend ist.<\/p>\n<ul>\n<li>1\/4&#8243;-System: 30\u201350 PSI, 950 Liter pro Stunde<\/li>\n<li>1\/2&#8243;-System: 20\u201330 PSI, 1.810 Liter pro Stunde<\/li>\n<li>3\/4&#8243;-System: 10\u201320 PSI, 4.315 Liter pro Stunde<\/li>\n<\/ul>\n","protected":false},"excerpt":{"rendered":"<p>3\/4&#8243;-&gt; 1\/2&#8243;<\/p>\n","protected":false},"featured_media":77399,"template":"","meta":[],"pwb-brand":[2173],"product_cat":[1561,1534],"product_tag":[],"class_list":{"0":"post-88608","1":"product","2":"type-product","3":"status-publish","4":"has-post-thumbnail","6":"pwb-brand-loc-line","7":"product_cat-3-4-de","8":"product_cat-verschiedene","10":"first","11":"instock","12":"taxable","13":"shipping-taxable","14":"purchasable","15":"product-type-simple"},"acf":[],"brands":[{"id":2173,"name":"Loc-Line","slug":"loc-line"}],"_links":{"self":[{"href":"https:\/\/www.seaflowerstore.com\/de\/wp-json\/wp\/v2\/product\/88608","targetHints":{"allow":["GET"]}}],"collection":[{"href":"https:\/\/www.seaflowerstore.com\/de\/wp-json\/wp\/v2\/product"}],"about":[{"href":"https:\/\/www.seaflowerstore.com\/de\/wp-json\/wp\/v2\/types\/product"}],"wp:featuredmedia":[{"embeddable":true,"href":"https:\/\/www.seaflowerstore.com\/de\/wp-json\/wp\/v2\/media\/77399"}],"wp:attachment":[{"href":"https:\/\/www.seaflowerstore.com\/de\/wp-json\/wp\/v2\/media?parent=88608"}],"wp:term":[{"taxonomy":"pwb-brand","embeddable":true,"href":"https:\/\/www.seaflowerstore.com\/de\/wp-json\/wp\/v2\/pwb-brand?post=88608"},{"taxonomy":"product_cat","embeddable":true,"href":"https:\/\/www.seaflowerstore.com\/de\/wp-json\/wp\/v2\/product_cat?post=88608"},{"taxonomy":"product_tag","embeddable":true,"href":"https:\/\/www.seaflowerstore.com\/de\/wp-json\/wp\/v2\/product_tag?post=88608"}],"curies":[{"name":"wp","href":"https:\/\/api.w.org\/{rel}","templated":true}]}}