{"id":88614,"date":"2013-11-02T12:24:18","date_gmt":"2013-11-02T12:24:18","guid":{"rendered":"https:\/\/www.seaflowerstore.com\/nl\/loc-line-3-4-elbow-fitting\/"},"modified":"2024-03-20T16:17:16","modified_gmt":"2024-03-20T15:17:16","slug":"loc-line-3-4-elbow-fitting","status":"publish","type":"product","link":"https:\/\/www.seaflowerstore.com\/de\/loc-line-3-4-elbow-fitting\/","title":{"rendered":"Loc-Line 3\/4&#8243; Elbow Fitting"},"content":{"rendered":"<h2>Loc-Line 3\/4&#8243; Elbow Fitting<\/h2>\n<h3>LOC-LINE ist das urspr\u00fcngliche modulare Rohrleitungssystem.<\/h3>\n<p>Mit drei verschiedenen Durchmessern und einer gro\u00dfen Auswahl an D\u00fcsen, Armaturen und Zubeh\u00f6r ist Loc-Line die perfekte Wahl f\u00fcr eine Vielzahl von industriellen und gewerblichen Anwendungen.<\/p>\n<p>Wenn es um Aquarien geht, er\u00f6ffnet LOC-LINE\u00ae unz\u00e4hlige M\u00f6glichkeiten zur Schaffung einzigartiger Rohrleitungssysteme.<\/p>\n<p>Beispielsweise kann LOC-LINE\u00ae effektiv in F\u00f6rderleitungen und geschlossenen Kreislaufsystemen eingesetzt werden, bei denen die Lenkung des Durchflusses in eine bestimmte Richtung entscheidend ist.<\/p>\n<ul>\n<li><strong>1\/4&#8243;-System:<\/strong> 30\u201350 PSI, 950 Liter pro Stunde<\/li>\n<li><strong>1\/2&#8243;-System:<\/strong> 20\u201330 PSI, 1.810 Liter pro Stunde<\/li>\n<li><strong>3\/4&#8243;-System:<\/strong> 10\u201320 PSI, 4.315 Liter pro Stunde<\/li>\n<\/ul>\n","protected":false},"excerpt":{"rendered":"<p>3\/4&#8243; Loc-Line System<\/p>\n","protected":false},"featured_media":77387,"template":"","meta":[],"pwb-brand":[2173],"product_cat":[1561],"product_tag":[],"class_list":{"0":"post-88614","1":"product","2":"type-product","3":"status-publish","4":"has-post-thumbnail","6":"pwb-brand-loc-line","7":"product_cat-3-4-de","9":"first","10":"instock","11":"taxable","12":"shipping-taxable","13":"purchasable","14":"product-type-simple"},"acf":[],"brands":[{"id":2173,"name":"Loc-Line","slug":"loc-line"}],"_links":{"self":[{"href":"https:\/\/www.seaflowerstore.com\/de\/wp-json\/wp\/v2\/product\/88614","targetHints":{"allow":["GET"]}}],"collection":[{"href":"https:\/\/www.seaflowerstore.com\/de\/wp-json\/wp\/v2\/product"}],"about":[{"href":"https:\/\/www.seaflowerstore.com\/de\/wp-json\/wp\/v2\/types\/product"}],"wp:featuredmedia":[{"embeddable":true,"href":"https:\/\/www.seaflowerstore.com\/de\/wp-json\/wp\/v2\/media\/77387"}],"wp:attachment":[{"href":"https:\/\/www.seaflowerstore.com\/de\/wp-json\/wp\/v2\/media?parent=88614"}],"wp:term":[{"taxonomy":"pwb-brand","embeddable":true,"href":"https:\/\/www.seaflowerstore.com\/de\/wp-json\/wp\/v2\/pwb-brand?post=88614"},{"taxonomy":"product_cat","embeddable":true,"href":"https:\/\/www.seaflowerstore.com\/de\/wp-json\/wp\/v2\/product_cat?post=88614"},{"taxonomy":"product_tag","embeddable":true,"href":"https:\/\/www.seaflowerstore.com\/de\/wp-json\/wp\/v2\/product_tag?post=88614"}],"curies":[{"name":"wp","href":"https:\/\/api.w.org\/{rel}","templated":true}]}}