{"id":88618,"date":"2013-11-02T11:10:40","date_gmt":"2013-11-02T10:10:40","guid":{"rendered":"https:\/\/www.seaflowerstore.com\/nl\/zeobak-50ml-kz\/"},"modified":"2024-03-20T16:17:11","modified_gmt":"2024-03-20T15:17:11","slug":"zeobak-50ml-kz","status":"publish","type":"product","link":"https:\/\/www.seaflowerstore.com\/de\/zeobak-50ml-kz\/","title":{"rendered":"ZEObak -50ml (KZ)"},"content":{"rendered":"<h2>KorallenZucht ZEObak 50ml contains various bacterial strains, use in combination with ZEOfood and ZEOstart for building up plankton bacteria<\/h2>\n<p><strong>ZEObak<\/strong> ist eine essentielle Mikroorganismenl\u00f6sung, die eine gesunde, ausgewogene und effiziente Bakterienflora in Ihrem Aquarium f\u00f6rdert. Dieses Produkt enth\u00e4lt verschiedene Bakterienst\u00e4mme, die am besten in Kombination mit <strong>ZEOfood<\/strong> und <strong>ZEOstart<\/strong> wirken, um effektiv Planktonbakterien aufzubauen, die f\u00fcr Korallen von Vorteil sind. Die einzigartigen Bakterienst\u00e4mme bilden eine Kette, die dazu beitr\u00e4gt, unerw\u00fcnschte Substanzen in Ihrem Aquarium zu reduzieren.<\/p>\n<p><strong>Dosierungsanleitung:<\/strong><\/p>\n<ul>\n<li>1. Geben Sie die Dosis direkt in das Becken.<\/li>\n<li>2. Schalten Sie den Absch\u00e4umer nach M\u00f6glichkeit f\u00fcr kurze Zeit aus.<\/li>\n<li>3. Verabreichen Sie je nach Belegung des Aquariums ein- oder zweimal pro Woche 1 Tropfen pro 100 Liter.<\/li>\n<\/ul>\n","protected":false},"excerpt":{"rendered":"<p>KorallenZucht ZEObak 50ml contains various bacterial strains, use in combination with ZEOfood and ZEOstart for building up plankton bacteria<\/p>\n","protected":false},"featured_media":77379,"template":"","meta":[],"pwb-brand":[2159],"product_cat":[1391],"product_tag":[],"class_list":{"0":"post-88618","1":"product","2":"type-product","3":"status-publish","4":"has-post-thumbnail","6":"pwb-brand-korallen-zucht","7":"product_cat-ergaenzungen","9":"first","10":"instock","11":"sale","12":"taxable","13":"shipping-taxable","14":"purchasable","15":"product-type-simple"},"acf":[],"brands":[{"id":2159,"name":"Korallen Zucht","slug":"korallen-zucht"}],"_links":{"self":[{"href":"https:\/\/www.seaflowerstore.com\/de\/wp-json\/wp\/v2\/product\/88618","targetHints":{"allow":["GET"]}}],"collection":[{"href":"https:\/\/www.seaflowerstore.com\/de\/wp-json\/wp\/v2\/product"}],"about":[{"href":"https:\/\/www.seaflowerstore.com\/de\/wp-json\/wp\/v2\/types\/product"}],"wp:featuredmedia":[{"embeddable":true,"href":"https:\/\/www.seaflowerstore.com\/de\/wp-json\/wp\/v2\/media\/77379"}],"wp:attachment":[{"href":"https:\/\/www.seaflowerstore.com\/de\/wp-json\/wp\/v2\/media?parent=88618"}],"wp:term":[{"taxonomy":"pwb-brand","embeddable":true,"href":"https:\/\/www.seaflowerstore.com\/de\/wp-json\/wp\/v2\/pwb-brand?post=88618"},{"taxonomy":"product_cat","embeddable":true,"href":"https:\/\/www.seaflowerstore.com\/de\/wp-json\/wp\/v2\/product_cat?post=88618"},{"taxonomy":"product_tag","embeddable":true,"href":"https:\/\/www.seaflowerstore.com\/de\/wp-json\/wp\/v2\/product_tag?post=88618"}],"curies":[{"name":"wp","href":"https:\/\/api.w.org\/{rel}","templated":true}]}}