{"id":88619,"date":"2013-11-02T11:10:30","date_gmt":"2013-11-02T10:10:30","guid":{"rendered":"https:\/\/www.seaflowerstore.com\/nl\/zeobak-10ml-kz\/"},"modified":"2024-03-20T16:17:10","modified_gmt":"2024-03-20T15:17:10","slug":"zeobak-10ml-kz","status":"publish","type":"product","link":"https:\/\/www.seaflowerstore.com\/de\/zeobak-10ml-kz\/","title":{"rendered":"ZEObak -10ml (KZ)"},"content":{"rendered":"<h2>KorallenZucht ZEObak 10ml contains various bacterial strains, use in combination with ZEOfood and ZEOstart for building up plankton bacteria<\/h2>\n<p><strong>ZEObak<\/strong> ist Ihre L\u00f6sung f\u00fcr Mikroorganismen, um eine gesunde, ausgewogene und effiziente Bakterienflora in Ihrem Aquarium aufrechtzuerhalten. Dieses Produkt wurde speziell mit verschiedenen Bakterienst\u00e4mmen formuliert und funktioniert am besten in Kombination mit <strong>ZEOfood<\/strong> und <strong>ZEOstart<\/strong>, um Planktonbakterien zu kultivieren, die von Korallen leicht aufgenommen werden. Die verschiedenen Bakterienst\u00e4mme wirken zusammen, um unerw\u00fcnschte Substanzen in Ihrem Aquarium zu minimieren.<\/p>\n<p><strong>Dosierung:<\/strong><\/p>\n<ul>\n<li>1. Direkt in den Tank dosieren.<\/li>\n<li>2. Wenn m\u00f6glich, den Absch\u00e4umer f\u00fcr kurze Zeit ausschalten.<\/li>\n<li>3. Je nach Belegung Ihres Aquariums ein- oder zweimal pro Woche 1 Tropfen pro 100 Liter dosieren.<\/li>\n<\/ul>\n","protected":false},"excerpt":{"rendered":"<p>KorallenZucht ZEObak 10ml contains various bacterial strains, use in combination with ZEOfood and ZEOstart for building up plankton bacteria<\/p>\n","protected":false},"featured_media":77378,"template":"","meta":[],"pwb-brand":[2159],"product_cat":[1391],"product_tag":[],"class_list":{"0":"post-88619","1":"product","2":"type-product","3":"status-publish","4":"has-post-thumbnail","6":"pwb-brand-korallen-zucht","7":"product_cat-ergaenzungen","9":"first","10":"instock","11":"sale","12":"taxable","13":"shipping-taxable","14":"purchasable","15":"product-type-simple"},"acf":[],"brands":[{"id":2159,"name":"Korallen Zucht","slug":"korallen-zucht"}],"_links":{"self":[{"href":"https:\/\/www.seaflowerstore.com\/de\/wp-json\/wp\/v2\/product\/88619","targetHints":{"allow":["GET"]}}],"collection":[{"href":"https:\/\/www.seaflowerstore.com\/de\/wp-json\/wp\/v2\/product"}],"about":[{"href":"https:\/\/www.seaflowerstore.com\/de\/wp-json\/wp\/v2\/types\/product"}],"wp:featuredmedia":[{"embeddable":true,"href":"https:\/\/www.seaflowerstore.com\/de\/wp-json\/wp\/v2\/media\/77378"}],"wp:attachment":[{"href":"https:\/\/www.seaflowerstore.com\/de\/wp-json\/wp\/v2\/media?parent=88619"}],"wp:term":[{"taxonomy":"pwb-brand","embeddable":true,"href":"https:\/\/www.seaflowerstore.com\/de\/wp-json\/wp\/v2\/pwb-brand?post=88619"},{"taxonomy":"product_cat","embeddable":true,"href":"https:\/\/www.seaflowerstore.com\/de\/wp-json\/wp\/v2\/product_cat?post=88619"},{"taxonomy":"product_tag","embeddable":true,"href":"https:\/\/www.seaflowerstore.com\/de\/wp-json\/wp\/v2\/product_tag?post=88619"}],"curies":[{"name":"wp","href":"https:\/\/api.w.org\/{rel}","templated":true}]}}