{"id":88620,"date":"2013-11-02T10:32:59","date_gmt":"2013-11-02T09:32:59","guid":{"rendered":"https:\/\/www.seaflowerstore.com\/nl\/ph-plastic-probe-pg-135-short-aqua-medic\/"},"modified":"2024-03-20T16:17:05","modified_gmt":"2024-03-20T15:17:05","slug":"ph-plastic-probe-pg-135-short-aqua-medic","status":"publish","type":"product","link":"https:\/\/www.seaflowerstore.com\/de\/ph-plastic-probe-pg-135-short-aqua-medic\/","title":{"rendered":"pH plastic probe &#8211; PG 13,5 short (Aqua Medic)"},"content":{"rendered":"<h2>pH plastic probe &#8211; PG 13,5 short (Aqua Medic)<\/h2>\n<p><strong>Aqua Medic pH- und mV-Elektroden<\/strong> sind auf hohe Qualit\u00e4t ausgelegt, liefern genaue Messungen und gew\u00e4hrleisten einen langlebigen, st\u00f6rungsfreien Betrieb.<\/p>\n<p>Diese Elektroden sind in drei Versionen erh\u00e4ltlich:<\/p>\n<ul>\n<li>Standardelektrode mit Kunststoffschaft<\/li>\n<li>Glaselektroden f\u00fcr hohe Leistungsanforderungen und lange Lebensdauer<\/li>\n<li>Kunststoffelektroden mit Schraubgewinde PG 13,5; geeignet f\u00fcr Dr\u00fccke bis 3 bar, daher ideal f\u00fcr den Einsatz in Rohrleitungen oder geschlossenen Nitratreduzierern und Kalkreaktoren<\/li>\n<\/ul>\n","protected":false},"excerpt":{"rendered":"<p>Aqua Medic pH and mV electrodes are of high quality for accurate measurements and long, trouble-free operation.<\/p>\n","protected":false},"featured_media":77369,"template":"","meta":[],"pwb-brand":[2149],"product_cat":[1421,1419],"product_tag":[],"class_list":{"0":"post-88620","1":"product","2":"type-product","3":"status-publish","4":"has-post-thumbnail","6":"pwb-brand-aqua-medic","7":"product_cat-aqua-medic-de","8":"product_cat-messstifte","10":"first","11":"outofstock","12":"taxable","13":"shipping-taxable","14":"purchasable","15":"product-type-simple"},"acf":[],"brands":[{"id":2149,"name":"Aqua Medic","slug":"aqua-medic"}],"_links":{"self":[{"href":"https:\/\/www.seaflowerstore.com\/de\/wp-json\/wp\/v2\/product\/88620","targetHints":{"allow":["GET"]}}],"collection":[{"href":"https:\/\/www.seaflowerstore.com\/de\/wp-json\/wp\/v2\/product"}],"about":[{"href":"https:\/\/www.seaflowerstore.com\/de\/wp-json\/wp\/v2\/types\/product"}],"wp:featuredmedia":[{"embeddable":true,"href":"https:\/\/www.seaflowerstore.com\/de\/wp-json\/wp\/v2\/media\/77369"}],"wp:attachment":[{"href":"https:\/\/www.seaflowerstore.com\/de\/wp-json\/wp\/v2\/media?parent=88620"}],"wp:term":[{"taxonomy":"pwb-brand","embeddable":true,"href":"https:\/\/www.seaflowerstore.com\/de\/wp-json\/wp\/v2\/pwb-brand?post=88620"},{"taxonomy":"product_cat","embeddable":true,"href":"https:\/\/www.seaflowerstore.com\/de\/wp-json\/wp\/v2\/product_cat?post=88620"},{"taxonomy":"product_tag","embeddable":true,"href":"https:\/\/www.seaflowerstore.com\/de\/wp-json\/wp\/v2\/product_tag?post=88620"}],"curies":[{"name":"wp","href":"https:\/\/api.w.org\/{rel}","templated":true}]}}