{"id":88624,"date":"2013-11-02T10:32:48","date_gmt":"2013-11-02T09:32:48","guid":{"rendered":"https:\/\/www.seaflowerstore.com\/nl\/mv-plastic-probe-pg-135-short-aqua-medic\/"},"modified":"2024-03-20T16:17:09","modified_gmt":"2024-03-20T15:17:09","slug":"mv-plastic-probe-pg-135-short-aqua-medic","status":"publish","type":"product","link":"https:\/\/www.seaflowerstore.com\/de\/mv-plastic-probe-pg-135-short-aqua-medic\/","title":{"rendered":"mV plastic probe &#8211; PG 13,5 short (Aqua Medic)"},"content":{"rendered":"<h2>mV plastic probe &#8211; PG 13.5 short (Aqua Medic)<\/h2>\n<p><strong>Aqua Medic pH- und mV-Elektroden<\/strong> sind f\u00fcr hochwertige Messungen konzipiert und gew\u00e4hrleisten Genauigkeit und zuverl\u00e4ssige Leistung \u00fcber einen langen Zeitraum.<\/p>\n<p>Diese Elektroden sind in drei verschiedenen Versionen erh\u00e4ltlich, um Ihren Anforderungen gerecht zu werden:<\/p>\n<ul>\n<li><strong>Standardelektrode<\/strong> mit Kunststoffschaft<\/li>\n<li><strong>Glaselektroden<\/strong> f\u00fcr hohe Anforderungen und lange Lebensdauer<\/li>\n<li><strong>Kunststoffelektroden<\/strong> mit Schraubgewinde PG 13,5, die einem Druck von bis zu 3 Bar standhalten und sich perfekt f\u00fcr Anwendungen in Rohren oder geschlossenen Systemen wie Nitratreduzierern und Kalkreaktoren eignen<\/li>\n<\/ul>\n","protected":false},"excerpt":{"rendered":"<p>redox probe<\/p>\n","protected":false},"featured_media":77377,"template":"","meta":[],"pwb-brand":[2149],"product_cat":[1421,1419],"product_tag":[],"class_list":{"0":"post-88624","1":"product","2":"type-product","3":"status-publish","4":"has-post-thumbnail","6":"pwb-brand-aqua-medic","7":"product_cat-aqua-medic-de","8":"product_cat-messstifte","10":"first","11":"instock","12":"taxable","13":"shipping-taxable","14":"purchasable","15":"product-type-simple"},"acf":[],"brands":[{"id":2149,"name":"Aqua Medic","slug":"aqua-medic"}],"_links":{"self":[{"href":"https:\/\/www.seaflowerstore.com\/de\/wp-json\/wp\/v2\/product\/88624","targetHints":{"allow":["GET"]}}],"collection":[{"href":"https:\/\/www.seaflowerstore.com\/de\/wp-json\/wp\/v2\/product"}],"about":[{"href":"https:\/\/www.seaflowerstore.com\/de\/wp-json\/wp\/v2\/types\/product"}],"wp:featuredmedia":[{"embeddable":true,"href":"https:\/\/www.seaflowerstore.com\/de\/wp-json\/wp\/v2\/media\/77377"}],"wp:attachment":[{"href":"https:\/\/www.seaflowerstore.com\/de\/wp-json\/wp\/v2\/media?parent=88624"}],"wp:term":[{"taxonomy":"pwb-brand","embeddable":true,"href":"https:\/\/www.seaflowerstore.com\/de\/wp-json\/wp\/v2\/pwb-brand?post=88624"},{"taxonomy":"product_cat","embeddable":true,"href":"https:\/\/www.seaflowerstore.com\/de\/wp-json\/wp\/v2\/product_cat?post=88624"},{"taxonomy":"product_tag","embeddable":true,"href":"https:\/\/www.seaflowerstore.com\/de\/wp-json\/wp\/v2\/product_tag?post=88624"}],"curies":[{"name":"wp","href":"https:\/\/api.w.org\/{rel}","templated":true}]}}