{"id":88626,"date":"2013-11-02T10:32:40","date_gmt":"2013-11-02T09:32:40","guid":{"rendered":"https:\/\/www.seaflowerstore.com\/nl\/mv-plastic-probe-aqua-medic\/"},"modified":"2024-03-20T16:17:06","modified_gmt":"2024-03-20T15:17:06","slug":"mv-plastic-probe-aqua-medic","status":"publish","type":"product","link":"https:\/\/www.seaflowerstore.com\/de\/mv-plastic-probe-aqua-medic\/","title":{"rendered":"mV plastic probe  (Aqua Medic)"},"content":{"rendered":"<h2>Aqua Medic plastic mV probe<\/h2>\n<p>Aqua Medic bietet hochwertige pH- und mV-Elektroden an, die genaue Messungen und einen langen, st\u00f6rungsfreien Betrieb gew\u00e4hrleisten. Beide Elektrodentypen sind in drei Ausf\u00fchrungen erh\u00e4ltlich:<\/p>\n<ul>\n<li><strong>Standardelektrode:<\/strong> Verf\u00fcgt \u00fcber einen Kunststoffschaft.<\/li>\n<li><strong>Glaselektroden:<\/strong> Konzipiert f\u00fcr hohe Beanspruchung und Langlebigkeit.<\/li>\n<li><strong>Kunststoffelektroden:<\/strong> Ausgestattet mit Gewinde PG 13,5 und druckbest\u00e4ndig bis 3 bar, eignen sie sich f\u00fcr den Einsatz in Rohrleitungen, geschlossenen Nitratreduzierern und Kalkreaktoren.<\/li>\n<\/ul>\n<p>Diese Optionen decken unterschiedliche Bed\u00fcrfnisse ab und stellen sicher, dass Sie f\u00fcr Ihre Anwendungen das richtige Werkzeug haben.<\/p>\n","protected":false},"excerpt":{"rendered":"<p>Aqua Medic plastic mV probe<\/p>\n","protected":false},"featured_media":77371,"template":"","meta":[],"pwb-brand":[2149],"product_cat":[1421,1419],"product_tag":[],"class_list":{"0":"post-88626","1":"product","2":"type-product","3":"status-publish","4":"has-post-thumbnail","6":"pwb-brand-aqua-medic","7":"product_cat-aqua-medic-de","8":"product_cat-messstifte","10":"first","11":"instock","12":"taxable","13":"shipping-taxable","14":"purchasable","15":"product-type-simple"},"acf":[],"brands":[{"id":2149,"name":"Aqua Medic","slug":"aqua-medic"}],"_links":{"self":[{"href":"https:\/\/www.seaflowerstore.com\/de\/wp-json\/wp\/v2\/product\/88626","targetHints":{"allow":["GET"]}}],"collection":[{"href":"https:\/\/www.seaflowerstore.com\/de\/wp-json\/wp\/v2\/product"}],"about":[{"href":"https:\/\/www.seaflowerstore.com\/de\/wp-json\/wp\/v2\/types\/product"}],"wp:featuredmedia":[{"embeddable":true,"href":"https:\/\/www.seaflowerstore.com\/de\/wp-json\/wp\/v2\/media\/77371"}],"wp:attachment":[{"href":"https:\/\/www.seaflowerstore.com\/de\/wp-json\/wp\/v2\/media?parent=88626"}],"wp:term":[{"taxonomy":"pwb-brand","embeddable":true,"href":"https:\/\/www.seaflowerstore.com\/de\/wp-json\/wp\/v2\/pwb-brand?post=88626"},{"taxonomy":"product_cat","embeddable":true,"href":"https:\/\/www.seaflowerstore.com\/de\/wp-json\/wp\/v2\/product_cat?post=88626"},{"taxonomy":"product_tag","embeddable":true,"href":"https:\/\/www.seaflowerstore.com\/de\/wp-json\/wp\/v2\/product_tag?post=88626"}],"curies":[{"name":"wp","href":"https:\/\/api.w.org\/{rel}","templated":true}]}}