{"id":88627,"date":"2013-11-02T10:32:27","date_gmt":"2013-11-02T09:32:27","guid":{"rendered":"https:\/\/www.seaflowerstore.com\/nl\/mv-glass-probe-aqua-medic\/"},"modified":"2024-03-20T16:17:07","modified_gmt":"2024-03-20T15:17:07","slug":"mv-glass-probe-aqua-medic","status":"publish","type":"product","link":"https:\/\/www.seaflowerstore.com\/de\/mv-glass-probe-aqua-medic\/","title":{"rendered":"mV glass probe (Aqua Medic)"},"content":{"rendered":"<h2>mV glass probe (Aqua Medic)<\/h2>\n<p><strong>Aqua Medic mV-Glassonden und pH-Elektroden<\/strong> sind f\u00fcr ihre hohe Qualit\u00e4t bekannt und gew\u00e4hrleisten genaue Messungen sowie eine zuverl\u00e4ssige, langlebige Leistung.<\/p>\n<p>Diese Elektroden gibt es in drei verschiedenen Ausf\u00fchrungen:<\/p>\n<ul>\n<li>Standardelektrode mit Kunststoffschaft<\/li>\n<li>Glaselektroden f\u00fcr hohe Beanspruchung und lange Lebensdauer<\/li>\n<li>Kunststoffelektroden mit Schraubgewinde PG 13,5, druckbest\u00e4ndig bis 3 bar, geeignet f\u00fcr den Einsatz in Rohrleitungen oder geschlossenen Nitratreduzierern und Kalkreaktoren<\/li>\n<\/ul>\n","protected":false},"excerpt":{"rendered":"<p>Redox measurement probe<\/p>\n","protected":false},"featured_media":77373,"template":"","meta":[],"pwb-brand":[2149],"product_cat":[1421,1419],"product_tag":[],"class_list":{"0":"post-88627","1":"product","2":"type-product","3":"status-publish","4":"has-post-thumbnail","6":"pwb-brand-aqua-medic","7":"product_cat-aqua-medic-de","8":"product_cat-messstifte","10":"first","11":"instock","12":"taxable","13":"shipping-taxable","14":"purchasable","15":"product-type-simple"},"acf":[],"brands":[{"id":2149,"name":"Aqua Medic","slug":"aqua-medic"}],"_links":{"self":[{"href":"https:\/\/www.seaflowerstore.com\/de\/wp-json\/wp\/v2\/product\/88627","targetHints":{"allow":["GET"]}}],"collection":[{"href":"https:\/\/www.seaflowerstore.com\/de\/wp-json\/wp\/v2\/product"}],"about":[{"href":"https:\/\/www.seaflowerstore.com\/de\/wp-json\/wp\/v2\/types\/product"}],"wp:featuredmedia":[{"embeddable":true,"href":"https:\/\/www.seaflowerstore.com\/de\/wp-json\/wp\/v2\/media\/77373"}],"wp:attachment":[{"href":"https:\/\/www.seaflowerstore.com\/de\/wp-json\/wp\/v2\/media?parent=88627"}],"wp:term":[{"taxonomy":"pwb-brand","embeddable":true,"href":"https:\/\/www.seaflowerstore.com\/de\/wp-json\/wp\/v2\/pwb-brand?post=88627"},{"taxonomy":"product_cat","embeddable":true,"href":"https:\/\/www.seaflowerstore.com\/de\/wp-json\/wp\/v2\/product_cat?post=88627"},{"taxonomy":"product_tag","embeddable":true,"href":"https:\/\/www.seaflowerstore.com\/de\/wp-json\/wp\/v2\/product_tag?post=88627"}],"curies":[{"name":"wp","href":"https:\/\/api.w.org\/{rel}","templated":true}]}}