{"id":88629,"date":"2013-10-17T17:07:39","date_gmt":"2013-10-17T15:07:39","guid":{"rendered":"https:\/\/www.seaflowerstore.com\/nl\/ecotech-marine-mp40-wet-side\/"},"modified":"2024-03-20T16:17:02","modified_gmt":"2024-03-20T15:17:02","slug":"ecotech-marine-mp40-wet-side","status":"publish","type":"product","link":"https:\/\/www.seaflowerstore.com\/de\/ecotech-marine-mp40-wet-side\/","title":{"rendered":"Ecotech Marine MP40 wet side"},"content":{"rendered":"<h2>Ecotech Marine MP40 wet side<\/h2>\n<p>Die gesamte Komponente der MP40 Ecotech Marine-Pumpe ist f\u00fcr den Einsatz unter Wasser ausgelegt. Das bedeutet, dass alle f\u00fcr den Unterwasserbetrieb vorgesehenen Teile f\u00fcr eine optimale Leistung unerl\u00e4sslich sind. Wenn Sie Fragen haben oder Hilfe bei der Installation oder Wartung Ihrer Pumpe ben\u00f6tigen, wenden Sie sich gerne an uns. Wir sind hier, um Ihnen zu helfen!<\/p>\n","protected":false},"excerpt":{"rendered":"<p>Ecotech Marine MP40 wet side entire part in the water for a MP40 pump<\/p>\n","protected":false},"featured_media":84686,"template":"","meta":[],"pwb-brand":[2169],"product_cat":[1418],"product_tag":[],"class_list":{"0":"post-88629","1":"product","2":"type-product","3":"status-publish","4":"has-post-thumbnail","6":"pwb-brand-ecotech-marine","7":"product_cat-teile","9":"first","10":"outofstock","11":"taxable","12":"shipping-taxable","13":"purchasable","14":"product-type-simple"},"acf":[],"brands":[{"id":2169,"name":"Ecotech Marine","slug":"ecotech-marine"}],"_links":{"self":[{"href":"https:\/\/www.seaflowerstore.com\/de\/wp-json\/wp\/v2\/product\/88629","targetHints":{"allow":["GET"]}}],"collection":[{"href":"https:\/\/www.seaflowerstore.com\/de\/wp-json\/wp\/v2\/product"}],"about":[{"href":"https:\/\/www.seaflowerstore.com\/de\/wp-json\/wp\/v2\/types\/product"}],"wp:featuredmedia":[{"embeddable":true,"href":"https:\/\/www.seaflowerstore.com\/de\/wp-json\/wp\/v2\/media\/84686"}],"wp:attachment":[{"href":"https:\/\/www.seaflowerstore.com\/de\/wp-json\/wp\/v2\/media?parent=88629"}],"wp:term":[{"taxonomy":"pwb-brand","embeddable":true,"href":"https:\/\/www.seaflowerstore.com\/de\/wp-json\/wp\/v2\/pwb-brand?post=88629"},{"taxonomy":"product_cat","embeddable":true,"href":"https:\/\/www.seaflowerstore.com\/de\/wp-json\/wp\/v2\/product_cat?post=88629"},{"taxonomy":"product_tag","embeddable":true,"href":"https:\/\/www.seaflowerstore.com\/de\/wp-json\/wp\/v2\/product_tag?post=88629"}],"curies":[{"name":"wp","href":"https:\/\/api.w.org\/{rel}","templated":true}]}}