{"id":88630,"date":"2013-10-14T10:44:42","date_gmt":"2013-10-14T08:44:42","guid":{"rendered":"https:\/\/www.seaflowerstore.com\/nl\/cyano-clean-50ml-kz\/"},"modified":"2025-08-10T14:32:07","modified_gmt":"2025-08-10T12:32:07","slug":"cyano-clean-50ml-kz","status":"publish","type":"product","link":"https:\/\/www.seaflowerstore.com\/de\/cyano-clean-50ml-kz\/","title":{"rendered":"Cyano Clean &#8211; 50ml (KZ)"},"content":{"rendered":"<h2>KorallenZucht Cyano Clean 50ml are special bacteria that successfully repel cyanobacteria<\/h2>\n<p>Die empfohlene Dosierung sollte t\u00e4glich verabreicht werden, idealerweise bei den ersten Anzeichen von Cyanobakterien. Cyano Clean kann auch einmal w\u00f6chentlich angewendet werden, um Ausbr\u00fcchen vorzubeugen. Bei anhaltenden Problemen kann die Behandlung bis zu 8 Wochen lang fortgesetzt werden.<\/p>\n<p>Um optimale Ergebnisse zu erzielen, sollten Sie Cyano Clean mit Coral Snow kombinieren, da diese Kombination die Wirksamkeit der Behandlung erh\u00f6ht. Dar\u00fcber hinaus ist es ratsam, die Druckerh\u00f6hungspumpe w\u00e4hrend des Dosiervorgangs vor\u00fcbergehend auszuschalten. Dadurch kann Cyano Clean effektiver wirken.<\/p>\n<p><strong>Dosierung:<\/strong> T\u00e4glich 2 Tropfen pro 100 Liter.<\/p>\n","protected":false},"excerpt":{"rendered":"<p>Cyano Clean 50ml from KorallenZucht are special bacteria that successfully repel cyanobacteria<\/p>\n","protected":false},"featured_media":77354,"template":"","meta":[],"pwb-brand":[2159],"product_cat":[1531,1391,1390],"product_tag":[],"class_list":{"0":"post-88630","1":"product","2":"type-product","3":"status-publish","4":"has-post-thumbnail","6":"pwb-brand-korallen-zucht","7":"product_cat-cyano-kontrolle","8":"product_cat-ergaenzungen","9":"product_cat-medikamente","11":"first","12":"instock","13":"sale","14":"taxable","15":"shipping-taxable","16":"purchasable","17":"product-type-simple"},"acf":[],"brands":[{"id":2159,"name":"Korallen Zucht","slug":"korallen-zucht"}],"_links":{"self":[{"href":"https:\/\/www.seaflowerstore.com\/de\/wp-json\/wp\/v2\/product\/88630","targetHints":{"allow":["GET"]}}],"collection":[{"href":"https:\/\/www.seaflowerstore.com\/de\/wp-json\/wp\/v2\/product"}],"about":[{"href":"https:\/\/www.seaflowerstore.com\/de\/wp-json\/wp\/v2\/types\/product"}],"wp:featuredmedia":[{"embeddable":true,"href":"https:\/\/www.seaflowerstore.com\/de\/wp-json\/wp\/v2\/media\/77354"}],"wp:attachment":[{"href":"https:\/\/www.seaflowerstore.com\/de\/wp-json\/wp\/v2\/media?parent=88630"}],"wp:term":[{"taxonomy":"pwb-brand","embeddable":true,"href":"https:\/\/www.seaflowerstore.com\/de\/wp-json\/wp\/v2\/pwb-brand?post=88630"},{"taxonomy":"product_cat","embeddable":true,"href":"https:\/\/www.seaflowerstore.com\/de\/wp-json\/wp\/v2\/product_cat?post=88630"},{"taxonomy":"product_tag","embeddable":true,"href":"https:\/\/www.seaflowerstore.com\/de\/wp-json\/wp\/v2\/product_tag?post=88630"}],"curies":[{"name":"wp","href":"https:\/\/api.w.org\/{rel}","templated":true}]}}