{"id":88631,"date":"2013-10-14T10:44:31","date_gmt":"2013-10-14T08:44:31","guid":{"rendered":"https:\/\/www.seaflowerstore.com\/nl\/cyano-clean-10ml-kz\/"},"modified":"2024-03-20T16:16:59","modified_gmt":"2024-03-20T15:16:59","slug":"cyano-clean-10ml-kz","status":"publish","type":"product","link":"https:\/\/www.seaflowerstore.com\/de\/cyano-clean-10ml-kz\/","title":{"rendered":"Cyano Clean &#8211; 10ml (KZ)"},"content":{"rendered":"<h2>Cyano Clean &#8211; 10ml (KZ)<\/h2>\n<h2>KorallenZucht Cyano Clean 10ml sind spezielle Bakterien, die Cyanobakterien erfolgreich verdr\u00e4ngen<\/h2>\n<p>Die empfohlene Dosierung ist eine t\u00e4gliche Anwendung, idealerweise bei den ersten Anzeichen von Cyanobakterien. Um Ausbr\u00fcchen vorzubeugen, k\u00f6nnen Sie Cyano Clean einmal pro Woche verabreichen. Bei anhaltenden Problemen kann die Behandlung bis zu 8 Wochen fortgesetzt werden.<\/p>\n<p><strong>Coral Snow<\/strong> verst\u00e4rkt die Behandlung und wird zur gemeinsamen Anwendung mit Cyano Clean empfohlen. W\u00e4hrend der Anwendung ist es ratsam, die F\u00f6rderpumpe vor\u00fcbergehend auszuschalten, damit Cyano Clean effektiver wirken kann.<\/p>\n<p><strong>Dosierung:<\/strong> 2 Tropfen pro 100 Liter t\u00e4glich.<\/p>\n","protected":false},"excerpt":{"rendered":"<p>Cyano Clean from KorallenZucht are special bacteria that successfully repel cyanobacteria<\/p>\n","protected":false},"featured_media":77352,"template":"","meta":[],"pwb-brand":[2159],"product_cat":[1531,1391,1390],"product_tag":[],"class_list":{"0":"post-88631","1":"product","2":"type-product","3":"status-publish","4":"has-post-thumbnail","6":"pwb-brand-korallen-zucht","7":"product_cat-cyano-kontrolle","8":"product_cat-ergaenzungen","9":"product_cat-medikamente","11":"first","12":"instock","13":"taxable","14":"shipping-taxable","15":"purchasable","16":"product-type-simple"},"acf":[],"brands":[{"id":2159,"name":"Korallen Zucht","slug":"korallen-zucht"}],"_links":{"self":[{"href":"https:\/\/www.seaflowerstore.com\/de\/wp-json\/wp\/v2\/product\/88631","targetHints":{"allow":["GET"]}}],"collection":[{"href":"https:\/\/www.seaflowerstore.com\/de\/wp-json\/wp\/v2\/product"}],"about":[{"href":"https:\/\/www.seaflowerstore.com\/de\/wp-json\/wp\/v2\/types\/product"}],"wp:featuredmedia":[{"embeddable":true,"href":"https:\/\/www.seaflowerstore.com\/de\/wp-json\/wp\/v2\/media\/77352"}],"wp:attachment":[{"href":"https:\/\/www.seaflowerstore.com\/de\/wp-json\/wp\/v2\/media?parent=88631"}],"wp:term":[{"taxonomy":"pwb-brand","embeddable":true,"href":"https:\/\/www.seaflowerstore.com\/de\/wp-json\/wp\/v2\/pwb-brand?post=88631"},{"taxonomy":"product_cat","embeddable":true,"href":"https:\/\/www.seaflowerstore.com\/de\/wp-json\/wp\/v2\/product_cat?post=88631"},{"taxonomy":"product_tag","embeddable":true,"href":"https:\/\/www.seaflowerstore.com\/de\/wp-json\/wp\/v2\/product_tag?post=88631"}],"curies":[{"name":"wp","href":"https:\/\/api.w.org\/{rel}","templated":true}]}}