{"id":88633,"date":"2013-08-08T14:11:56","date_gmt":"2013-08-08T12:11:56","guid":{"rendered":"https:\/\/www.seaflowerstore.com\/nl\/vertex-titanium-grounding-pole\/"},"modified":"2025-03-03T16:00:57","modified_gmt":"2025-03-03T15:00:57","slug":"vertex-titanium-grounding-pole","status":"publish","type":"product","link":"https:\/\/www.seaflowerstore.com\/de\/vertex-titanium-grounding-pole\/","title":{"rendered":"Vertex Titanium grounding pole"},"content":{"rendered":"<h2>Vertex Titanium grounding pole prevents annoying shocks in the water if you have a defective device<\/h2>\n<p>Der Erdungsstift Vertex Titanium wurde entwickelt, um l\u00e4stige Stromschl\u00e4ge zu vermeiden, die bei der Verwendung eines defekten Ger\u00e4ts auftreten k\u00f6nnen. H\u00e4ngen Sie den Erdungsstift einfach ins Wasser und stellen Sie sicher, dass der Stecker an eine Steckdose mit wirksamer Erdung angeschlossen ist.<\/p>\n<p><strong>Wichtig:<\/strong> Dieses Ger\u00e4t verwendet einen <strong>SCHUKO-Stecker<\/strong>.<\/p>\n","protected":false},"excerpt":{"rendered":"<p>The grounding pin is hanging in the water and the plug must be plugged into a wall outlet with a peripheral connection.<\/p>\n","protected":false},"featured_media":77347,"template":"","meta":[],"pwb-brand":[2121],"product_cat":[1431],"product_tag":[],"class_list":{"0":"post-88633","1":"product","2":"type-product","3":"status-publish","4":"has-post-thumbnail","6":"pwb-brand-vertex","7":"product_cat-nuetzliche-artikel","9":"first","10":"instock","11":"sale","12":"taxable","13":"shipping-taxable","14":"purchasable","15":"product-type-simple"},"acf":[],"brands":[{"id":2121,"name":"Vertex","slug":"vertex"}],"_links":{"self":[{"href":"https:\/\/www.seaflowerstore.com\/de\/wp-json\/wp\/v2\/product\/88633","targetHints":{"allow":["GET"]}}],"collection":[{"href":"https:\/\/www.seaflowerstore.com\/de\/wp-json\/wp\/v2\/product"}],"about":[{"href":"https:\/\/www.seaflowerstore.com\/de\/wp-json\/wp\/v2\/types\/product"}],"wp:featuredmedia":[{"embeddable":true,"href":"https:\/\/www.seaflowerstore.com\/de\/wp-json\/wp\/v2\/media\/77347"}],"wp:attachment":[{"href":"https:\/\/www.seaflowerstore.com\/de\/wp-json\/wp\/v2\/media?parent=88633"}],"wp:term":[{"taxonomy":"pwb-brand","embeddable":true,"href":"https:\/\/www.seaflowerstore.com\/de\/wp-json\/wp\/v2\/pwb-brand?post=88633"},{"taxonomy":"product_cat","embeddable":true,"href":"https:\/\/www.seaflowerstore.com\/de\/wp-json\/wp\/v2\/product_cat?post=88633"},{"taxonomy":"product_tag","embeddable":true,"href":"https:\/\/www.seaflowerstore.com\/de\/wp-json\/wp\/v2\/product_tag?post=88633"}],"curies":[{"name":"wp","href":"https:\/\/api.w.org\/{rel}","templated":true}]}}