{"id":88635,"date":"2013-07-29T21:16:41","date_gmt":"2013-07-29T19:16:41","guid":{"rendered":"https:\/\/www.seaflowerstore.com\/nl\/fauna-marin-calcium-mix-4kg-balling-salt\/"},"modified":"2024-03-20T16:16:32","modified_gmt":"2024-03-20T15:16:32","slug":"fauna-marin-calcium-mix-4kg-balling-salt","status":"publish","type":"product","link":"https:\/\/www.seaflowerstore.com\/de\/fauna-marin-calcium-mix-4kg-balling-salt\/","title":{"rendered":"Fauna Marin Calcium MIX 4kg balling salt"},"content":{"rendered":"<h2>Fauna Marin Calcium MIX 4kg balling salt<\/h2>\n<p>Fr\u00fcher bekannt als <strong>Calciumchlorid-Dihydrat<\/strong>, ist dieses Produkt unverzichtbar f\u00fcr die Erhaltung eines lebendigen Heimriffs. Korallen und Algen sind f\u00fcr ihr Wachstum auf Kalzium, Magnesium und andere Mineralien sowie Spurenelemente angewiesen. Um sicherzustellen, dass sie gedeihen, ist es wichtig, diese Elemente regelm\u00e4\u00dfig aufzuf\u00fcllen.<\/p>\n<p>Eine effektive M\u00f6glichkeit, dies zu erreichen, ist die <strong>Balling-Methode<\/strong>, die unter Riffliebhabern an Beliebtheit gewonnen hat. Fauna Marin bietet eine umfassende Produktpalette, die speziell f\u00fcr diese Methode entwickelt wurde und die eine einfache Auff\u00fcllung von Kalzium, Magnesium, Karbonaten und anderen Spurenelementen in Ihrem Aquarium gew\u00e4hrleistet. Fauna Marin bleibt seinen Grunds\u00e4tzen treu und betont, dass die besten Ergebnisse durch die Verwendung reinster Chemikalien erzielt werden.<\/p>\n<p><strong>BEN\u00d6TIGTE BALLING-SALZE<\/strong><\/p>\n<ul>\n<li>Calciumchlorid-Dihydrat<\/li>\n<li>Magnesiumchlorid-Hexahydrat<\/li>\n<li>Magnesiumsulfat-Heptahydrat<\/li>\n<li>Natriumbicarbonat<\/li>\n<li>NaCl-freies Salz<\/li>\n<\/ul>\n","protected":false},"excerpt":{"rendered":"<p>Fauna Marin Calcium MIX 4kg balling salt<\/p>\n","protected":false},"featured_media":83681,"template":"","meta":[],"pwb-brand":[2177],"product_cat":[1391,1437],"product_tag":[],"class_list":{"0":"post-88635","1":"product","2":"type-product","3":"status-publish","4":"has-post-thumbnail","6":"pwb-brand-fauna-marin","7":"product_cat-ergaenzungen","8":"product_cat-fauna-marin-de","10":"first","11":"outofstock","12":"taxable","13":"shipping-taxable","14":"purchasable","15":"product-type-simple"},"acf":[],"brands":[{"id":2177,"name":"Fauna Marin","slug":"fauna-marin"}],"_links":{"self":[{"href":"https:\/\/www.seaflowerstore.com\/de\/wp-json\/wp\/v2\/product\/88635","targetHints":{"allow":["GET"]}}],"collection":[{"href":"https:\/\/www.seaflowerstore.com\/de\/wp-json\/wp\/v2\/product"}],"about":[{"href":"https:\/\/www.seaflowerstore.com\/de\/wp-json\/wp\/v2\/types\/product"}],"wp:featuredmedia":[{"embeddable":true,"href":"https:\/\/www.seaflowerstore.com\/de\/wp-json\/wp\/v2\/media\/83681"}],"wp:attachment":[{"href":"https:\/\/www.seaflowerstore.com\/de\/wp-json\/wp\/v2\/media?parent=88635"}],"wp:term":[{"taxonomy":"pwb-brand","embeddable":true,"href":"https:\/\/www.seaflowerstore.com\/de\/wp-json\/wp\/v2\/pwb-brand?post=88635"},{"taxonomy":"product_cat","embeddable":true,"href":"https:\/\/www.seaflowerstore.com\/de\/wp-json\/wp\/v2\/product_cat?post=88635"},{"taxonomy":"product_tag","embeddable":true,"href":"https:\/\/www.seaflowerstore.com\/de\/wp-json\/wp\/v2\/product_tag?post=88635"}],"curies":[{"name":"wp","href":"https:\/\/api.w.org\/{rel}","templated":true}]}}